{"id":521994,"date":"2019-02-12T14:58:59","date_gmt":"2019-02-12T14:58:59","guid":{"rendered":"https:\/\/hoferhof.eu\/cookies-2\/"},"modified":"2026-03-25T07:32:56","modified_gmt":"2026-03-25T07:32:56","slug":"cookies","status":"publish","type":"page","link":"https:\/\/hoferhof.eu\/it\/cookies\/","title":{"rendered":"Cookies"},"content":{"rendered":"<div class=\"wpb-content-wrapper\"><p>[vc_row][vc_column][vc_empty_space][vc_column_text]<\/p>\n<h1>Cosa sono i cookies?<\/h1>\n<p>I cookie HTTP (pi\u00f9 comunemente denominati Web cookie, tracking cookie o semplicemente cookie) sono righe di testo usate per eseguire autenticazioni automatiche, tracciatura di sessioni e memorizzazione di informazioni specifiche riguardanti gli utenti che accedono al server, come ad esempio siti web preferiti o, in caso di acquisti via internet, il contenuto dei loro &#8220;carrelli della spesa&#8221;.<\/p>\n<p>Nel dettaglio, sono stringhe di testo di piccola dimensione inviate da un server ad un Web client (di solito un browser) e poi rimandati indietro dal client al server (senza subire modifiche) ogni volta che il client accede alla stessa porzione dello stesso dominio web. Il termine &#8220;cookie&#8221; \u2013 letteralmente &#8220;biscotto&#8221; \u2013 deriva da magic cookie (biscotto magico), concetto noto in ambiente UNIX che ha ispirato sia l&#8217;idea che il nome dei cookie HTTP.<\/p>\n<p>Ogni dominio o sua porzione che viene visitata col browser pu\u00f2 impostare dei cookie. Poich\u00e9 una tipica paginaInternet, ad esempio quella di un giornale in rete, contiene oggetti che provengono da molti domini diversi e ognuno di essi pu\u00f2 impostare cookie, \u00e8 normale ospitare nel proprio browser molte centinaia di cookie.<\/p>\n<h2>Preferenze:<\/h2>\n<p>Questi cookie permettono ai nostri siti web di memorizzare informazioni che modificano il comportamento o l&#8217;aspetto dei siti stessi, come la lingua preferita o l&#8217;area geografica in cui ti trovi. Memorizzando l&#8217;area geografica, ad esempio, un sito web potrebbe essere in grado di offrirti previsioni meteo locali o notizie sul traffico locale. I cookie possono anche aiutarti a modificare le dimensioni del testo, il tipo di carattere e altre parti personalizzabili delle pagine web.<\/p>\n<p>La perdita delle informazioni memorizzate in un cookie delle preferenze potrebbe rendere meno funzionale l&#8217;esperienza sul sito web ma non dovrebbe comprometterne il funzionamento.<\/p>\n<p>La maggior parte degli utenti di Google ha un cookie delle preferenze chiamato &#8220;PREF&#8221; nei browser. Un browser invia questo cookie con le richieste ai siti di Google. Il cookie PREF potrebbe memorizzare le tue preferenze e altre informazioni, in particolare la tua lingua preferita (ad esempio l&#8217;italiano), il numero di risultati di ricerca che desideri visualizzare per ogni pagina (ad esempio 10 o 20) e la tua preferenza di attivazione del filtro SafeSearch di Google.<\/p>\n<h2>Sicurezza:<\/h2>\n<p>Utilizziamo i cookie di sicurezza per autenticare gli utenti, prevenire l&#8217;uso fraudolento delle credenziali di accesso e proteggere i dati degli utenti da soggetti non autorizzati.<\/p>\n<p>Ad esempio, utilizziamo cookie chiamati &#8220;SID&#8221; e &#8220;HSID&#8221; contenenti record con firma digitale e crittografati per l&#8217;ID dell&#8217;account Google di un utente e per la sua data di accesso pi\u00f9 recente. La combinazione di questi due cookie ci permette di bloccare molti tipi di attacchi, ad esempio i tentativi di rubare i contenuti dei moduli che completi sulle pagine web.<\/p>\n<h2>Processi:<\/h2>\n<p>I cookie dei processi contribuiscono al funzionamento dei siti web e all&#8217;offerta dei servizi che i visitatori si aspettano di trovarvi, ad esempio la possibilit\u00e0 di navigare tra le pagine o di accedere ad aree protette del sito. Senza questi cookie, il sito non pu\u00f2 funzionare correttamente.<\/p>\n<p>Ad esempio, utilizziamo un cookie chiamato &#8220;lbcs&#8221; che consente a Google Documenti di aprire molti documenti in un unico browser. Il blocco di questo cookie potrebbe compromettere il corretto funzionamento di Google Documenti.<\/p>\n<h2>Pubblicit\u00e0:<\/h2>\n<p>Utilizziamo i cookie per rendere la pubblicit\u00e0 pi\u00f9 coinvolgente per gli utenti e pi\u00f9 utile per publisher e inserzionisti. Alcuni impieghi comuni dei cookie includono la selezione della pubblicit\u00e0 in base a ci\u00f2 che \u00e8 pertinente per un utente, il miglioramento dei rapporti sul rendimento delle campagne e la possibilit\u00e0 di evitare la visualizzazione di annunci che l&#8217;utente ha gi\u00e0 visto.<\/p>\n<p>Google utilizza i cookie, come i cookie PREF, NID e SID, per contribuire alla personalizzazione degli annunci nelle propriet\u00e0 di Google, come la Ricerca Google. Ad esempio, li utilizziamo per memorizzare le tue ricerche pi\u00f9 recenti, le tue interazioni precedenti con gli annunci di un inserzionista o i risultati di ricerca e le tue visite al sito web di un inserzionista. In questo modo possiamo mostrarti annunci personalizzati su Google.<\/p>\n<p>Utilizziamo inoltre i cookie per la pubblicit\u00e0 che pubblichiamo in tutto il Web. Il nostro cookie principale per la pubblicit\u00e0 su siti non Google si chiama &#8220;id&#8221; e viene memorizzato nel browser sotto il dominio doubleclick.net. Ne utilizziamo anche altri con nomi quali _drt_, FLC ed exchange_uid.<\/p>\n<p>A volte, \u00e8 possibile che venga impostato un cookie sul dominio del sito che stai visitando. Nel caso del nostro prodotto DoubleClick, potrebbe essere impostato un cookie chiamato &#8220;__gads&#8221; sul dominio del sito che stai visitando.<\/p>\n<p>Anche altre propriet\u00e0 di Google, come YouTube, potrebbero utilizzare cookie di DoubleClick per mostrare annunci pi\u00f9 pertinenti. Scopri ulteriori informazioni sugli <a href=\"http:\/\/www.youtube.com\/t\/interest_based_ads\">annunci e YouTube<\/a>.<\/p>\n<p>Google utilizza inoltre cookie delle conversioni il cui scopo principale \u00e8 consentire agli inserzionisti di determinare quante persone che fanno clic sui loro annunci finiscono per acquistare i loro prodotti. Questi cookie consentono a Google e all&#8217;inserzionista di stabilire che hai fatto clic sull&#8217;annuncio e poi visitato il sito dell&#8217;inserzionista. I cookie delle conversioni non vengono visualizzati da Google per il targeting degli annunci basato sugli interessi e persistono per un periodo di tempo limitato. Questi cookie sono generalmente impostati nel dominio googleadservices.com o google.com\/ads. I dati dei cookie delle conversioni potrebbero essere utilizzati anche in associazione al tuo account Google per collegare eventi di conversione fra i vari dispositivi che utilizzi. Vengono condivisi con gli inserzionisti solo dati delle conversioni anonimi raccolti attraverso questi cookie.<\/p>\n<p>Anche alcuni degli altri cookie potrebbero essere utilizzati per misurare gli eventi di conversione. Ad esempio, anche i cookie di DoubleClick e Google Analytics potrebbero essere utilizzati a questo scopo ed essere impostati nel dominio che stai visitando.<\/p>\n<h2>Stato della sessione:<\/h2>\n<p>I siti web spesso raccolgono informazioni sul modo in cui gli utenti interagiscono con essi. Ci\u00f2 pu\u00f2 includere le pagine visitate pi\u00f9 spesso dagli utenti e l&#8217;eventualit\u00e0 che gli utenti ricevano messaggi di errore da determinate pagine. Utilizziamo questi &#8220;cookie relativi allo stato della sessione&#8221; per migliorare i nostri servizi e l&#8217;esperienza di navigazione dei nostri utenti. Il blocco o l&#8217;eliminazione di questi cookie non render\u00e0 inutilizzabile il sito web.<\/p>\n<p>Questi cookie potrebbero essere utilizzati anche per misurare l&#8217;efficacia della pubblicit\u00e0 PPC (Pay Per Click) e della pubblicit\u00e0 affiliata.<\/p>\n<p>Ad esempio, utilizziamo un cookie chiamato &#8220;recently_watched_video_id_list&#8221; per consentire a YouTube di registrare i video guardati pi\u00f9 di recente da un determinato browser.<\/p>\n<h2>Google-Analytics:<\/h2>\n<p>Google Analytics \u00e8 uno strumento di analisi di Google che aiuta i proprietari di siti web e app a capire come i visitatori interagiscono con i contenuti di loro propriet\u00e0. Si pu\u00f2 utilizzare un set di cookie per raccogliere informazioni e generare statistiche di utilizzo del sito web senza identificazione personale dei singoli visitatori da parte di Google.<\/p>\n<p>Oltre a generare rapporti sulle statistiche di utilizzo dei siti web, il tag pixel di Google Analytics pu\u00f2 essere utilizzato, insieme ad alcuni cookie per la pubblicit\u00e0 descritti sopra, per consentirci di mostrare risultati pi\u00f9 pertinenti nelle propriet\u00e0 di Google (come la Ricerca Google) e in tutto il Web.<\/p>\n<p>Leggi ulteriori informazioni su <a href=\"https:\/\/developers.google.com\/analytics\/resources\/concepts\/gaConceptsCookies\">cookie di Analytics e privacy<\/a>.<\/p>\n<h1>Eliminare e gestire i cookie<\/h1>\n<p>Alcune persone preferiscono non abilitare i cookie e per questo motivo quasi tutti i browser offrono la possibilit\u00e0 di gestirli in modo da rispettare le preferenze degli utenti.<\/p>\n<p>In alcuni browser \u00e8 possibile impostare regole per gestire i cookie sito per sito, opzione che ti offre un controllo pi\u00f9 preciso sulla tua privacy. Ci\u00f2 significa che puoi disabilitare i cookie di tutti i siti, ad eccezione di quelli di cui ti fidi.<\/p>\n<p><strong>Internet Explorer<\/strong><\/p>\n<p>1. Fare clic sul pulsante Strumenti e quindi su Opzioni Internet.<br \/>\n2. Fare clic sulla scheda Privacy e in Impostazioni spostare il dispositivo di scorrimento verso l&#8217;alto per bloccare tutti i cookie oppure verso il basso per consentirli tutti e quindi fare clic su OK.<\/p>\n<p><strong>Firefox<\/strong><\/p>\n<p>1. Fare clic sul pulsante dei menu e selezionare Opzioni.<br \/>\n2. Selezionare il pannello Privacy.<br \/>\n3. Alla voce Impostazioni cronologia selezionare l&#8217;opzione utilizza impostazioni personalizzate.<br \/>\n4. Rimuovere il contrassegno da Accetta i cookie dai siti.<br \/>\n5. Fare clic su OK per chiudere la finestra delle opzioni.<\/p>\n<p><strong>Google Chrome<\/strong><\/p>\n<p>1. Seleziona l&#8217;icona del menu Chrome .<br \/>\n2. Seleziona Impostazioni.<br \/>\n3. Nella parte inferiore della pagina, seleziona Mostra impostazioni avanzate.<br \/>\n4. Nella sezione &#8220;Privacy&#8221;, seleziona Impostazioni contenuti.<br \/>\n5. Seleziona Impedisci ai siti di impostare dati.<br \/>\n6. Seleziona Fine.<\/p>\n<p>In forza di tale distinzione,l\u2019utente potr\u00e0 procedere alla disabilitazione e\/o cancellazione dei cookie(\u201copt-out\u201d) mediante le relative impostazioni del proprio browser e alla disabilitazione e\/o cancellazione dei singoli cookie non \u201ctecnici\u201dsomministrati dalle terze parti accedendo al sito web gestito da European Interactive Digital Advertising Alliance(EDAA)all\u2019indirizzo <a href=\"http:\/\/www.youronlinechoices.eu\">www.youronlinechoices.eu<\/a><\/p>\n<h1>Cookies usati:<\/h1>\n<table>\n<tbody>\n<tr>\n<th>Cookie nome<\/th>\n<th>Tempo di scadenza<\/th>\n<th>Descrizione<\/th>\n<\/tr>\n<tr>\n<td>_ga<\/td>\n<td>1 anno<\/td>\n<td>utlizzato per distinguere utenti<\/td>\n<\/tr>\n<tr>\n<td>_gat<\/td>\n<td>10 minuti<\/td>\n<td>utilizzato per creare oggetti per il Tracker<\/td>\n<\/tr>\n<tr>\n<td>__utma<\/td>\n<td>1 anno<\/td>\n<td>Questo cookie contiene informazioni su: quando l\u2019utente ha visitato per la prima volta il sito, quando \u00e8 stata l\u2019ultima visita e quante volte lo ha visitato.<\/td>\n<\/tr>\n<tr>\n<td>__utmt<\/td>\n<td>10 minuti<\/td>\n<td>utilizzato per creare oggetti per il Tracker<\/td>\n<\/tr>\n<tr>\n<td>__utmb<\/td>\n<td>30 minuti<\/td>\n<td>Questo cookie memorizza quando l\u2019utente ha caricato il sito. In combinazione al cookie __utmc questo cookie pu\u00f2 dare informazioni sulla durata della visita dell\u2019utente.<\/td>\n<\/tr>\n<tr>\n<td>__utmc<\/td>\n<td>fino a fine sessione<\/td>\n<td>Contiene informazioni su quale sito ha visitato l\u2019utente prima di arrivare sul sito in questione. Possono esserci salvati anche informazioni sul motore di ricerca e le parole di ricerca utilizzate o dove \u00e8 registrato l\u2019indirizzo IP.<\/td>\n<\/tr>\n<tr>\n<td>__utmz<\/td>\n<td>6 mesi<\/td>\n<td>Contiene informazioni su quale sito ha visitato l\u2019utente prima di arrivare sul sito in questione. Possono esserci salvati anche informazioni sul motore di ricerca e le parole di ricerca utilizzate o dove \u00e8 registrato l\u2019indirizzo IP.<\/td>\n<\/tr>\n<tr>\n<td>__utmv<\/td>\n<td>1 anno<\/td>\n<td>Questo cookie serve per contenuti individuali e viene utilizzato per analisi definite dall\u2019utente.<\/td>\n<\/tr>\n<tr>\n<td>SLnewses<\/td>\n<td>fino a fine sessione<\/td>\n<td>Viene utilizzato per determinare la lingua dell&#8217;utente.<\/td>\n<\/tr>\n<tr>\n<td>PHPSESSID<\/td>\n<td>fino a fine sessione<\/td>\n<td>Si registra l&#8217;orario di inizio della sessione di navigazione per il caching e migliora la capacit\u00e0 di risposta del sito web. Si tratta di un cookie di sessione.<\/td>\n<\/tr>\n<tr>\n<td>_icl_current_language<\/td>\n<td>per sempre<\/td>\n<td>Viene utilizzato per distinguere il linguaggio degli utenti e sessioni.<\/td>\n<\/tr>\n<tr>\n<td>wp-settings-1<\/td>\n<td>1 anno<\/td>\n<td>Il numero alla fine \u00e8 l&#8217;ID utente individuale dalla tabella del database degli utenti.Questo cookie viene utilizzato per regolare la visualizzazione dell&#8217;interfaccia d&#8217;amministrazione.<\/td>\n<\/tr>\n<tr>\n<td>wp-settings-time<\/td>\n<td>1 anno<\/td>\n<td>Questo cookie viene utilizzato per personalizzare l&#8217;attesa amministratore.<\/td>\n<\/tr>\n<tr>\n<td>__atuvc<\/td>\n<td>1 anno<\/td>\n<td>Questo cookie \u00e8 necessaria da AddThis.com, un servizio di condivisione sociale da Clearspring Technologies Inc. Il cookie viene utilizzato per garantire che l&#8217;utente vede il numero aggiornato corretto se si visita una pagina.<\/td>\n<\/tr>\n<tr>\n<td>SESS<\/td>\n<td>fino a fine sessione<\/td>\n<td>Questo cookie consente la registrazione e la memoria di voci in moduli di contatto. Questo cookie \u00e8 fondamentale per la funzionalit\u00e0 liscia siti web e usabilit\u00e0.<\/td>\n<\/tr>\n<\/tbody>\n<\/table>\n<p>[\/vc_column_text][\/vc_column][\/vc_row][vc_row][vc_column][vc_empty_space height=&#8221;60px&#8221;][\/vc_column][\/vc_row]<\/p>\n<\/div>","protected":false},"excerpt":{"rendered":"<p>[vc_row][vc_column][vc_empty_space][vc_column_text] Cosa sono i cookies? I cookie HTTP (pi\u00f9 comunemente denominati Web cookie, tracking cookie o semplicemente cookie) sono righe di testo usate per eseguire autenticazioni automatiche, tracciatura di sessioni e memorizzazione di informazioni specifiche riguardanti gli utenti che accedono al server, come ad esempio siti web preferiti o, in caso di acquisti via internet, [&hellip;]<\/p>\n","protected":false},"author":1,"featured_media":0,"parent":0,"menu_order":0,"comment_status":"closed","ping_status":"closed","template":"","meta":{"footnotes":""},"class_list":["post-521994","page","type-page","status-publish","hentry"],"yoast_head":"<!-- This site is optimized with the Yoast SEO plugin v25.1 - https:\/\/yoast.com\/wordpress\/plugins\/seo\/ -->\n<title>Cookies - Hofer Hof<\/title>\n<meta name=\"robots\" content=\"index, follow, max-snippet:-1, max-image-preview:large, max-video-preview:-1\" \/>\n<link rel=\"canonical\" href=\"https:\/\/hoferhof.eu\/it\/cookies\/\" \/>\n<meta property=\"og:locale\" content=\"it_IT\" \/>\n<meta property=\"og:type\" content=\"article\" \/>\n<meta property=\"og:title\" content=\"Cookies - Hofer Hof\" \/>\n<meta property=\"og:description\" content=\"[vc_row][vc_column][vc_empty_space][vc_column_text] Cosa sono i cookies? I cookie HTTP (pi\u00f9 comunemente denominati Web cookie, tracking cookie o semplicemente cookie) sono righe di testo usate per eseguire autenticazioni automatiche, tracciatura di sessioni e memorizzazione di informazioni specifiche riguardanti gli utenti che accedono al server, come ad esempio siti web preferiti o, in caso di acquisti via internet, [&hellip;]\" \/>\n<meta property=\"og:url\" content=\"https:\/\/hoferhof.eu\/it\/cookies\/\" \/>\n<meta property=\"og:site_name\" content=\"Hofer Hof\" \/>\n<meta property=\"article:modified_time\" content=\"2026-03-25T07:32:56+00:00\" \/>\n<meta name=\"twitter:label1\" content=\"Tempo di lettura stimato\" \/>\n\t<meta name=\"twitter:data1\" content=\"9 minuti\" \/>\n<script type=\"application\/ld+json\" class=\"yoast-schema-graph\">{\"@context\":\"https:\/\/schema.org\",\"@graph\":[{\"@type\":\"WebPage\",\"@id\":\"https:\/\/hoferhof.eu\/it\/cookies\/\",\"url\":\"https:\/\/hoferhof.eu\/it\/cookies\/\",\"name\":\"Cookies - Hofer Hof\",\"isPartOf\":{\"@id\":\"https:\/\/hoferhof.eu\/en\/#website\"},\"datePublished\":\"2019-02-12T14:58:59+00:00\",\"dateModified\":\"2026-03-25T07:32:56+00:00\",\"breadcrumb\":{\"@id\":\"https:\/\/hoferhof.eu\/it\/cookies\/#breadcrumb\"},\"inLanguage\":\"it-IT\",\"potentialAction\":[{\"@type\":\"ReadAction\",\"target\":[\"https:\/\/hoferhof.eu\/it\/cookies\/\"]}]},{\"@type\":\"BreadcrumbList\",\"@id\":\"https:\/\/hoferhof.eu\/it\/cookies\/#breadcrumb\",\"itemListElement\":[{\"@type\":\"ListItem\",\"position\":1,\"name\":\"Home\",\"item\":\"https:\/\/hoferhof.eu\/it\/\"},{\"@type\":\"ListItem\",\"position\":2,\"name\":\"Cookies\"}]},{\"@type\":\"WebSite\",\"@id\":\"https:\/\/hoferhof.eu\/en\/#website\",\"url\":\"https:\/\/hoferhof.eu\/en\/\",\"name\":\"Hofer Hof\",\"description\":\"\",\"publisher\":{\"@id\":\"https:\/\/hoferhof.eu\/en\/#organization\"},\"potentialAction\":[{\"@type\":\"SearchAction\",\"target\":{\"@type\":\"EntryPoint\",\"urlTemplate\":\"https:\/\/hoferhof.eu\/en\/?s={search_term_string}\"},\"query-input\":{\"@type\":\"PropertyValueSpecification\",\"valueRequired\":true,\"valueName\":\"search_term_string\"}}],\"inLanguage\":\"it-IT\"},{\"@type\":\"Organization\",\"@id\":\"https:\/\/hoferhof.eu\/en\/#organization\",\"name\":\"Hofer Hof\",\"url\":\"https:\/\/hoferhof.eu\/en\/\",\"logo\":{\"@type\":\"ImageObject\",\"inLanguage\":\"it-IT\",\"@id\":\"https:\/\/hoferhof.eu\/en\/#\/schema\/logo\/image\/\",\"url\":\"https:\/\/hoferhof.eu\/wp-content\/uploads\/2026\/01\/mss_renderimg.jpg\",\"contentUrl\":\"https:\/\/hoferhof.eu\/wp-content\/uploads\/2026\/01\/mss_renderimg.jpg\",\"width\":1280,\"height\":719,\"caption\":\"Hofer Hof\"},\"image\":{\"@id\":\"https:\/\/hoferhof.eu\/en\/#\/schema\/logo\/image\/\"}}]}<\/script>\n<!-- \/ Yoast SEO plugin. -->","yoast_head_json":{"title":"Cookies - Hofer Hof","robots":{"index":"index","follow":"follow","max-snippet":"max-snippet:-1","max-image-preview":"max-image-preview:large","max-video-preview":"max-video-preview:-1"},"canonical":"https:\/\/hoferhof.eu\/it\/cookies\/","og_locale":"it_IT","og_type":"article","og_title":"Cookies - Hofer Hof","og_description":"[vc_row][vc_column][vc_empty_space][vc_column_text] Cosa sono i cookies? I cookie HTTP (pi\u00f9 comunemente denominati Web cookie, tracking cookie o semplicemente cookie) sono righe di testo usate per eseguire autenticazioni automatiche, tracciatura di sessioni e memorizzazione di informazioni specifiche riguardanti gli utenti che accedono al server, come ad esempio siti web preferiti o, in caso di acquisti via internet, [&hellip;]","og_url":"https:\/\/hoferhof.eu\/it\/cookies\/","og_site_name":"Hofer Hof","article_modified_time":"2026-03-25T07:32:56+00:00","twitter_misc":{"Tempo di lettura stimato":"9 minuti"},"schema":{"@context":"https:\/\/schema.org","@graph":[{"@type":"WebPage","@id":"https:\/\/hoferhof.eu\/it\/cookies\/","url":"https:\/\/hoferhof.eu\/it\/cookies\/","name":"Cookies - Hofer Hof","isPartOf":{"@id":"https:\/\/hoferhof.eu\/en\/#website"},"datePublished":"2019-02-12T14:58:59+00:00","dateModified":"2026-03-25T07:32:56+00:00","breadcrumb":{"@id":"https:\/\/hoferhof.eu\/it\/cookies\/#breadcrumb"},"inLanguage":"it-IT","potentialAction":[{"@type":"ReadAction","target":["https:\/\/hoferhof.eu\/it\/cookies\/"]}]},{"@type":"BreadcrumbList","@id":"https:\/\/hoferhof.eu\/it\/cookies\/#breadcrumb","itemListElement":[{"@type":"ListItem","position":1,"name":"Home","item":"https:\/\/hoferhof.eu\/it\/"},{"@type":"ListItem","position":2,"name":"Cookies"}]},{"@type":"WebSite","@id":"https:\/\/hoferhof.eu\/en\/#website","url":"https:\/\/hoferhof.eu\/en\/","name":"Hofer Hof","description":"","publisher":{"@id":"https:\/\/hoferhof.eu\/en\/#organization"},"potentialAction":[{"@type":"SearchAction","target":{"@type":"EntryPoint","urlTemplate":"https:\/\/hoferhof.eu\/en\/?s={search_term_string}"},"query-input":{"@type":"PropertyValueSpecification","valueRequired":true,"valueName":"search_term_string"}}],"inLanguage":"it-IT"},{"@type":"Organization","@id":"https:\/\/hoferhof.eu\/en\/#organization","name":"Hofer Hof","url":"https:\/\/hoferhof.eu\/en\/","logo":{"@type":"ImageObject","inLanguage":"it-IT","@id":"https:\/\/hoferhof.eu\/en\/#\/schema\/logo\/image\/","url":"https:\/\/hoferhof.eu\/wp-content\/uploads\/2026\/01\/mss_renderimg.jpg","contentUrl":"https:\/\/hoferhof.eu\/wp-content\/uploads\/2026\/01\/mss_renderimg.jpg","width":1280,"height":719,"caption":"Hofer Hof"},"image":{"@id":"https:\/\/hoferhof.eu\/en\/#\/schema\/logo\/image\/"}}]}},"_links":{"self":[{"href":"https:\/\/hoferhof.eu\/it\/wp-json\/wp\/v2\/pages\/521994","targetHints":{"allow":["GET"]}}],"collection":[{"href":"https:\/\/hoferhof.eu\/it\/wp-json\/wp\/v2\/pages"}],"about":[{"href":"https:\/\/hoferhof.eu\/it\/wp-json\/wp\/v2\/types\/page"}],"author":[{"embeddable":true,"href":"https:\/\/hoferhof.eu\/it\/wp-json\/wp\/v2\/users\/1"}],"replies":[{"embeddable":true,"href":"https:\/\/hoferhof.eu\/it\/wp-json\/wp\/v2\/comments?post=521994"}],"version-history":[{"count":2,"href":"https:\/\/hoferhof.eu\/it\/wp-json\/wp\/v2\/pages\/521994\/revisions"}],"predecessor-version":[{"id":521999,"href":"https:\/\/hoferhof.eu\/it\/wp-json\/wp\/v2\/pages\/521994\/revisions\/521999"}],"wp:attachment":[{"href":"https:\/\/hoferhof.eu\/it\/wp-json\/wp\/v2\/media?parent=521994"}],"curies":[{"name":"wp","href":"https:\/\/api.w.org\/{rel}","templated":true}]}}