{"id":521982,"date":"2014-12-15T17:34:01","date_gmt":"2014-12-15T17:34:01","guid":{"rendered":"https:\/\/hoferhof.eu\/impressum-2\/"},"modified":"2024-09-06T07:42:25","modified_gmt":"2024-09-06T07:42:25","slug":"impressum","status":"publish","type":"page","link":"https:\/\/hoferhof.eu\/it\/impressum\/","title":{"rendered":"Colophon"},"content":{"rendered":"<div class=\"wpb-content-wrapper\"><p>[vc_row][vc_column width=&#8221;1\/3&#8243;][vc_column_text]<strong>Responsabile dei contenuti:<\/strong><\/p>\n<p><strong>Pliger Anton &amp; Gabi<\/strong><\/p>\n<p>Schrambach 17<br \/>\nI-39040 Velturno<br \/>\nTel. +39 0472 855 329<\/p>\n<p>CIN: IT021116B5S45VNDZG<\/p>\n<p><a href=\"mailto:info@hoferhof.eu\">info@hoferhof.eu<\/a><br \/>\nP.Iva 01166200210[\/vc_column_text][\/vc_column][vc_column width=&#8221;1\/3&#8243;][vc_column_text]<strong>Realizzazione, Hosting<br \/>\n<\/strong><\/p>\n<p>fritzmedia<br \/>\nDomenikus Gruber<br \/>\nVia Josef Bacher 11<br \/>\n39040 Velturno<\/p>\n<p>info@fritzmedia.it<br \/>\nwww.fritzmedia.it<\/p>\n<p>Tel.: +39 349 804 1131<br \/>\nP.IVA 02456790217[\/vc_column_text][\/vc_column][vc_column width=&#8221;1\/3&#8243;][vc_column_text]<br \/>\n<strong>Concezzione grafica, Re-Design:<\/strong><\/p>\n<p>Leitner Graphics der Leitner Annelies<br \/>\nVia Josef-Telser 2<br \/>\n39040 Velturno<br \/>\n<a href=\"mailto:info@grafik.it\">info@grafik.it<\/a><br \/>\n<a href=\"http:\/\/www.grafik.it\">www.grafik.it<\/a>[\/vc_column_text][\/vc_column][\/vc_row][vc_row][vc_column][vc_column_text]<strong>Esclusione della responsabilit\u00e0:<\/strong><\/p>\n<p>Il proprietario non garantisce per l\u2019attualit\u00e0, la correttezza, la completezza e la qualit\u00e0 dei contenuti del sito e declina ogni responsabilit\u00e0, nei confronti dell\u2019utente e di terzi, per danni materiali e ideali derivanti dalla fruizione o non-fruizione di informazioni e servizi offerti sul sito, oppure derivanti dalla fruizione di informazioni errate o incomplete, non attribuibili a dolo o colpa grave. Inoltre, il proprietario non risponde di informazioni provenienti da altri siti internet, n\u00e9 di collegamenti e rimandi da essi pubblicati.<\/p>\n<p><strong>Informativa sulla privacy:<\/strong><\/p>\n<p>L\u2019informativa sulla privacy ai sensi dell\u2019art.13 del Codice in materia di protezione dei dati personali (legge 196\/03 ) \u00e8 consultabile <a title=\"Privacy\" href=\"http:\/\/www.garanteprivacy.it\/garante\/navig\/jsp\/index.jsp?folderpath=Normativa%2FItaliana%2FIl+Codice+in+materia+di+protezione+dei+dati+personali\" target=\"_blank\" rel=\"noopener\">qui<\/a>[\/vc_column_text][\/vc_column][\/vc_row]<\/p>\n<\/div>","protected":false},"excerpt":{"rendered":"<p>[vc_row][vc_column width=&#8221;1\/3&#8243;][vc_column_text]Responsabile dei contenuti: Pliger Anton &amp; Gabi Schrambach 17 I-39040 Velturno Tel. +39 0472 855 329 CIN: IT021116B5S45VNDZG info@hoferhof.eu P.Iva 01166200210[\/vc_column_text][\/vc_column][vc_column width=&#8221;1\/3&#8243;][vc_column_text]Realizzazione, Hosting fritzmedia Domenikus Gruber Via Josef Bacher 11 39040 Velturno info@fritzmedia.it www.fritzmedia.it Tel.: +39 349 804 1131 P.IVA 02456790217[\/vc_column_text][\/vc_column][vc_column width=&#8221;1\/3&#8243;][vc_column_text] Concezzione grafica, Re-Design: Leitner Graphics der Leitner Annelies Via Josef-Telser 2 39040 [&hellip;]<\/p>\n","protected":false},"author":1,"featured_media":0,"parent":0,"menu_order":0,"comment_status":"open","ping_status":"open","template":"","meta":{"footnotes":""},"class_list":["post-521982","page","type-page","status-publish","hentry"],"yoast_head":"<!-- This site is optimized with the Yoast SEO plugin v25.1 - https:\/\/yoast.com\/wordpress\/plugins\/seo\/ -->\n<title>Colophon - Hofer Hof<\/title>\n<meta name=\"robots\" content=\"index, follow, max-snippet:-1, max-image-preview:large, max-video-preview:-1\" \/>\n<link rel=\"canonical\" href=\"https:\/\/hoferhof.eu\/it\/impressum\/\" \/>\n<meta property=\"og:locale\" content=\"it_IT\" \/>\n<meta property=\"og:type\" content=\"article\" \/>\n<meta property=\"og:title\" content=\"Colophon - Hofer Hof\" \/>\n<meta property=\"og:description\" content=\"[vc_row][vc_column width=&#8221;1\/3&#8243;][vc_column_text]Responsabile dei contenuti: Pliger Anton &amp; Gabi Schrambach 17 I-39040 Velturno Tel. +39 0472 855 329 CIN: IT021116B5S45VNDZG info@hoferhof.eu P.Iva 01166200210[\/vc_column_text][\/vc_column][vc_column width=&#8221;1\/3&#8243;][vc_column_text]Realizzazione, Hosting fritzmedia Domenikus Gruber Via Josef Bacher 11 39040 Velturno info@fritzmedia.it www.fritzmedia.it Tel.: +39 349 804 1131 P.IVA 02456790217[\/vc_column_text][\/vc_column][vc_column width=&#8221;1\/3&#8243;][vc_column_text] Concezzione grafica, Re-Design: Leitner Graphics der Leitner Annelies Via Josef-Telser 2 39040 [&hellip;]\" \/>\n<meta property=\"og:url\" content=\"https:\/\/hoferhof.eu\/it\/impressum\/\" \/>\n<meta property=\"og:site_name\" content=\"Hofer Hof\" \/>\n<meta property=\"article:modified_time\" content=\"2024-09-06T07:42:25+00:00\" \/>\n<meta name=\"twitter:label1\" content=\"Tempo di lettura stimato\" \/>\n\t<meta name=\"twitter:data1\" content=\"1 minuto\" \/>\n<script type=\"application\/ld+json\" class=\"yoast-schema-graph\">{\"@context\":\"https:\/\/schema.org\",\"@graph\":[{\"@type\":\"WebPage\",\"@id\":\"https:\/\/hoferhof.eu\/it\/impressum\/\",\"url\":\"https:\/\/hoferhof.eu\/it\/impressum\/\",\"name\":\"Colophon - Hofer Hof\",\"isPartOf\":{\"@id\":\"https:\/\/hoferhof.eu\/en\/#website\"},\"datePublished\":\"2014-12-15T17:34:01+00:00\",\"dateModified\":\"2024-09-06T07:42:25+00:00\",\"breadcrumb\":{\"@id\":\"https:\/\/hoferhof.eu\/it\/impressum\/#breadcrumb\"},\"inLanguage\":\"it-IT\",\"potentialAction\":[{\"@type\":\"ReadAction\",\"target\":[\"https:\/\/hoferhof.eu\/it\/impressum\/\"]}]},{\"@type\":\"BreadcrumbList\",\"@id\":\"https:\/\/hoferhof.eu\/it\/impressum\/#breadcrumb\",\"itemListElement\":[{\"@type\":\"ListItem\",\"position\":1,\"name\":\"Home\",\"item\":\"https:\/\/hoferhof.eu\/it\/\"},{\"@type\":\"ListItem\",\"position\":2,\"name\":\"Colophon\"}]},{\"@type\":\"WebSite\",\"@id\":\"https:\/\/hoferhof.eu\/en\/#website\",\"url\":\"https:\/\/hoferhof.eu\/en\/\",\"name\":\"Hofer Hof\",\"description\":\"\",\"publisher\":{\"@id\":\"https:\/\/hoferhof.eu\/en\/#organization\"},\"potentialAction\":[{\"@type\":\"SearchAction\",\"target\":{\"@type\":\"EntryPoint\",\"urlTemplate\":\"https:\/\/hoferhof.eu\/en\/?s={search_term_string}\"},\"query-input\":{\"@type\":\"PropertyValueSpecification\",\"valueRequired\":true,\"valueName\":\"search_term_string\"}}],\"inLanguage\":\"it-IT\"},{\"@type\":\"Organization\",\"@id\":\"https:\/\/hoferhof.eu\/en\/#organization\",\"name\":\"Hofer Hof\",\"url\":\"https:\/\/hoferhof.eu\/en\/\",\"logo\":{\"@type\":\"ImageObject\",\"inLanguage\":\"it-IT\",\"@id\":\"https:\/\/hoferhof.eu\/en\/#\/schema\/logo\/image\/\",\"url\":\"https:\/\/hoferhof.eu\/wp-content\/uploads\/2026\/01\/mss_renderimg.jpg\",\"contentUrl\":\"https:\/\/hoferhof.eu\/wp-content\/uploads\/2026\/01\/mss_renderimg.jpg\",\"width\":1280,\"height\":719,\"caption\":\"Hofer Hof\"},\"image\":{\"@id\":\"https:\/\/hoferhof.eu\/en\/#\/schema\/logo\/image\/\"}}]}<\/script>\n<!-- \/ Yoast SEO plugin. -->","yoast_head_json":{"title":"Colophon - Hofer Hof","robots":{"index":"index","follow":"follow","max-snippet":"max-snippet:-1","max-image-preview":"max-image-preview:large","max-video-preview":"max-video-preview:-1"},"canonical":"https:\/\/hoferhof.eu\/it\/impressum\/","og_locale":"it_IT","og_type":"article","og_title":"Colophon - Hofer Hof","og_description":"[vc_row][vc_column width=&#8221;1\/3&#8243;][vc_column_text]Responsabile dei contenuti: Pliger Anton &amp; Gabi Schrambach 17 I-39040 Velturno Tel. +39 0472 855 329 CIN: IT021116B5S45VNDZG info@hoferhof.eu P.Iva 01166200210[\/vc_column_text][\/vc_column][vc_column width=&#8221;1\/3&#8243;][vc_column_text]Realizzazione, Hosting fritzmedia Domenikus Gruber Via Josef Bacher 11 39040 Velturno info@fritzmedia.it www.fritzmedia.it Tel.: +39 349 804 1131 P.IVA 02456790217[\/vc_column_text][\/vc_column][vc_column width=&#8221;1\/3&#8243;][vc_column_text] Concezzione grafica, Re-Design: Leitner Graphics der Leitner Annelies Via Josef-Telser 2 39040 [&hellip;]","og_url":"https:\/\/hoferhof.eu\/it\/impressum\/","og_site_name":"Hofer Hof","article_modified_time":"2024-09-06T07:42:25+00:00","twitter_misc":{"Tempo di lettura stimato":"1 minuto"},"schema":{"@context":"https:\/\/schema.org","@graph":[{"@type":"WebPage","@id":"https:\/\/hoferhof.eu\/it\/impressum\/","url":"https:\/\/hoferhof.eu\/it\/impressum\/","name":"Colophon - Hofer Hof","isPartOf":{"@id":"https:\/\/hoferhof.eu\/en\/#website"},"datePublished":"2014-12-15T17:34:01+00:00","dateModified":"2024-09-06T07:42:25+00:00","breadcrumb":{"@id":"https:\/\/hoferhof.eu\/it\/impressum\/#breadcrumb"},"inLanguage":"it-IT","potentialAction":[{"@type":"ReadAction","target":["https:\/\/hoferhof.eu\/it\/impressum\/"]}]},{"@type":"BreadcrumbList","@id":"https:\/\/hoferhof.eu\/it\/impressum\/#breadcrumb","itemListElement":[{"@type":"ListItem","position":1,"name":"Home","item":"https:\/\/hoferhof.eu\/it\/"},{"@type":"ListItem","position":2,"name":"Colophon"}]},{"@type":"WebSite","@id":"https:\/\/hoferhof.eu\/en\/#website","url":"https:\/\/hoferhof.eu\/en\/","name":"Hofer Hof","description":"","publisher":{"@id":"https:\/\/hoferhof.eu\/en\/#organization"},"potentialAction":[{"@type":"SearchAction","target":{"@type":"EntryPoint","urlTemplate":"https:\/\/hoferhof.eu\/en\/?s={search_term_string}"},"query-input":{"@type":"PropertyValueSpecification","valueRequired":true,"valueName":"search_term_string"}}],"inLanguage":"it-IT"},{"@type":"Organization","@id":"https:\/\/hoferhof.eu\/en\/#organization","name":"Hofer Hof","url":"https:\/\/hoferhof.eu\/en\/","logo":{"@type":"ImageObject","inLanguage":"it-IT","@id":"https:\/\/hoferhof.eu\/en\/#\/schema\/logo\/image\/","url":"https:\/\/hoferhof.eu\/wp-content\/uploads\/2026\/01\/mss_renderimg.jpg","contentUrl":"https:\/\/hoferhof.eu\/wp-content\/uploads\/2026\/01\/mss_renderimg.jpg","width":1280,"height":719,"caption":"Hofer Hof"},"image":{"@id":"https:\/\/hoferhof.eu\/en\/#\/schema\/logo\/image\/"}}]}},"_links":{"self":[{"href":"https:\/\/hoferhof.eu\/it\/wp-json\/wp\/v2\/pages\/521982","targetHints":{"allow":["GET"]}}],"collection":[{"href":"https:\/\/hoferhof.eu\/it\/wp-json\/wp\/v2\/pages"}],"about":[{"href":"https:\/\/hoferhof.eu\/it\/wp-json\/wp\/v2\/types\/page"}],"author":[{"embeddable":true,"href":"https:\/\/hoferhof.eu\/it\/wp-json\/wp\/v2\/users\/1"}],"replies":[{"embeddable":true,"href":"https:\/\/hoferhof.eu\/it\/wp-json\/wp\/v2\/comments?post=521982"}],"version-history":[{"count":6,"href":"https:\/\/hoferhof.eu\/it\/wp-json\/wp\/v2\/pages\/521982\/revisions"}],"predecessor-version":[{"id":652887,"href":"https:\/\/hoferhof.eu\/it\/wp-json\/wp\/v2\/pages\/521982\/revisions\/652887"}],"wp:attachment":[{"href":"https:\/\/hoferhof.eu\/it\/wp-json\/wp\/v2\/media?parent=521982"}],"curies":[{"name":"wp","href":"https:\/\/api.w.org\/{rel}","templated":true}]}}