{"id":1643,"date":"2014-12-18T11:20:26","date_gmt":"2014-12-18T11:20:26","guid":{"rendered":"http:\/\/hoferhof.eu\/brixencard-2\/"},"modified":"2024-12-05T08:53:26","modified_gmt":"2024-12-05T08:53:26","slug":"brixencard","status":"publish","type":"page","link":"https:\/\/hoferhof.eu\/it\/brixencard\/","title":{"rendered":"card"},"content":{"rendered":"<div class=\"wpb-content-wrapper\"><p>[vc_row][vc_column][vc_column_text]L&#8217;Alto Adige Guest Pass ti offre una serie di vantaggi 365 giorni all&#8217;anno:<\/p>\n<p>Mezzi pubblici<\/p>\n<p><strong>Utilizzo illimitato di tutti i mezzi di trasporto pubblico in Alto Adige:<\/strong><\/p>\n<ul>\n<li>i treni regionali dell&#8217;Alto Adige (Brennero &#8211; Trento, Malles &#8211; San Candido)<\/li>\n<li>gli autobus locali (extraurbani, urbani e citybus)<\/li>\n<li>le funivie da Bolzano a Renon, Colle e S. Genesio<\/li>\n<li>la funivia da Vilpiano a Meltina<\/li>\n<li>la funivia da Postal a Verano<\/li>\n<li>la funivia da Rio Pusteria a Meranza<\/li>\n<li>il trenino del Renon<\/li>\n<li>la funicolare della Mendola<\/li>\n<li>l&#8217;AutoPostale Svizzera tra Malles e M\u00fcstair<\/li>\n<\/ul>\n<p>Servizio navetta estate &amp; inverno<\/p>\n<p><strong>Utilizzo gratuito:<\/strong><\/p>\n<p><strong>Bus escursionistico estivo:<\/strong><\/p>\n<ul>\n<li>Barbiano &#8211; Alpe di Villandro (Malga Gasserh\u00fctte)<\/li>\n<li>Barbiano &#8211; Alpe di Barbiano (Parcheggio Huberkreuz)<\/li>\n<li>Barbiano &#8211; Longostagno<\/li>\n<li>Lazfons &#8211; parcheggi K\u00fchhof e Kaseregg<\/li>\n<li>Chiusa &#8211; parcheggi K\u00fchhof e Kaseregg<\/li>\n<\/ul>\n<p><strong>&nbsp;<\/strong><\/p>\n<p><strong><a href=\"https:\/\/www.klausen.it\/it\/esperienze-in-natura\/vacanze-nelle-dolomiti\/vacanza-invernale\/skisafari.html\">Bus navetta invernale<\/a>:<\/strong><\/p>\n<ul>\n<li>Da luned\u00ec a domenica dagli alloggi direttamente alle pi\u00f9 belle aree sciistiche ed invernali delle Dolomiti.<\/li>\n<\/ul>\n<p>Musei<\/p>\n<p><strong>Ingresso gratuito in oltre 90 musei<\/strong><\/p>\n<ul>\n<li>ognuno degli oltre <a href=\"https:\/\/www.klausen.it\/it\/pianifica-ora\/guest-pass\/musei.html\">90 musei<\/a> e collezioni partecipanti pu\u00f2 essere visitato una volta per Guest Pass.L&#8217;offerta \u00e8 valida fino al 31.12.2024, dopo questa data l&#8217;ingresso ai musei non \u00e8 pi\u00f9 incluso.<\/li>\n<\/ul>\n<p>Piscine<\/p>\n<p><strong>Ingresso gratuito alle seguenti piscine<\/strong><\/p>\n<ul>\n<li>Piscina all&#8217;aperto di Chiusa<\/li>\n<li>Piscina all&#8217;aperto di Velturno<\/li>\n<li>Acquarena Brixen &#8211; Da luned\u00ec a venerd\u00ec (esclusi i giorni festivi) ingresso gratuito per 3 ore alle piscine interne ed esterne. Ingresso ridotto alla sauna.<\/li>\n<\/ul>\n<p>Funivia Corno del Renon<\/p>\n<p>1 salita e discesa gratuita ogni giorno della funivia Corno del Renon<\/p>\n<ul>\n<li><a href=\"https:\/\/www.ritten.com\/it\/1500-corno-del-renon\">Maggior informazioni orari<\/a>&nbsp;<\/li>\n<\/ul>\n<p>Esperienze<\/p>\n<p><strong>Partecipazione gratuita alle seguenti attivit\u00e0:&nbsp;<\/strong><\/p>\n<ul>\n<li>escursioni guidate dal luned\u00ec al venerd\u00ec da maggio a novembre<\/li>\n<li>escursioni guidate invernali<\/li>\n<li>utilizzo gratuito dell&#8217;impianto di risalita Maders<\/li>\n<\/ul>\n<ul>\n<li>&nbsp;<\/li>\n<\/ul>\n<p>Prestazioni a prezzo ridotto<\/p>\n<p><span>&nbsp;<\/span>[\/vc_column_text][\/vc_column][\/vc_row][vc_row][vc_column][vc_column_text]<span><\/span>[\/vc_column_text][\/vc_column][\/vc_row][vc_row][vc_column width=&#8221;1\/6&#8243;][\/vc_column][vc_column width=&#8221;2\/3&#8243;][\/vc_column][vc_column width=&#8221;1\/6&#8243;][\/vc_column][\/vc_row]<\/p>\n<\/div>","protected":false},"excerpt":{"rendered":"<p>[vc_row][vc_column][vc_column_text]L&#8217;Alto Adige Guest Pass ti offre una serie di vantaggi 365 giorni all&#8217;anno: Mezzi pubblici Utilizzo illimitato di tutti i mezzi di trasporto pubblico in Alto Adige: i treni regionali dell&#8217;Alto Adige (Brennero &#8211; Trento, Malles &#8211; San Candido) gli autobus locali (extraurbani, urbani e citybus) le funivie da Bolzano a Renon, Colle e S. [&hellip;]<\/p>\n","protected":false},"author":1,"featured_media":653056,"parent":0,"menu_order":9,"comment_status":"open","ping_status":"closed","template":"","meta":{"footnotes":""},"class_list":["post-1643","page","type-page","status-publish","has-post-thumbnail","hentry"],"yoast_head":"<!-- This site is optimized with the Yoast SEO plugin v25.1 - https:\/\/yoast.com\/wordpress\/plugins\/seo\/ -->\n<title>card - Hofer Hof<\/title>\n<meta name=\"robots\" content=\"index, follow, max-snippet:-1, max-image-preview:large, max-video-preview:-1\" \/>\n<link rel=\"canonical\" href=\"https:\/\/hoferhof.eu\/it\/brixencard\/\" \/>\n<meta property=\"og:locale\" content=\"it_IT\" \/>\n<meta property=\"og:type\" content=\"article\" \/>\n<meta property=\"og:title\" content=\"card - Hofer Hof\" \/>\n<meta property=\"og:description\" content=\"[vc_row][vc_column][vc_column_text]L&#8217;Alto Adige Guest Pass ti offre una serie di vantaggi 365 giorni all&#8217;anno: Mezzi pubblici Utilizzo illimitato di tutti i mezzi di trasporto pubblico in Alto Adige: i treni regionali dell&#8217;Alto Adige (Brennero &#8211; Trento, Malles &#8211; San Candido) gli autobus locali (extraurbani, urbani e citybus) le funivie da Bolzano a Renon, Colle e S. [&hellip;]\" \/>\n<meta property=\"og:url\" content=\"https:\/\/hoferhof.eu\/it\/brixencard\/\" \/>\n<meta property=\"og:site_name\" content=\"Hofer Hof\" \/>\n<meta property=\"article:modified_time\" content=\"2024-12-05T08:53:26+00:00\" \/>\n<meta property=\"og:image\" content=\"https:\/\/hoferhof.eu\/wp-content\/uploads\/2014\/12\/brixencard.jpg\" \/>\n\t<meta property=\"og:image:width\" content=\"1000\" \/>\n\t<meta property=\"og:image:height\" content=\"667\" \/>\n\t<meta property=\"og:image:type\" content=\"image\/jpeg\" \/>\n<meta name=\"twitter:label1\" content=\"Tempo di lettura stimato\" \/>\n\t<meta name=\"twitter:data1\" content=\"2 minuti\" \/>\n<script type=\"application\/ld+json\" class=\"yoast-schema-graph\">{\"@context\":\"https:\/\/schema.org\",\"@graph\":[{\"@type\":\"WebPage\",\"@id\":\"https:\/\/hoferhof.eu\/it\/brixencard\/\",\"url\":\"https:\/\/hoferhof.eu\/it\/brixencard\/\",\"name\":\"card - Hofer Hof\",\"isPartOf\":{\"@id\":\"https:\/\/hoferhof.eu\/en\/#website\"},\"primaryImageOfPage\":{\"@id\":\"https:\/\/hoferhof.eu\/it\/brixencard\/#primaryimage\"},\"image\":{\"@id\":\"https:\/\/hoferhof.eu\/it\/brixencard\/#primaryimage\"},\"thumbnailUrl\":\"https:\/\/hoferhof.eu\/wp-content\/uploads\/2025\/05\/logo-suedtirol-guestpass-e1747501046479.png\",\"datePublished\":\"2014-12-18T11:20:26+00:00\",\"dateModified\":\"2024-12-05T08:53:26+00:00\",\"breadcrumb\":{\"@id\":\"https:\/\/hoferhof.eu\/it\/brixencard\/#breadcrumb\"},\"inLanguage\":\"it-IT\",\"potentialAction\":[{\"@type\":\"ReadAction\",\"target\":[\"https:\/\/hoferhof.eu\/it\/brixencard\/\"]}]},{\"@type\":\"ImageObject\",\"inLanguage\":\"it-IT\",\"@id\":\"https:\/\/hoferhof.eu\/it\/brixencard\/#primaryimage\",\"url\":\"https:\/\/hoferhof.eu\/wp-content\/uploads\/2025\/05\/logo-suedtirol-guestpass-e1747501046479.png\",\"contentUrl\":\"https:\/\/hoferhof.eu\/wp-content\/uploads\/2025\/05\/logo-suedtirol-guestpass-e1747501046479.png\",\"width\":1280,\"height\":399},{\"@type\":\"BreadcrumbList\",\"@id\":\"https:\/\/hoferhof.eu\/it\/brixencard\/#breadcrumb\",\"itemListElement\":[{\"@type\":\"ListItem\",\"position\":1,\"name\":\"Home\",\"item\":\"https:\/\/hoferhof.eu\/it\/\"},{\"@type\":\"ListItem\",\"position\":2,\"name\":\"card\"}]},{\"@type\":\"WebSite\",\"@id\":\"https:\/\/hoferhof.eu\/en\/#website\",\"url\":\"https:\/\/hoferhof.eu\/en\/\",\"name\":\"Hofer Hof\",\"description\":\"\",\"publisher\":{\"@id\":\"https:\/\/hoferhof.eu\/en\/#organization\"},\"potentialAction\":[{\"@type\":\"SearchAction\",\"target\":{\"@type\":\"EntryPoint\",\"urlTemplate\":\"https:\/\/hoferhof.eu\/en\/?s={search_term_string}\"},\"query-input\":{\"@type\":\"PropertyValueSpecification\",\"valueRequired\":true,\"valueName\":\"search_term_string\"}}],\"inLanguage\":\"it-IT\"},{\"@type\":\"Organization\",\"@id\":\"https:\/\/hoferhof.eu\/en\/#organization\",\"name\":\"Hofer Hof\",\"url\":\"https:\/\/hoferhof.eu\/en\/\",\"logo\":{\"@type\":\"ImageObject\",\"inLanguage\":\"it-IT\",\"@id\":\"https:\/\/hoferhof.eu\/en\/#\/schema\/logo\/image\/\",\"url\":\"https:\/\/hoferhof.eu\/wp-content\/uploads\/2026\/01\/mss_renderimg.jpg\",\"contentUrl\":\"https:\/\/hoferhof.eu\/wp-content\/uploads\/2026\/01\/mss_renderimg.jpg\",\"width\":1280,\"height\":719,\"caption\":\"Hofer Hof\"},\"image\":{\"@id\":\"https:\/\/hoferhof.eu\/en\/#\/schema\/logo\/image\/\"}}]}<\/script>\n<!-- \/ Yoast SEO plugin. -->","yoast_head_json":{"title":"card - Hofer Hof","robots":{"index":"index","follow":"follow","max-snippet":"max-snippet:-1","max-image-preview":"max-image-preview:large","max-video-preview":"max-video-preview:-1"},"canonical":"https:\/\/hoferhof.eu\/it\/brixencard\/","og_locale":"it_IT","og_type":"article","og_title":"card - Hofer Hof","og_description":"[vc_row][vc_column][vc_column_text]L&#8217;Alto Adige Guest Pass ti offre una serie di vantaggi 365 giorni all&#8217;anno: Mezzi pubblici Utilizzo illimitato di tutti i mezzi di trasporto pubblico in Alto Adige: i treni regionali dell&#8217;Alto Adige (Brennero &#8211; Trento, Malles &#8211; San Candido) gli autobus locali (extraurbani, urbani e citybus) le funivie da Bolzano a Renon, Colle e S. [&hellip;]","og_url":"https:\/\/hoferhof.eu\/it\/brixencard\/","og_site_name":"Hofer Hof","article_modified_time":"2024-12-05T08:53:26+00:00","og_image":[{"width":1000,"height":667,"url":"https:\/\/hoferhof.eu\/wp-content\/uploads\/2014\/12\/brixencard.jpg","type":"image\/jpeg"}],"twitter_misc":{"Tempo di lettura stimato":"2 minuti"},"schema":{"@context":"https:\/\/schema.org","@graph":[{"@type":"WebPage","@id":"https:\/\/hoferhof.eu\/it\/brixencard\/","url":"https:\/\/hoferhof.eu\/it\/brixencard\/","name":"card - Hofer Hof","isPartOf":{"@id":"https:\/\/hoferhof.eu\/en\/#website"},"primaryImageOfPage":{"@id":"https:\/\/hoferhof.eu\/it\/brixencard\/#primaryimage"},"image":{"@id":"https:\/\/hoferhof.eu\/it\/brixencard\/#primaryimage"},"thumbnailUrl":"https:\/\/hoferhof.eu\/wp-content\/uploads\/2025\/05\/logo-suedtirol-guestpass-e1747501046479.png","datePublished":"2014-12-18T11:20:26+00:00","dateModified":"2024-12-05T08:53:26+00:00","breadcrumb":{"@id":"https:\/\/hoferhof.eu\/it\/brixencard\/#breadcrumb"},"inLanguage":"it-IT","potentialAction":[{"@type":"ReadAction","target":["https:\/\/hoferhof.eu\/it\/brixencard\/"]}]},{"@type":"ImageObject","inLanguage":"it-IT","@id":"https:\/\/hoferhof.eu\/it\/brixencard\/#primaryimage","url":"https:\/\/hoferhof.eu\/wp-content\/uploads\/2025\/05\/logo-suedtirol-guestpass-e1747501046479.png","contentUrl":"https:\/\/hoferhof.eu\/wp-content\/uploads\/2025\/05\/logo-suedtirol-guestpass-e1747501046479.png","width":1280,"height":399},{"@type":"BreadcrumbList","@id":"https:\/\/hoferhof.eu\/it\/brixencard\/#breadcrumb","itemListElement":[{"@type":"ListItem","position":1,"name":"Home","item":"https:\/\/hoferhof.eu\/it\/"},{"@type":"ListItem","position":2,"name":"card"}]},{"@type":"WebSite","@id":"https:\/\/hoferhof.eu\/en\/#website","url":"https:\/\/hoferhof.eu\/en\/","name":"Hofer Hof","description":"","publisher":{"@id":"https:\/\/hoferhof.eu\/en\/#organization"},"potentialAction":[{"@type":"SearchAction","target":{"@type":"EntryPoint","urlTemplate":"https:\/\/hoferhof.eu\/en\/?s={search_term_string}"},"query-input":{"@type":"PropertyValueSpecification","valueRequired":true,"valueName":"search_term_string"}}],"inLanguage":"it-IT"},{"@type":"Organization","@id":"https:\/\/hoferhof.eu\/en\/#organization","name":"Hofer Hof","url":"https:\/\/hoferhof.eu\/en\/","logo":{"@type":"ImageObject","inLanguage":"it-IT","@id":"https:\/\/hoferhof.eu\/en\/#\/schema\/logo\/image\/","url":"https:\/\/hoferhof.eu\/wp-content\/uploads\/2026\/01\/mss_renderimg.jpg","contentUrl":"https:\/\/hoferhof.eu\/wp-content\/uploads\/2026\/01\/mss_renderimg.jpg","width":1280,"height":719,"caption":"Hofer Hof"},"image":{"@id":"https:\/\/hoferhof.eu\/en\/#\/schema\/logo\/image\/"}}]}},"_links":{"self":[{"href":"https:\/\/hoferhof.eu\/it\/wp-json\/wp\/v2\/pages\/1643","targetHints":{"allow":["GET"]}}],"collection":[{"href":"https:\/\/hoferhof.eu\/it\/wp-json\/wp\/v2\/pages"}],"about":[{"href":"https:\/\/hoferhof.eu\/it\/wp-json\/wp\/v2\/types\/page"}],"author":[{"embeddable":true,"href":"https:\/\/hoferhof.eu\/it\/wp-json\/wp\/v2\/users\/1"}],"replies":[{"embeddable":true,"href":"https:\/\/hoferhof.eu\/it\/wp-json\/wp\/v2\/comments?post=1643"}],"version-history":[{"count":4,"href":"https:\/\/hoferhof.eu\/it\/wp-json\/wp\/v2\/pages\/1643\/revisions"}],"predecessor-version":[{"id":652893,"href":"https:\/\/hoferhof.eu\/it\/wp-json\/wp\/v2\/pages\/1643\/revisions\/652893"}],"wp:featuredmedia":[{"embeddable":true,"href":"https:\/\/hoferhof.eu\/it\/wp-json\/wp\/v2\/media\/653056"}],"wp:attachment":[{"href":"https:\/\/hoferhof.eu\/it\/wp-json\/wp\/v2\/media?parent=1643"}],"curies":[{"name":"wp","href":"https:\/\/api.w.org\/{rel}","templated":true}]}}