{"id":1602,"date":"2014-12-18T11:32:57","date_gmt":"2014-12-18T11:32:57","guid":{"rendered":"http:\/\/hoferhof.eu\/umgebung\/brixen\/"},"modified":"2016-03-01T20:33:30","modified_gmt":"2016-03-01T20:33:30","slug":"brixen","status":"publish","type":"page","link":"https:\/\/hoferhof.eu\/it\/umgebung\/brixen\/","title":{"rendered":"Bressanone"},"content":{"rendered":"<div class=\"wpb-content-wrapper\"><p>[vc_row][vc_column][vc_column_text]<\/p>\n<h1>Bressanone<\/h1>\n<p class=\"contentpaneopen\"><span>Citt\u00e0 gradevole dal fascino tirolese e dal clima mediterraneo. La citt\u00e0 dalle due anime: eleganza antica e vivacit\u00e0 moderna. Una citt\u00e0 da vivere. Punto di partenza ideale per appassionati di natura, come ad esempio la zona di Luson, il paradiso delle escursioni. Da Bressanone si pu\u00f2 anche andare alla scoperta dei graziosi paesini sparsi tra le montagne e tra i boschi. La fermata del autobus si trove alla strada stadale vicino EuroSpin. Ogni ora parte un auto bus verso Bressanone.<br \/>\n<\/span><\/p>\n<p>&nbsp;<\/p>\n<p>&nbsp;[\/vc_column_text][\/vc_column][\/vc_row][vc_row][vc_column][vc_column_text]<span><p>[vc_row][vc_column width=\"1\/1\"][vc_gallery type=\"image_grid\" interval=\"3\" images=\"808,805,1118,1121\" onclick=\"link_image\" custom_links_target=\"_self\" img_size=\"190x160\"][\/vc_column][\/vc_row]<\/p>\n<\/span>[\/vc_column_text][\/vc_column][\/vc_row]<\/p>\n<\/div>","protected":false},"excerpt":{"rendered":"<p>[vc_row][vc_column][vc_column_text] Bressanone Citt\u00e0 gradevole dal fascino tirolese e dal clima mediterraneo. La citt\u00e0 dalle due anime: eleganza antica e vivacit\u00e0 moderna. Una citt\u00e0 da vivere. Punto di partenza ideale per appassionati di natura, come ad esempio la zona di Luson, il paradiso delle escursioni. Da Bressanone si pu\u00f2 anche andare alla scoperta dei graziosi paesini [&hellip;]<\/p>\n","protected":false},"author":1,"featured_media":810,"parent":1535,"menu_order":3,"comment_status":"open","ping_status":"closed","template":"","meta":{"footnotes":""},"class_list":["post-1602","page","type-page","status-publish","has-post-thumbnail","hentry"],"yoast_head":"<!-- This site is optimized with the Yoast SEO plugin v25.1 - https:\/\/yoast.com\/wordpress\/plugins\/seo\/ -->\n<title>Bressanone - Hofer Hof<\/title>\n<meta name=\"robots\" content=\"index, follow, max-snippet:-1, max-image-preview:large, max-video-preview:-1\" \/>\n<link rel=\"canonical\" href=\"https:\/\/hoferhof.eu\/umgebung\/brixen\/\" \/>\n<meta property=\"og:locale\" content=\"it_IT\" \/>\n<meta property=\"og:type\" content=\"article\" \/>\n<meta property=\"og:title\" content=\"Bressanone - Hofer Hof\" \/>\n<meta property=\"og:description\" content=\"[vc_row][vc_column][vc_column_text] Bressanone Citt\u00e0 gradevole dal fascino tirolese e dal clima mediterraneo. La citt\u00e0 dalle due anime: eleganza antica e vivacit\u00e0 moderna. Una citt\u00e0 da vivere. Punto di partenza ideale per appassionati di natura, come ad esempio la zona di Luson, il paradiso delle escursioni. Da Bressanone si pu\u00f2 anche andare alla scoperta dei graziosi paesini [&hellip;]\" \/>\n<meta property=\"og:url\" content=\"https:\/\/hoferhof.eu\/umgebung\/brixen\/\" \/>\n<meta property=\"og:site_name\" content=\"Hofer Hof\" \/>\n<meta property=\"article:modified_time\" content=\"2016-03-01T20:33:30+00:00\" \/>\n<meta property=\"og:image\" content=\"https:\/\/hoferhof.eu\/wp-content\/uploads\/2014\/12\/BSC4997.jpg\" \/>\n\t<meta property=\"og:image:width\" content=\"1000\" \/>\n\t<meta property=\"og:image:height\" content=\"667\" \/>\n\t<meta property=\"og:image:type\" content=\"image\/jpeg\" \/>\n<meta name=\"twitter:label1\" content=\"Tempo di lettura stimato\" \/>\n\t<meta name=\"twitter:data1\" content=\"1 minuto\" \/>\n<script type=\"application\/ld+json\" class=\"yoast-schema-graph\">{\"@context\":\"https:\/\/schema.org\",\"@graph\":[{\"@type\":\"WebPage\",\"@id\":\"https:\/\/hoferhof.eu\/umgebung\/brixen\/\",\"url\":\"https:\/\/hoferhof.eu\/umgebung\/brixen\/\",\"name\":\"Bressanone - Hofer Hof\",\"isPartOf\":{\"@id\":\"https:\/\/hoferhof.eu\/en\/#website\"},\"primaryImageOfPage\":{\"@id\":\"https:\/\/hoferhof.eu\/umgebung\/brixen\/#primaryimage\"},\"image\":{\"@id\":\"https:\/\/hoferhof.eu\/umgebung\/brixen\/#primaryimage\"},\"thumbnailUrl\":\"https:\/\/hoferhof.eu\/wp-content\/uploads\/2014\/12\/BSC4997.jpg\",\"datePublished\":\"2014-12-18T11:32:57+00:00\",\"dateModified\":\"2016-03-01T20:33:30+00:00\",\"breadcrumb\":{\"@id\":\"https:\/\/hoferhof.eu\/umgebung\/brixen\/#breadcrumb\"},\"inLanguage\":\"it-IT\",\"potentialAction\":[{\"@type\":\"ReadAction\",\"target\":[\"https:\/\/hoferhof.eu\/umgebung\/brixen\/\"]}]},{\"@type\":\"ImageObject\",\"inLanguage\":\"it-IT\",\"@id\":\"https:\/\/hoferhof.eu\/umgebung\/brixen\/#primaryimage\",\"url\":\"https:\/\/hoferhof.eu\/wp-content\/uploads\/2014\/12\/BSC4997.jpg\",\"contentUrl\":\"https:\/\/hoferhof.eu\/wp-content\/uploads\/2014\/12\/BSC4997.jpg\",\"width\":1000,\"height\":667},{\"@type\":\"BreadcrumbList\",\"@id\":\"https:\/\/hoferhof.eu\/umgebung\/brixen\/#breadcrumb\",\"itemListElement\":[{\"@type\":\"ListItem\",\"position\":1,\"name\":\"Home\",\"item\":\"https:\/\/hoferhof.eu\/it\/\"},{\"@type\":\"ListItem\",\"position\":2,\"name\":\"Intorno\",\"item\":\"https:\/\/hoferhof.eu\/umgebung\/\"},{\"@type\":\"ListItem\",\"position\":3,\"name\":\"Bressanone\"}]},{\"@type\":\"WebSite\",\"@id\":\"https:\/\/hoferhof.eu\/en\/#website\",\"url\":\"https:\/\/hoferhof.eu\/en\/\",\"name\":\"Hofer Hof\",\"description\":\"\",\"publisher\":{\"@id\":\"https:\/\/hoferhof.eu\/en\/#organization\"},\"potentialAction\":[{\"@type\":\"SearchAction\",\"target\":{\"@type\":\"EntryPoint\",\"urlTemplate\":\"https:\/\/hoferhof.eu\/en\/?s={search_term_string}\"},\"query-input\":{\"@type\":\"PropertyValueSpecification\",\"valueRequired\":true,\"valueName\":\"search_term_string\"}}],\"inLanguage\":\"it-IT\"},{\"@type\":\"Organization\",\"@id\":\"https:\/\/hoferhof.eu\/en\/#organization\",\"name\":\"Hofer Hof\",\"url\":\"https:\/\/hoferhof.eu\/en\/\",\"logo\":{\"@type\":\"ImageObject\",\"inLanguage\":\"it-IT\",\"@id\":\"https:\/\/hoferhof.eu\/en\/#\/schema\/logo\/image\/\",\"url\":\"https:\/\/hoferhof.eu\/wp-content\/uploads\/2026\/01\/mss_renderimg.jpg\",\"contentUrl\":\"https:\/\/hoferhof.eu\/wp-content\/uploads\/2026\/01\/mss_renderimg.jpg\",\"width\":1280,\"height\":719,\"caption\":\"Hofer Hof\"},\"image\":{\"@id\":\"https:\/\/hoferhof.eu\/en\/#\/schema\/logo\/image\/\"}}]}<\/script>\n<!-- \/ Yoast SEO plugin. -->","yoast_head_json":{"title":"Bressanone - Hofer Hof","robots":{"index":"index","follow":"follow","max-snippet":"max-snippet:-1","max-image-preview":"max-image-preview:large","max-video-preview":"max-video-preview:-1"},"canonical":"https:\/\/hoferhof.eu\/umgebung\/brixen\/","og_locale":"it_IT","og_type":"article","og_title":"Bressanone - Hofer Hof","og_description":"[vc_row][vc_column][vc_column_text] Bressanone Citt\u00e0 gradevole dal fascino tirolese e dal clima mediterraneo. La citt\u00e0 dalle due anime: eleganza antica e vivacit\u00e0 moderna. Una citt\u00e0 da vivere. Punto di partenza ideale per appassionati di natura, come ad esempio la zona di Luson, il paradiso delle escursioni. Da Bressanone si pu\u00f2 anche andare alla scoperta dei graziosi paesini [&hellip;]","og_url":"https:\/\/hoferhof.eu\/umgebung\/brixen\/","og_site_name":"Hofer Hof","article_modified_time":"2016-03-01T20:33:30+00:00","og_image":[{"width":1000,"height":667,"url":"https:\/\/hoferhof.eu\/wp-content\/uploads\/2014\/12\/BSC4997.jpg","type":"image\/jpeg"}],"twitter_misc":{"Tempo di lettura stimato":"1 minuto"},"schema":{"@context":"https:\/\/schema.org","@graph":[{"@type":"WebPage","@id":"https:\/\/hoferhof.eu\/umgebung\/brixen\/","url":"https:\/\/hoferhof.eu\/umgebung\/brixen\/","name":"Bressanone - Hofer Hof","isPartOf":{"@id":"https:\/\/hoferhof.eu\/en\/#website"},"primaryImageOfPage":{"@id":"https:\/\/hoferhof.eu\/umgebung\/brixen\/#primaryimage"},"image":{"@id":"https:\/\/hoferhof.eu\/umgebung\/brixen\/#primaryimage"},"thumbnailUrl":"https:\/\/hoferhof.eu\/wp-content\/uploads\/2014\/12\/BSC4997.jpg","datePublished":"2014-12-18T11:32:57+00:00","dateModified":"2016-03-01T20:33:30+00:00","breadcrumb":{"@id":"https:\/\/hoferhof.eu\/umgebung\/brixen\/#breadcrumb"},"inLanguage":"it-IT","potentialAction":[{"@type":"ReadAction","target":["https:\/\/hoferhof.eu\/umgebung\/brixen\/"]}]},{"@type":"ImageObject","inLanguage":"it-IT","@id":"https:\/\/hoferhof.eu\/umgebung\/brixen\/#primaryimage","url":"https:\/\/hoferhof.eu\/wp-content\/uploads\/2014\/12\/BSC4997.jpg","contentUrl":"https:\/\/hoferhof.eu\/wp-content\/uploads\/2014\/12\/BSC4997.jpg","width":1000,"height":667},{"@type":"BreadcrumbList","@id":"https:\/\/hoferhof.eu\/umgebung\/brixen\/#breadcrumb","itemListElement":[{"@type":"ListItem","position":1,"name":"Home","item":"https:\/\/hoferhof.eu\/it\/"},{"@type":"ListItem","position":2,"name":"Intorno","item":"https:\/\/hoferhof.eu\/umgebung\/"},{"@type":"ListItem","position":3,"name":"Bressanone"}]},{"@type":"WebSite","@id":"https:\/\/hoferhof.eu\/en\/#website","url":"https:\/\/hoferhof.eu\/en\/","name":"Hofer Hof","description":"","publisher":{"@id":"https:\/\/hoferhof.eu\/en\/#organization"},"potentialAction":[{"@type":"SearchAction","target":{"@type":"EntryPoint","urlTemplate":"https:\/\/hoferhof.eu\/en\/?s={search_term_string}"},"query-input":{"@type":"PropertyValueSpecification","valueRequired":true,"valueName":"search_term_string"}}],"inLanguage":"it-IT"},{"@type":"Organization","@id":"https:\/\/hoferhof.eu\/en\/#organization","name":"Hofer Hof","url":"https:\/\/hoferhof.eu\/en\/","logo":{"@type":"ImageObject","inLanguage":"it-IT","@id":"https:\/\/hoferhof.eu\/en\/#\/schema\/logo\/image\/","url":"https:\/\/hoferhof.eu\/wp-content\/uploads\/2026\/01\/mss_renderimg.jpg","contentUrl":"https:\/\/hoferhof.eu\/wp-content\/uploads\/2026\/01\/mss_renderimg.jpg","width":1280,"height":719,"caption":"Hofer Hof"},"image":{"@id":"https:\/\/hoferhof.eu\/en\/#\/schema\/logo\/image\/"}}]}},"_links":{"self":[{"href":"https:\/\/hoferhof.eu\/it\/wp-json\/wp\/v2\/pages\/1602","targetHints":{"allow":["GET"]}}],"collection":[{"href":"https:\/\/hoferhof.eu\/it\/wp-json\/wp\/v2\/pages"}],"about":[{"href":"https:\/\/hoferhof.eu\/it\/wp-json\/wp\/v2\/types\/page"}],"author":[{"embeddable":true,"href":"https:\/\/hoferhof.eu\/it\/wp-json\/wp\/v2\/users\/1"}],"replies":[{"embeddable":true,"href":"https:\/\/hoferhof.eu\/it\/wp-json\/wp\/v2\/comments?post=1602"}],"version-history":[{"count":2,"href":"https:\/\/hoferhof.eu\/it\/wp-json\/wp\/v2\/pages\/1602\/revisions"}],"predecessor-version":[{"id":119605,"href":"https:\/\/hoferhof.eu\/it\/wp-json\/wp\/v2\/pages\/1602\/revisions\/119605"}],"up":[{"embeddable":true,"href":"https:\/\/hoferhof.eu\/it\/wp-json\/wp\/v2\/pages\/1535"}],"wp:featuredmedia":[{"embeddable":true,"href":"https:\/\/hoferhof.eu\/it\/wp-json\/wp\/v2\/media\/810"}],"wp:attachment":[{"href":"https:\/\/hoferhof.eu\/it\/wp-json\/wp\/v2\/media?parent=1602"}],"curies":[{"name":"wp","href":"https:\/\/api.w.org\/{rel}","templated":true}]}}