{"id":1597,"date":"2014-12-18T11:34:13","date_gmt":"2014-12-18T11:34:13","guid":{"rendered":"http:\/\/hoferhof.eu\/umgebung\/klausen\/"},"modified":"2016-03-01T20:35:59","modified_gmt":"2016-03-01T20:35:59","slug":"klausen","status":"publish","type":"page","link":"https:\/\/hoferhof.eu\/it\/umgebung\/klausen\/","title":{"rendered":"Chiusa"},"content":{"rendered":"<div class=\"wpb-content-wrapper\"><p>[vc_row][vc_column][vc_column_text]<\/p>\n<h1>Chiusa<\/h1>\n<h2 class=\"contentpaneopen\"><strong>La romantica cittadina degli artisti<\/strong><\/h2>\n<p class=\"contentpaneopen\"><span>Gi\u00e0 nel 1494 un artista del calibro di Albrecht D\u00fcrer si era innamorato della cittadina di Chiusa, fissando le sue impressioni nell&#8217;incisione &#8220;Das gro\u00dfe Gl\u00fcck&#8221;.<\/span><\/p>\n<div>\n<p class=\"contentpaneopen\"><span><span color=\"#000000\" style=\"color: #000000;\">Da allora, il fascino di Chiusa ha attirato molti artisti e poeti, che l&#8217;hanno dipinta e ne hanno cantato le lodi. La pittoresca cittadina si estende tra la rocca di Sabiona e l&#8217;Isarco, con le sue belle facciate colorate allineate le une accanto alle altre e sovrastate da chiese gotiche. Qui alberghi ricchi di tradizione accolgono da secoli ospiti celebri; per molto tempo la strada che andava dal Brennero verso Sud \u00e8 passata proprio nel centro della cittadina.<\/span><\/span><\/p>\n<p class=\"contentpaneopen\"><span><span color=\"#000000\" style=\"color: #000000;\">Il leggendario Tesoro di Loreto ha trovato riparo nell&#8217;antico convento dei Cappuccini, che merita una visita, come pure la pinacoteca e la moderna galleria del museo.<\/span><\/span><\/p>\n<p class=\"contentpaneopen\"><span><span color=\"#000000\" style=\"color: #000000;\">Dal colle dei Cappuccini, proprio accanto al convento e al giardino, si gode una splendida vista sulla citt\u00e0 e sulla vallata. La dolcezza del paesaggio circostante invita alle escursioni e alle scoperte. Vecchie strade passano davanti al borgo di Branzollo per proseguire fino al Monastero di Sabiona e fino a Pradello, fino a Verdignes e Lazfons, fino al grazioso villaggio di Gudon e poi su su fino alle vecchie masserie, ai prati verdeggianti e ai fitti boschi. Chiusa e i suoi dintorni hanno molti estimatori e si visitano sempre volentieri.<\/span><\/span><\/p>\n<\/div>\n<p class=\"contentpaneopen\">&nbsp;Dalla fermata&nbsp; S. Pietro Mezzomonte vicino Eurospin, parte ogni ora un autobus verso Chiusa.<\/p>\n<p class=\"contentpaneopen\">&nbsp;<\/p>\n<p>[\/vc_column_text][\/vc_column][\/vc_row][vc_row][vc_column][vc_column_text]<span><p>[vc_row][vc_column][vc_gallery type=\"image_grid\" images=\"1024,1021,236459,236453,236484,236325,236456,236478\" img_size=\"190x160\"][\/vc_column][\/vc_row]<\/p>\n<\/span>[\/vc_column_text][\/vc_column][\/vc_row]<\/p>\n<\/div>","protected":false},"excerpt":{"rendered":"<p>[vc_row][vc_column][vc_column_text] Chiusa La romantica cittadina degli artisti Gi\u00e0 nel 1494 un artista del calibro di Albrecht D\u00fcrer si era innamorato della cittadina di Chiusa, fissando le sue impressioni nell&#8217;incisione &#8220;Das gro\u00dfe Gl\u00fcck&#8221;. Da allora, il fascino di Chiusa ha attirato molti artisti e poeti, che l&#8217;hanno dipinta e ne hanno cantato le lodi. La pittoresca [&hellip;]<\/p>\n","protected":false},"author":1,"featured_media":866,"parent":1535,"menu_order":2,"comment_status":"open","ping_status":"closed","template":"","meta":{"footnotes":""},"class_list":["post-1597","page","type-page","status-publish","has-post-thumbnail","hentry"],"yoast_head":"<!-- This site is optimized with the Yoast SEO plugin v25.1 - https:\/\/yoast.com\/wordpress\/plugins\/seo\/ -->\n<title>Chiusa - Hofer Hof<\/title>\n<meta name=\"robots\" content=\"index, follow, max-snippet:-1, max-image-preview:large, max-video-preview:-1\" \/>\n<link rel=\"canonical\" href=\"https:\/\/hoferhof.eu\/umgebung\/klausen\/\" \/>\n<meta property=\"og:locale\" content=\"it_IT\" \/>\n<meta property=\"og:type\" content=\"article\" \/>\n<meta property=\"og:title\" content=\"Chiusa - Hofer Hof\" \/>\n<meta property=\"og:description\" content=\"[vc_row][vc_column][vc_column_text] Chiusa La romantica cittadina degli artisti Gi\u00e0 nel 1494 un artista del calibro di Albrecht D\u00fcrer si era innamorato della cittadina di Chiusa, fissando le sue impressioni nell&#8217;incisione &#8220;Das gro\u00dfe Gl\u00fcck&#8221;. Da allora, il fascino di Chiusa ha attirato molti artisti e poeti, che l&#8217;hanno dipinta e ne hanno cantato le lodi. La pittoresca [&hellip;]\" \/>\n<meta property=\"og:url\" content=\"https:\/\/hoferhof.eu\/umgebung\/klausen\/\" \/>\n<meta property=\"og:site_name\" content=\"Hofer Hof\" \/>\n<meta property=\"article:modified_time\" content=\"2016-03-01T20:35:59+00:00\" \/>\n<meta property=\"og:image\" content=\"https:\/\/hoferhof.eu\/wp-content\/uploads\/2014\/12\/Klausen_mit_saeben.jpg\" \/>\n\t<meta property=\"og:image:width\" content=\"1000\" \/>\n\t<meta property=\"og:image:height\" content=\"764\" \/>\n\t<meta property=\"og:image:type\" content=\"image\/jpeg\" \/>\n<meta name=\"twitter:label1\" content=\"Tempo di lettura stimato\" \/>\n\t<meta name=\"twitter:data1\" content=\"1 minuto\" \/>\n<script type=\"application\/ld+json\" class=\"yoast-schema-graph\">{\"@context\":\"https:\/\/schema.org\",\"@graph\":[{\"@type\":\"WebPage\",\"@id\":\"https:\/\/hoferhof.eu\/umgebung\/klausen\/\",\"url\":\"https:\/\/hoferhof.eu\/umgebung\/klausen\/\",\"name\":\"Chiusa - Hofer Hof\",\"isPartOf\":{\"@id\":\"https:\/\/hoferhof.eu\/en\/#website\"},\"primaryImageOfPage\":{\"@id\":\"https:\/\/hoferhof.eu\/umgebung\/klausen\/#primaryimage\"},\"image\":{\"@id\":\"https:\/\/hoferhof.eu\/umgebung\/klausen\/#primaryimage\"},\"thumbnailUrl\":\"https:\/\/hoferhof.eu\/wp-content\/uploads\/2014\/12\/Klausen_mit_saeben.jpg\",\"datePublished\":\"2014-12-18T11:34:13+00:00\",\"dateModified\":\"2016-03-01T20:35:59+00:00\",\"breadcrumb\":{\"@id\":\"https:\/\/hoferhof.eu\/umgebung\/klausen\/#breadcrumb\"},\"inLanguage\":\"it-IT\",\"potentialAction\":[{\"@type\":\"ReadAction\",\"target\":[\"https:\/\/hoferhof.eu\/umgebung\/klausen\/\"]}]},{\"@type\":\"ImageObject\",\"inLanguage\":\"it-IT\",\"@id\":\"https:\/\/hoferhof.eu\/umgebung\/klausen\/#primaryimage\",\"url\":\"https:\/\/hoferhof.eu\/wp-content\/uploads\/2014\/12\/Klausen_mit_saeben.jpg\",\"contentUrl\":\"https:\/\/hoferhof.eu\/wp-content\/uploads\/2014\/12\/Klausen_mit_saeben.jpg\",\"width\":1000,\"height\":764},{\"@type\":\"BreadcrumbList\",\"@id\":\"https:\/\/hoferhof.eu\/umgebung\/klausen\/#breadcrumb\",\"itemListElement\":[{\"@type\":\"ListItem\",\"position\":1,\"name\":\"Home\",\"item\":\"https:\/\/hoferhof.eu\/it\/\"},{\"@type\":\"ListItem\",\"position\":2,\"name\":\"Intorno\",\"item\":\"https:\/\/hoferhof.eu\/umgebung\/\"},{\"@type\":\"ListItem\",\"position\":3,\"name\":\"Chiusa\"}]},{\"@type\":\"WebSite\",\"@id\":\"https:\/\/hoferhof.eu\/en\/#website\",\"url\":\"https:\/\/hoferhof.eu\/en\/\",\"name\":\"Hofer Hof\",\"description\":\"\",\"publisher\":{\"@id\":\"https:\/\/hoferhof.eu\/en\/#organization\"},\"potentialAction\":[{\"@type\":\"SearchAction\",\"target\":{\"@type\":\"EntryPoint\",\"urlTemplate\":\"https:\/\/hoferhof.eu\/en\/?s={search_term_string}\"},\"query-input\":{\"@type\":\"PropertyValueSpecification\",\"valueRequired\":true,\"valueName\":\"search_term_string\"}}],\"inLanguage\":\"it-IT\"},{\"@type\":\"Organization\",\"@id\":\"https:\/\/hoferhof.eu\/en\/#organization\",\"name\":\"Hofer Hof\",\"url\":\"https:\/\/hoferhof.eu\/en\/\",\"logo\":{\"@type\":\"ImageObject\",\"inLanguage\":\"it-IT\",\"@id\":\"https:\/\/hoferhof.eu\/en\/#\/schema\/logo\/image\/\",\"url\":\"https:\/\/hoferhof.eu\/wp-content\/uploads\/2026\/01\/mss_renderimg.jpg\",\"contentUrl\":\"https:\/\/hoferhof.eu\/wp-content\/uploads\/2026\/01\/mss_renderimg.jpg\",\"width\":1280,\"height\":719,\"caption\":\"Hofer Hof\"},\"image\":{\"@id\":\"https:\/\/hoferhof.eu\/en\/#\/schema\/logo\/image\/\"}}]}<\/script>\n<!-- \/ Yoast SEO plugin. -->","yoast_head_json":{"title":"Chiusa - Hofer Hof","robots":{"index":"index","follow":"follow","max-snippet":"max-snippet:-1","max-image-preview":"max-image-preview:large","max-video-preview":"max-video-preview:-1"},"canonical":"https:\/\/hoferhof.eu\/umgebung\/klausen\/","og_locale":"it_IT","og_type":"article","og_title":"Chiusa - Hofer Hof","og_description":"[vc_row][vc_column][vc_column_text] Chiusa La romantica cittadina degli artisti Gi\u00e0 nel 1494 un artista del calibro di Albrecht D\u00fcrer si era innamorato della cittadina di Chiusa, fissando le sue impressioni nell&#8217;incisione &#8220;Das gro\u00dfe Gl\u00fcck&#8221;. Da allora, il fascino di Chiusa ha attirato molti artisti e poeti, che l&#8217;hanno dipinta e ne hanno cantato le lodi. La pittoresca [&hellip;]","og_url":"https:\/\/hoferhof.eu\/umgebung\/klausen\/","og_site_name":"Hofer Hof","article_modified_time":"2016-03-01T20:35:59+00:00","og_image":[{"width":1000,"height":764,"url":"https:\/\/hoferhof.eu\/wp-content\/uploads\/2014\/12\/Klausen_mit_saeben.jpg","type":"image\/jpeg"}],"twitter_misc":{"Tempo di lettura stimato":"1 minuto"},"schema":{"@context":"https:\/\/schema.org","@graph":[{"@type":"WebPage","@id":"https:\/\/hoferhof.eu\/umgebung\/klausen\/","url":"https:\/\/hoferhof.eu\/umgebung\/klausen\/","name":"Chiusa - Hofer Hof","isPartOf":{"@id":"https:\/\/hoferhof.eu\/en\/#website"},"primaryImageOfPage":{"@id":"https:\/\/hoferhof.eu\/umgebung\/klausen\/#primaryimage"},"image":{"@id":"https:\/\/hoferhof.eu\/umgebung\/klausen\/#primaryimage"},"thumbnailUrl":"https:\/\/hoferhof.eu\/wp-content\/uploads\/2014\/12\/Klausen_mit_saeben.jpg","datePublished":"2014-12-18T11:34:13+00:00","dateModified":"2016-03-01T20:35:59+00:00","breadcrumb":{"@id":"https:\/\/hoferhof.eu\/umgebung\/klausen\/#breadcrumb"},"inLanguage":"it-IT","potentialAction":[{"@type":"ReadAction","target":["https:\/\/hoferhof.eu\/umgebung\/klausen\/"]}]},{"@type":"ImageObject","inLanguage":"it-IT","@id":"https:\/\/hoferhof.eu\/umgebung\/klausen\/#primaryimage","url":"https:\/\/hoferhof.eu\/wp-content\/uploads\/2014\/12\/Klausen_mit_saeben.jpg","contentUrl":"https:\/\/hoferhof.eu\/wp-content\/uploads\/2014\/12\/Klausen_mit_saeben.jpg","width":1000,"height":764},{"@type":"BreadcrumbList","@id":"https:\/\/hoferhof.eu\/umgebung\/klausen\/#breadcrumb","itemListElement":[{"@type":"ListItem","position":1,"name":"Home","item":"https:\/\/hoferhof.eu\/it\/"},{"@type":"ListItem","position":2,"name":"Intorno","item":"https:\/\/hoferhof.eu\/umgebung\/"},{"@type":"ListItem","position":3,"name":"Chiusa"}]},{"@type":"WebSite","@id":"https:\/\/hoferhof.eu\/en\/#website","url":"https:\/\/hoferhof.eu\/en\/","name":"Hofer Hof","description":"","publisher":{"@id":"https:\/\/hoferhof.eu\/en\/#organization"},"potentialAction":[{"@type":"SearchAction","target":{"@type":"EntryPoint","urlTemplate":"https:\/\/hoferhof.eu\/en\/?s={search_term_string}"},"query-input":{"@type":"PropertyValueSpecification","valueRequired":true,"valueName":"search_term_string"}}],"inLanguage":"it-IT"},{"@type":"Organization","@id":"https:\/\/hoferhof.eu\/en\/#organization","name":"Hofer Hof","url":"https:\/\/hoferhof.eu\/en\/","logo":{"@type":"ImageObject","inLanguage":"it-IT","@id":"https:\/\/hoferhof.eu\/en\/#\/schema\/logo\/image\/","url":"https:\/\/hoferhof.eu\/wp-content\/uploads\/2026\/01\/mss_renderimg.jpg","contentUrl":"https:\/\/hoferhof.eu\/wp-content\/uploads\/2026\/01\/mss_renderimg.jpg","width":1280,"height":719,"caption":"Hofer Hof"},"image":{"@id":"https:\/\/hoferhof.eu\/en\/#\/schema\/logo\/image\/"}}]}},"_links":{"self":[{"href":"https:\/\/hoferhof.eu\/it\/wp-json\/wp\/v2\/pages\/1597","targetHints":{"allow":["GET"]}}],"collection":[{"href":"https:\/\/hoferhof.eu\/it\/wp-json\/wp\/v2\/pages"}],"about":[{"href":"https:\/\/hoferhof.eu\/it\/wp-json\/wp\/v2\/types\/page"}],"author":[{"embeddable":true,"href":"https:\/\/hoferhof.eu\/it\/wp-json\/wp\/v2\/users\/1"}],"replies":[{"embeddable":true,"href":"https:\/\/hoferhof.eu\/it\/wp-json\/wp\/v2\/comments?post=1597"}],"version-history":[{"count":4,"href":"https:\/\/hoferhof.eu\/it\/wp-json\/wp\/v2\/pages\/1597\/revisions"}],"predecessor-version":[{"id":119606,"href":"https:\/\/hoferhof.eu\/it\/wp-json\/wp\/v2\/pages\/1597\/revisions\/119606"}],"up":[{"embeddable":true,"href":"https:\/\/hoferhof.eu\/it\/wp-json\/wp\/v2\/pages\/1535"}],"wp:featuredmedia":[{"embeddable":true,"href":"https:\/\/hoferhof.eu\/it\/wp-json\/wp\/v2\/media\/866"}],"wp:attachment":[{"href":"https:\/\/hoferhof.eu\/it\/wp-json\/wp\/v2\/media?parent=1597"}],"curies":[{"name":"wp","href":"https:\/\/api.w.org\/{rel}","templated":true}]}}