{"id":1568,"date":"2014-12-18T11:31:01","date_gmt":"2014-12-18T11:31:01","guid":{"rendered":"http:\/\/hoferhof.eu\/umgebung\/feldthurns\/"},"modified":"2015-04-02T10:18:04","modified_gmt":"2015-04-02T10:18:04","slug":"feldthurns","status":"publish","type":"page","link":"https:\/\/hoferhof.eu\/it\/umgebung\/feldthurns\/","title":{"rendered":"Velturno"},"content":{"rendered":"<div class=\"wpb-content-wrapper\"><p>[vc_row][vc_column][vc_column_text]<\/p>\n<h1>Veltruno<\/h1>\n<h2>Paese soleggiato nella media montagna<\/h2>\n<p>&nbsp;<br \/>\n<strong>Giornate di vacanza baciate dal sole<\/strong><\/p>\n<p>La posizione, su un versante di mezza montagna rivolto a sud, fra maestosi castagni e magnifiche vedute sulle Odle, fu gi\u00e0 nel Seicento motivo sufficiente a spingere i vescovi di Bressanone a erigere qui nel 1577 la loro residenza estiva. Intorno a Castel Velturno si estende oggi una placida localit\u00e0 di vacanza facilmente raggiungibile con ogni mezzo. Caerna, Snodres, San Pietro Mezzomonte, Giovignano e Untrum: le frazioni di Velturno riservano molte sorprese, dalle infinite possibilit\u00e0 di escursione, alle frasche in cui assaggiare in autunno castagne e vino nuovo, dai boschi ombrosi alla piscina incastonata come un gioiello nel paesaggio di mezza montagna.<\/p>\n<p>&nbsp;<\/p>\n<p><strong>Escursioni tutto l\u2019anno<\/strong><\/p>\n<p>Il sentiero delle castagne, le malghe dell\u2019Alpe delle Vacche e di Lazfons con ristori aperti al pubblico tutto l\u2019anno, il Rifugio al Lago Rodella e la vetta Monte del Pascolo (K\u00f6nigsangerspitze 2436m): le possibilit\u00e0 di escursione vengono incontro a tutti i gusti, dalle tranquille camminate fra castagni e vigneti, alle passeggiate sul greto del fiume vicino a Caerna o, ancora, fra le alture delle Alpi Sarentine. Anche le malghe di Villandro e di Lazfons e le vicine localit\u00e0 di Barbiano e Villandro sono raggiungibili a piedi.<\/p>\n<p>&nbsp;<\/p>\n<p><strong>I pendii soleggiati di Velturno: storia e cultura<\/strong><\/p>\n<p>Gli scavi condotti in via Tanzgasse hanno portato alla luce reperti che indicano come la felice posizione della localit\u00e0 fosse apprezzata gi\u00e0 5000 anni prima di Cristo. Anche i vescovi di Bressanone, secoli e secoli pi\u00f9 tardi, scelsero non a caso quest\u2019amena localit\u00e0 panoramica come residenza estiva.<br \/>\nOggi Velturno punta su ci\u00f2 che la natura le ha donato. Le proposte escursionistico-culturali sono incentrate su vino, castagne e tradizioni (prima fra tutte quella del T\u00f6rggelen) e promettono di arricchire felicemente ogni vacanza.[\/vc_column_text][\/vc_column][\/vc_row][vc_row][vc_column width=&#8221;1\/1&#8243;][vc_column_text]<span><p>[vc_row][vc_column][vc_gallery type=\"image_grid\" images=\"796,793,790,1125,236410,236356,236331,236328,236496,236401,236447,236353\" img_size=\"190x160\"][\/vc_column][\/vc_row]<\/p>\n<\/span>[\/vc_column_text][\/vc_column][\/vc_row]<\/p>\n<\/div>","protected":false},"excerpt":{"rendered":"<p>[vc_row][vc_column][vc_column_text] Veltruno Paese soleggiato nella media montagna &nbsp; Giornate di vacanza baciate dal sole La posizione, su un versante di mezza montagna rivolto a sud, fra maestosi castagni e magnifiche vedute sulle Odle, fu gi\u00e0 nel Seicento motivo sufficiente a spingere i vescovi di Bressanone a erigere qui nel 1577 la loro residenza estiva. Intorno [&hellip;]<\/p>\n","protected":false},"author":1,"featured_media":792,"parent":1535,"menu_order":1,"comment_status":"open","ping_status":"closed","template":"","meta":{"footnotes":""},"class_list":["post-1568","page","type-page","status-publish","has-post-thumbnail","hentry"],"yoast_head":"<!-- This site is optimized with the Yoast SEO plugin v25.1 - https:\/\/yoast.com\/wordpress\/plugins\/seo\/ -->\n<title>Velturno - Hofer Hof<\/title>\n<meta name=\"robots\" content=\"index, follow, max-snippet:-1, max-image-preview:large, max-video-preview:-1\" \/>\n<link rel=\"canonical\" href=\"https:\/\/hoferhof.eu\/umgebung\/feldthurns\/\" \/>\n<meta property=\"og:locale\" content=\"it_IT\" \/>\n<meta property=\"og:type\" content=\"article\" \/>\n<meta property=\"og:title\" content=\"Velturno - Hofer Hof\" \/>\n<meta property=\"og:description\" content=\"[vc_row][vc_column][vc_column_text] Veltruno Paese soleggiato nella media montagna &nbsp; Giornate di vacanza baciate dal sole La posizione, su un versante di mezza montagna rivolto a sud, fra maestosi castagni e magnifiche vedute sulle Odle, fu gi\u00e0 nel Seicento motivo sufficiente a spingere i vescovi di Bressanone a erigere qui nel 1577 la loro residenza estiva. Intorno [&hellip;]\" \/>\n<meta property=\"og:url\" content=\"https:\/\/hoferhof.eu\/umgebung\/feldthurns\/\" \/>\n<meta property=\"og:site_name\" content=\"Hofer Hof\" \/>\n<meta property=\"article:modified_time\" content=\"2015-04-02T10:18:04+00:00\" \/>\n<meta property=\"og:image\" content=\"https:\/\/hoferhof.eu\/wp-content\/uploads\/2014\/12\/DSC_0035.jpg\" \/>\n\t<meta property=\"og:image:width\" content=\"1000\" \/>\n\t<meta property=\"og:image:height\" content=\"665\" \/>\n\t<meta property=\"og:image:type\" content=\"image\/jpeg\" \/>\n<meta name=\"twitter:label1\" content=\"Tempo di lettura stimato\" \/>\n\t<meta name=\"twitter:data1\" content=\"2 minuti\" \/>\n<script type=\"application\/ld+json\" class=\"yoast-schema-graph\">{\"@context\":\"https:\/\/schema.org\",\"@graph\":[{\"@type\":\"WebPage\",\"@id\":\"https:\/\/hoferhof.eu\/umgebung\/feldthurns\/\",\"url\":\"https:\/\/hoferhof.eu\/umgebung\/feldthurns\/\",\"name\":\"Velturno - Hofer Hof\",\"isPartOf\":{\"@id\":\"https:\/\/hoferhof.eu\/en\/#website\"},\"primaryImageOfPage\":{\"@id\":\"https:\/\/hoferhof.eu\/umgebung\/feldthurns\/#primaryimage\"},\"image\":{\"@id\":\"https:\/\/hoferhof.eu\/umgebung\/feldthurns\/#primaryimage\"},\"thumbnailUrl\":\"https:\/\/hoferhof.eu\/wp-content\/uploads\/2014\/12\/DSC_0035.jpg\",\"datePublished\":\"2014-12-18T11:31:01+00:00\",\"dateModified\":\"2015-04-02T10:18:04+00:00\",\"breadcrumb\":{\"@id\":\"https:\/\/hoferhof.eu\/umgebung\/feldthurns\/#breadcrumb\"},\"inLanguage\":\"it-IT\",\"potentialAction\":[{\"@type\":\"ReadAction\",\"target\":[\"https:\/\/hoferhof.eu\/umgebung\/feldthurns\/\"]}]},{\"@type\":\"ImageObject\",\"inLanguage\":\"it-IT\",\"@id\":\"https:\/\/hoferhof.eu\/umgebung\/feldthurns\/#primaryimage\",\"url\":\"https:\/\/hoferhof.eu\/wp-content\/uploads\/2014\/12\/DSC_0035.jpg\",\"contentUrl\":\"https:\/\/hoferhof.eu\/wp-content\/uploads\/2014\/12\/DSC_0035.jpg\",\"width\":1000,\"height\":665},{\"@type\":\"BreadcrumbList\",\"@id\":\"https:\/\/hoferhof.eu\/umgebung\/feldthurns\/#breadcrumb\",\"itemListElement\":[{\"@type\":\"ListItem\",\"position\":1,\"name\":\"Home\",\"item\":\"https:\/\/hoferhof.eu\/it\/\"},{\"@type\":\"ListItem\",\"position\":2,\"name\":\"Intorno\",\"item\":\"https:\/\/hoferhof.eu\/umgebung\/\"},{\"@type\":\"ListItem\",\"position\":3,\"name\":\"Velturno\"}]},{\"@type\":\"WebSite\",\"@id\":\"https:\/\/hoferhof.eu\/en\/#website\",\"url\":\"https:\/\/hoferhof.eu\/en\/\",\"name\":\"Hofer Hof\",\"description\":\"\",\"publisher\":{\"@id\":\"https:\/\/hoferhof.eu\/en\/#organization\"},\"potentialAction\":[{\"@type\":\"SearchAction\",\"target\":{\"@type\":\"EntryPoint\",\"urlTemplate\":\"https:\/\/hoferhof.eu\/en\/?s={search_term_string}\"},\"query-input\":{\"@type\":\"PropertyValueSpecification\",\"valueRequired\":true,\"valueName\":\"search_term_string\"}}],\"inLanguage\":\"it-IT\"},{\"@type\":\"Organization\",\"@id\":\"https:\/\/hoferhof.eu\/en\/#organization\",\"name\":\"Hofer Hof\",\"url\":\"https:\/\/hoferhof.eu\/en\/\",\"logo\":{\"@type\":\"ImageObject\",\"inLanguage\":\"it-IT\",\"@id\":\"https:\/\/hoferhof.eu\/en\/#\/schema\/logo\/image\/\",\"url\":\"https:\/\/hoferhof.eu\/wp-content\/uploads\/2026\/01\/mss_renderimg.jpg\",\"contentUrl\":\"https:\/\/hoferhof.eu\/wp-content\/uploads\/2026\/01\/mss_renderimg.jpg\",\"width\":1280,\"height\":719,\"caption\":\"Hofer Hof\"},\"image\":{\"@id\":\"https:\/\/hoferhof.eu\/en\/#\/schema\/logo\/image\/\"}}]}<\/script>\n<!-- \/ Yoast SEO plugin. -->","yoast_head_json":{"title":"Velturno - Hofer Hof","robots":{"index":"index","follow":"follow","max-snippet":"max-snippet:-1","max-image-preview":"max-image-preview:large","max-video-preview":"max-video-preview:-1"},"canonical":"https:\/\/hoferhof.eu\/umgebung\/feldthurns\/","og_locale":"it_IT","og_type":"article","og_title":"Velturno - Hofer Hof","og_description":"[vc_row][vc_column][vc_column_text] Veltruno Paese soleggiato nella media montagna &nbsp; Giornate di vacanza baciate dal sole La posizione, su un versante di mezza montagna rivolto a sud, fra maestosi castagni e magnifiche vedute sulle Odle, fu gi\u00e0 nel Seicento motivo sufficiente a spingere i vescovi di Bressanone a erigere qui nel 1577 la loro residenza estiva. Intorno [&hellip;]","og_url":"https:\/\/hoferhof.eu\/umgebung\/feldthurns\/","og_site_name":"Hofer Hof","article_modified_time":"2015-04-02T10:18:04+00:00","og_image":[{"width":1000,"height":665,"url":"https:\/\/hoferhof.eu\/wp-content\/uploads\/2014\/12\/DSC_0035.jpg","type":"image\/jpeg"}],"twitter_misc":{"Tempo di lettura stimato":"2 minuti"},"schema":{"@context":"https:\/\/schema.org","@graph":[{"@type":"WebPage","@id":"https:\/\/hoferhof.eu\/umgebung\/feldthurns\/","url":"https:\/\/hoferhof.eu\/umgebung\/feldthurns\/","name":"Velturno - Hofer Hof","isPartOf":{"@id":"https:\/\/hoferhof.eu\/en\/#website"},"primaryImageOfPage":{"@id":"https:\/\/hoferhof.eu\/umgebung\/feldthurns\/#primaryimage"},"image":{"@id":"https:\/\/hoferhof.eu\/umgebung\/feldthurns\/#primaryimage"},"thumbnailUrl":"https:\/\/hoferhof.eu\/wp-content\/uploads\/2014\/12\/DSC_0035.jpg","datePublished":"2014-12-18T11:31:01+00:00","dateModified":"2015-04-02T10:18:04+00:00","breadcrumb":{"@id":"https:\/\/hoferhof.eu\/umgebung\/feldthurns\/#breadcrumb"},"inLanguage":"it-IT","potentialAction":[{"@type":"ReadAction","target":["https:\/\/hoferhof.eu\/umgebung\/feldthurns\/"]}]},{"@type":"ImageObject","inLanguage":"it-IT","@id":"https:\/\/hoferhof.eu\/umgebung\/feldthurns\/#primaryimage","url":"https:\/\/hoferhof.eu\/wp-content\/uploads\/2014\/12\/DSC_0035.jpg","contentUrl":"https:\/\/hoferhof.eu\/wp-content\/uploads\/2014\/12\/DSC_0035.jpg","width":1000,"height":665},{"@type":"BreadcrumbList","@id":"https:\/\/hoferhof.eu\/umgebung\/feldthurns\/#breadcrumb","itemListElement":[{"@type":"ListItem","position":1,"name":"Home","item":"https:\/\/hoferhof.eu\/it\/"},{"@type":"ListItem","position":2,"name":"Intorno","item":"https:\/\/hoferhof.eu\/umgebung\/"},{"@type":"ListItem","position":3,"name":"Velturno"}]},{"@type":"WebSite","@id":"https:\/\/hoferhof.eu\/en\/#website","url":"https:\/\/hoferhof.eu\/en\/","name":"Hofer Hof","description":"","publisher":{"@id":"https:\/\/hoferhof.eu\/en\/#organization"},"potentialAction":[{"@type":"SearchAction","target":{"@type":"EntryPoint","urlTemplate":"https:\/\/hoferhof.eu\/en\/?s={search_term_string}"},"query-input":{"@type":"PropertyValueSpecification","valueRequired":true,"valueName":"search_term_string"}}],"inLanguage":"it-IT"},{"@type":"Organization","@id":"https:\/\/hoferhof.eu\/en\/#organization","name":"Hofer Hof","url":"https:\/\/hoferhof.eu\/en\/","logo":{"@type":"ImageObject","inLanguage":"it-IT","@id":"https:\/\/hoferhof.eu\/en\/#\/schema\/logo\/image\/","url":"https:\/\/hoferhof.eu\/wp-content\/uploads\/2026\/01\/mss_renderimg.jpg","contentUrl":"https:\/\/hoferhof.eu\/wp-content\/uploads\/2026\/01\/mss_renderimg.jpg","width":1280,"height":719,"caption":"Hofer Hof"},"image":{"@id":"https:\/\/hoferhof.eu\/en\/#\/schema\/logo\/image\/"}}]}},"_links":{"self":[{"href":"https:\/\/hoferhof.eu\/it\/wp-json\/wp\/v2\/pages\/1568","targetHints":{"allow":["GET"]}}],"collection":[{"href":"https:\/\/hoferhof.eu\/it\/wp-json\/wp\/v2\/pages"}],"about":[{"href":"https:\/\/hoferhof.eu\/it\/wp-json\/wp\/v2\/types\/page"}],"author":[{"embeddable":true,"href":"https:\/\/hoferhof.eu\/it\/wp-json\/wp\/v2\/users\/1"}],"replies":[{"embeddable":true,"href":"https:\/\/hoferhof.eu\/it\/wp-json\/wp\/v2\/comments?post=1568"}],"version-history":[{"count":2,"href":"https:\/\/hoferhof.eu\/it\/wp-json\/wp\/v2\/pages\/1568\/revisions"}],"predecessor-version":[{"id":1869,"href":"https:\/\/hoferhof.eu\/it\/wp-json\/wp\/v2\/pages\/1568\/revisions\/1869"}],"up":[{"embeddable":true,"href":"https:\/\/hoferhof.eu\/it\/wp-json\/wp\/v2\/pages\/1535"}],"wp:featuredmedia":[{"embeddable":true,"href":"https:\/\/hoferhof.eu\/it\/wp-json\/wp\/v2\/media\/792"}],"wp:attachment":[{"href":"https:\/\/hoferhof.eu\/it\/wp-json\/wp\/v2\/media?parent=1568"}],"curies":[{"name":"wp","href":"https:\/\/api.w.org\/{rel}","templated":true}]}}