{"id":1384,"date":"2014-12-15T17:35:33","date_gmt":"2014-12-15T17:35:33","guid":{"rendered":"http:\/\/hoferhof.eu\/beispiel-seite\/lage-und-anfahrt\/"},"modified":"2015-04-02T09:41:05","modified_gmt":"2015-04-02T09:41:05","slug":"lage-und-anfahrt","status":"publish","type":"page","link":"https:\/\/hoferhof.eu\/it\/beispiel-seite\/lage-und-anfahrt\/","title":{"rendered":"Posizione"},"content":{"rendered":"<div class=\"wpb-content-wrapper\"><p>[vc_row][vc_column width=&#8221;1\/1&#8243;][vc_column_text]<\/p>\n<h1>Posizione<\/h1>\n<p><span><b>Le note distintive del nostro agriturismo:<\/b><\/span><br \/>\n<span>Si trova in posizione esclusiva, nella piccola localit\u00e0 di San Pietro Mezzomonte, frazione di Velturno che conta appena 300 abitanti. Il nostro maso indipendente \u00e8 adagiato in mezzo a vigneti soleggiati tra Bressanone e Chiusa, la cittadina degli artisti. In paese ci sono negozi di generi alimentari, un parrucchiere, un supermercato e un vivaio. A 10 minuti di macchina si trovano Velturno, Bressanone e Chiusa. <\/span><\/p>\n<p><b><span>Punto di partenza ideale per:<\/span><\/b><br \/>\n<span>escursioni, gite culturali, localit\u00e0 sciistiche e attivit\u00e0 sportive. La pista ciclabile \u00e8 raggiungibile comodamente dal nostro agriturismo.<\/span>[\/vc_column_text][\/vc_column][\/vc_row]<\/p>\n<\/div>","protected":false},"excerpt":{"rendered":"<p>[vc_row][vc_column width=&#8221;1\/1&#8243;][vc_column_text] Posizione Le note distintive del nostro agriturismo: Si trova in posizione esclusiva, nella piccola localit\u00e0 di San Pietro Mezzomonte, frazione di Velturno che conta appena 300 abitanti. Il nostro maso indipendente \u00e8 adagiato in mezzo a vigneti soleggiati tra Bressanone e Chiusa, la cittadina degli artisti. In paese ci sono negozi di generi [&hellip;]<\/p>\n","protected":false},"author":1,"featured_media":0,"parent":1320,"menu_order":0,"comment_status":"open","ping_status":"open","template":"","meta":{"footnotes":""},"class_list":["post-1384","page","type-page","status-publish","hentry"],"yoast_head":"<!-- This site is optimized with the Yoast SEO plugin v25.1 - https:\/\/yoast.com\/wordpress\/plugins\/seo\/ -->\n<title>Posizione - Hofer Hof<\/title>\n<meta name=\"robots\" content=\"index, follow, max-snippet:-1, max-image-preview:large, max-video-preview:-1\" \/>\n<link rel=\"canonical\" href=\"https:\/\/hoferhof.eu\/?page_id=21\" \/>\n<meta property=\"og:locale\" content=\"it_IT\" \/>\n<meta property=\"og:type\" content=\"article\" \/>\n<meta property=\"og:title\" content=\"Posizione - Hofer Hof\" \/>\n<meta property=\"og:description\" content=\"[vc_row][vc_column width=&#8221;1\/1&#8243;][vc_column_text] Posizione Le note distintive del nostro agriturismo: Si trova in posizione esclusiva, nella piccola localit\u00e0 di San Pietro Mezzomonte, frazione di Velturno che conta appena 300 abitanti. Il nostro maso indipendente \u00e8 adagiato in mezzo a vigneti soleggiati tra Bressanone e Chiusa, la cittadina degli artisti. In paese ci sono negozi di generi [&hellip;]\" \/>\n<meta property=\"og:url\" content=\"https:\/\/hoferhof.eu\/?page_id=21\" \/>\n<meta property=\"og:site_name\" content=\"Hofer Hof\" \/>\n<meta property=\"article:modified_time\" content=\"2015-04-02T09:41:05+00:00\" \/>\n<meta name=\"twitter:label1\" content=\"Tempo di lettura stimato\" \/>\n\t<meta name=\"twitter:data1\" content=\"1 minuto\" \/>\n<script type=\"application\/ld+json\" class=\"yoast-schema-graph\">{\"@context\":\"https:\/\/schema.org\",\"@graph\":[{\"@type\":\"WebPage\",\"@id\":\"https:\/\/hoferhof.eu\/?page_id=21\",\"url\":\"https:\/\/hoferhof.eu\/?page_id=21\",\"name\":\"Posizione - Hofer Hof\",\"isPartOf\":{\"@id\":\"https:\/\/hoferhof.eu\/en\/#website\"},\"datePublished\":\"2014-12-15T17:35:33+00:00\",\"dateModified\":\"2015-04-02T09:41:05+00:00\",\"breadcrumb\":{\"@id\":\"https:\/\/hoferhof.eu\/?page_id=21#breadcrumb\"},\"inLanguage\":\"it-IT\",\"potentialAction\":[{\"@type\":\"ReadAction\",\"target\":[\"https:\/\/hoferhof.eu\/?page_id=21\"]}]},{\"@type\":\"BreadcrumbList\",\"@id\":\"https:\/\/hoferhof.eu\/?page_id=21#breadcrumb\",\"itemListElement\":[{\"@type\":\"ListItem\",\"position\":1,\"name\":\"Home\",\"item\":\"https:\/\/hoferhof.eu\/it\/\"},{\"@type\":\"ListItem\",\"position\":2,\"name\":\"Il Hoferhof\",\"item\":\"https:\/\/hoferhof.eu\/it\/\"},{\"@type\":\"ListItem\",\"position\":3,\"name\":\"Posizione\"}]},{\"@type\":\"WebSite\",\"@id\":\"https:\/\/hoferhof.eu\/en\/#website\",\"url\":\"https:\/\/hoferhof.eu\/en\/\",\"name\":\"Hofer Hof\",\"description\":\"\",\"publisher\":{\"@id\":\"https:\/\/hoferhof.eu\/en\/#organization\"},\"potentialAction\":[{\"@type\":\"SearchAction\",\"target\":{\"@type\":\"EntryPoint\",\"urlTemplate\":\"https:\/\/hoferhof.eu\/en\/?s={search_term_string}\"},\"query-input\":{\"@type\":\"PropertyValueSpecification\",\"valueRequired\":true,\"valueName\":\"search_term_string\"}}],\"inLanguage\":\"it-IT\"},{\"@type\":\"Organization\",\"@id\":\"https:\/\/hoferhof.eu\/en\/#organization\",\"name\":\"Hofer Hof\",\"url\":\"https:\/\/hoferhof.eu\/en\/\",\"logo\":{\"@type\":\"ImageObject\",\"inLanguage\":\"it-IT\",\"@id\":\"https:\/\/hoferhof.eu\/en\/#\/schema\/logo\/image\/\",\"url\":\"https:\/\/hoferhof.eu\/wp-content\/uploads\/2026\/01\/mss_renderimg.jpg\",\"contentUrl\":\"https:\/\/hoferhof.eu\/wp-content\/uploads\/2026\/01\/mss_renderimg.jpg\",\"width\":1280,\"height\":719,\"caption\":\"Hofer Hof\"},\"image\":{\"@id\":\"https:\/\/hoferhof.eu\/en\/#\/schema\/logo\/image\/\"}}]}<\/script>\n<!-- \/ Yoast SEO plugin. -->","yoast_head_json":{"title":"Posizione - Hofer Hof","robots":{"index":"index","follow":"follow","max-snippet":"max-snippet:-1","max-image-preview":"max-image-preview:large","max-video-preview":"max-video-preview:-1"},"canonical":"https:\/\/hoferhof.eu\/?page_id=21","og_locale":"it_IT","og_type":"article","og_title":"Posizione - Hofer Hof","og_description":"[vc_row][vc_column width=&#8221;1\/1&#8243;][vc_column_text] Posizione Le note distintive del nostro agriturismo: Si trova in posizione esclusiva, nella piccola localit\u00e0 di San Pietro Mezzomonte, frazione di Velturno che conta appena 300 abitanti. Il nostro maso indipendente \u00e8 adagiato in mezzo a vigneti soleggiati tra Bressanone e Chiusa, la cittadina degli artisti. In paese ci sono negozi di generi [&hellip;]","og_url":"https:\/\/hoferhof.eu\/?page_id=21","og_site_name":"Hofer Hof","article_modified_time":"2015-04-02T09:41:05+00:00","twitter_misc":{"Tempo di lettura stimato":"1 minuto"},"schema":{"@context":"https:\/\/schema.org","@graph":[{"@type":"WebPage","@id":"https:\/\/hoferhof.eu\/?page_id=21","url":"https:\/\/hoferhof.eu\/?page_id=21","name":"Posizione - Hofer Hof","isPartOf":{"@id":"https:\/\/hoferhof.eu\/en\/#website"},"datePublished":"2014-12-15T17:35:33+00:00","dateModified":"2015-04-02T09:41:05+00:00","breadcrumb":{"@id":"https:\/\/hoferhof.eu\/?page_id=21#breadcrumb"},"inLanguage":"it-IT","potentialAction":[{"@type":"ReadAction","target":["https:\/\/hoferhof.eu\/?page_id=21"]}]},{"@type":"BreadcrumbList","@id":"https:\/\/hoferhof.eu\/?page_id=21#breadcrumb","itemListElement":[{"@type":"ListItem","position":1,"name":"Home","item":"https:\/\/hoferhof.eu\/it\/"},{"@type":"ListItem","position":2,"name":"Il Hoferhof","item":"https:\/\/hoferhof.eu\/it\/"},{"@type":"ListItem","position":3,"name":"Posizione"}]},{"@type":"WebSite","@id":"https:\/\/hoferhof.eu\/en\/#website","url":"https:\/\/hoferhof.eu\/en\/","name":"Hofer Hof","description":"","publisher":{"@id":"https:\/\/hoferhof.eu\/en\/#organization"},"potentialAction":[{"@type":"SearchAction","target":{"@type":"EntryPoint","urlTemplate":"https:\/\/hoferhof.eu\/en\/?s={search_term_string}"},"query-input":{"@type":"PropertyValueSpecification","valueRequired":true,"valueName":"search_term_string"}}],"inLanguage":"it-IT"},{"@type":"Organization","@id":"https:\/\/hoferhof.eu\/en\/#organization","name":"Hofer Hof","url":"https:\/\/hoferhof.eu\/en\/","logo":{"@type":"ImageObject","inLanguage":"it-IT","@id":"https:\/\/hoferhof.eu\/en\/#\/schema\/logo\/image\/","url":"https:\/\/hoferhof.eu\/wp-content\/uploads\/2026\/01\/mss_renderimg.jpg","contentUrl":"https:\/\/hoferhof.eu\/wp-content\/uploads\/2026\/01\/mss_renderimg.jpg","width":1280,"height":719,"caption":"Hofer Hof"},"image":{"@id":"https:\/\/hoferhof.eu\/en\/#\/schema\/logo\/image\/"}}]}},"_links":{"self":[{"href":"https:\/\/hoferhof.eu\/it\/wp-json\/wp\/v2\/pages\/1384","targetHints":{"allow":["GET"]}}],"collection":[{"href":"https:\/\/hoferhof.eu\/it\/wp-json\/wp\/v2\/pages"}],"about":[{"href":"https:\/\/hoferhof.eu\/it\/wp-json\/wp\/v2\/types\/page"}],"author":[{"embeddable":true,"href":"https:\/\/hoferhof.eu\/it\/wp-json\/wp\/v2\/users\/1"}],"replies":[{"embeddable":true,"href":"https:\/\/hoferhof.eu\/it\/wp-json\/wp\/v2\/comments?post=1384"}],"version-history":[{"count":3,"href":"https:\/\/hoferhof.eu\/it\/wp-json\/wp\/v2\/pages\/1384\/revisions"}],"predecessor-version":[{"id":1859,"href":"https:\/\/hoferhof.eu\/it\/wp-json\/wp\/v2\/pages\/1384\/revisions\/1859"}],"up":[{"embeddable":true,"href":"https:\/\/hoferhof.eu\/it\/wp-json\/wp\/v2\/pages\/1320"}],"wp:attachment":[{"href":"https:\/\/hoferhof.eu\/it\/wp-json\/wp\/v2\/media?parent=1384"}],"curies":[{"name":"wp","href":"https:\/\/api.w.org\/{rel}","templated":true}]}}