{"id":1361,"date":"2014-12-15T17:41:40","date_gmt":"2014-12-15T17:41:40","guid":{"rendered":"http:\/\/hoferhof.eu\/beispiel-seite\/hofeigene-produkte\/"},"modified":"2016-03-01T21:01:58","modified_gmt":"2016-03-01T21:01:58","slug":"hofeigene-produkte","status":"publish","type":"page","link":"https:\/\/hoferhof.eu\/it\/beispiel-seite\/hofeigene-produkte\/","title":{"rendered":"Prodotti del nostro maso"},"content":{"rendered":"<div class=\"wpb-content-wrapper\"><p>[vc_row][vc_column][vc_column_text]<\/p>\n<h1>I prodotti del nostro maso<\/h1>\n<p>Il nostro maso produce frutta e vino. Le colline circostanti sono coltivate a vigneti per la produzione di vini bianchi come il Silvaner, il Traminer aromatico (Gew\u00fcrztraminer), il M\u00fcller Thurgau, il Kerner, il Riesling, il Pinot grigio (Rul\u00e4nder), ma anche vini rossi come il Portugieser e lo Zweigelt.<br \/>\nNelle zone pi\u00f9 basse si trovano prati e campi coltivati a meleti di diverse variet\u00e0: Golden Delicious, Gala, Granny, Fuji, Braeburn, Fiorina.<\/p>\n<p>Oltre al nostro vino della casa vendiamo frutta fresca di stagione, verdure, spezie e succhi di frutta fatti in casa.<\/p>\n<p>I nostri prodotti di casa di vendita lei trova all&#8217;interno della nostra azienda. \u00c8 possibile acquistare l\u00ec; Il succo di mela, sciroppo, frutta e verdura e noci. Frutta e verdura pu\u00f2 essere trovato qui dalla primavera al tardo autunno. Qualcosa di speciale sono le castagne freschi dei nostri anziani alberi castagni in autunno.[\/vc_column_text][\/vc_column][\/vc_row][vc_row][vc_column][vc_column_text]<span><p>[vc_row][vc_column][vc_gallery type=\"image_grid\" images=\"437,413,419,434,422,428,431,440,1525,1510,498,119887\" img_size=\"190x160\"][\/vc_column][\/vc_row]<\/p>\n<\/span>[\/vc_column_text][\/vc_column][\/vc_row]<\/p>\n<\/div>","protected":false},"excerpt":{"rendered":"<p>[vc_row][vc_column][vc_column_text] I prodotti del nostro maso Il nostro maso produce frutta e vino. Le colline circostanti sono coltivate a vigneti per la produzione di vini bianchi come il Silvaner, il Traminer aromatico (Gew\u00fcrztraminer), il M\u00fcller Thurgau, il Kerner, il Riesling, il Pinot grigio (Rul\u00e4nder), ma anche vini rossi come il Portugieser e lo Zweigelt. Nelle [&hellip;]<\/p>\n","protected":false},"author":1,"featured_media":458,"parent":1320,"menu_order":0,"comment_status":"open","ping_status":"open","template":"","meta":{"footnotes":""},"class_list":["post-1361","page","type-page","status-publish","has-post-thumbnail","hentry"],"yoast_head":"<!-- This site is optimized with the Yoast SEO plugin v25.1 - https:\/\/yoast.com\/wordpress\/plugins\/seo\/ -->\n<title>Prodotti del nostro maso - Hofer Hof<\/title>\n<meta name=\"robots\" content=\"index, follow, max-snippet:-1, max-image-preview:large, max-video-preview:-1\" \/>\n<link rel=\"canonical\" href=\"https:\/\/hoferhof.eu\/beispiel-seite\/hofeigene-produkt\/\" \/>\n<meta property=\"og:locale\" content=\"it_IT\" \/>\n<meta property=\"og:type\" content=\"article\" \/>\n<meta property=\"og:title\" content=\"Prodotti del nostro maso - Hofer Hof\" \/>\n<meta property=\"og:description\" content=\"[vc_row][vc_column][vc_column_text] I prodotti del nostro maso Il nostro maso produce frutta e vino. Le colline circostanti sono coltivate a vigneti per la produzione di vini bianchi come il Silvaner, il Traminer aromatico (Gew\u00fcrztraminer), il M\u00fcller Thurgau, il Kerner, il Riesling, il Pinot grigio (Rul\u00e4nder), ma anche vini rossi come il Portugieser e lo Zweigelt. Nelle [&hellip;]\" \/>\n<meta property=\"og:url\" content=\"https:\/\/hoferhof.eu\/beispiel-seite\/hofeigene-produkt\/\" \/>\n<meta property=\"og:site_name\" content=\"Hofer Hof\" \/>\n<meta property=\"article:modified_time\" content=\"2016-03-01T21:01:58+00:00\" \/>\n<meta property=\"og:image\" content=\"https:\/\/hoferhof.eu\/wp-content\/uploads\/2014\/12\/img_00491.jpg\" \/>\n\t<meta property=\"og:image:width\" content=\"1500\" \/>\n\t<meta property=\"og:image:height\" content=\"700\" \/>\n\t<meta property=\"og:image:type\" content=\"image\/jpeg\" \/>\n<meta name=\"twitter:label1\" content=\"Tempo di lettura stimato\" \/>\n\t<meta name=\"twitter:data1\" content=\"1 minuto\" \/>\n<script type=\"application\/ld+json\" class=\"yoast-schema-graph\">{\"@context\":\"https:\/\/schema.org\",\"@graph\":[{\"@type\":\"WebPage\",\"@id\":\"https:\/\/hoferhof.eu\/beispiel-seite\/hofeigene-produkt\/\",\"url\":\"https:\/\/hoferhof.eu\/beispiel-seite\/hofeigene-produkt\/\",\"name\":\"Prodotti del nostro maso - Hofer Hof\",\"isPartOf\":{\"@id\":\"https:\/\/hoferhof.eu\/en\/#website\"},\"primaryImageOfPage\":{\"@id\":\"https:\/\/hoferhof.eu\/beispiel-seite\/hofeigene-produkt\/#primaryimage\"},\"image\":{\"@id\":\"https:\/\/hoferhof.eu\/beispiel-seite\/hofeigene-produkt\/#primaryimage\"},\"thumbnailUrl\":\"https:\/\/hoferhof.eu\/wp-content\/uploads\/2014\/12\/img_00491.jpg\",\"datePublished\":\"2014-12-15T17:41:40+00:00\",\"dateModified\":\"2016-03-01T21:01:58+00:00\",\"breadcrumb\":{\"@id\":\"https:\/\/hoferhof.eu\/beispiel-seite\/hofeigene-produkt\/#breadcrumb\"},\"inLanguage\":\"it-IT\",\"potentialAction\":[{\"@type\":\"ReadAction\",\"target\":[\"https:\/\/hoferhof.eu\/beispiel-seite\/hofeigene-produkt\/\"]}]},{\"@type\":\"ImageObject\",\"inLanguage\":\"it-IT\",\"@id\":\"https:\/\/hoferhof.eu\/beispiel-seite\/hofeigene-produkt\/#primaryimage\",\"url\":\"https:\/\/hoferhof.eu\/wp-content\/uploads\/2014\/12\/img_00491.jpg\",\"contentUrl\":\"https:\/\/hoferhof.eu\/wp-content\/uploads\/2014\/12\/img_00491.jpg\",\"width\":1500,\"height\":700},{\"@type\":\"BreadcrumbList\",\"@id\":\"https:\/\/hoferhof.eu\/beispiel-seite\/hofeigene-produkt\/#breadcrumb\",\"itemListElement\":[{\"@type\":\"ListItem\",\"position\":1,\"name\":\"Home\",\"item\":\"https:\/\/hoferhof.eu\/it\/\"},{\"@type\":\"ListItem\",\"position\":2,\"name\":\"Il Hoferhof\",\"item\":\"https:\/\/hoferhof.eu\/it\/\"},{\"@type\":\"ListItem\",\"position\":3,\"name\":\"Prodotti del nostro maso\"}]},{\"@type\":\"WebSite\",\"@id\":\"https:\/\/hoferhof.eu\/en\/#website\",\"url\":\"https:\/\/hoferhof.eu\/en\/\",\"name\":\"Hofer Hof\",\"description\":\"\",\"publisher\":{\"@id\":\"https:\/\/hoferhof.eu\/en\/#organization\"},\"potentialAction\":[{\"@type\":\"SearchAction\",\"target\":{\"@type\":\"EntryPoint\",\"urlTemplate\":\"https:\/\/hoferhof.eu\/en\/?s={search_term_string}\"},\"query-input\":{\"@type\":\"PropertyValueSpecification\",\"valueRequired\":true,\"valueName\":\"search_term_string\"}}],\"inLanguage\":\"it-IT\"},{\"@type\":\"Organization\",\"@id\":\"https:\/\/hoferhof.eu\/en\/#organization\",\"name\":\"Hofer Hof\",\"url\":\"https:\/\/hoferhof.eu\/en\/\",\"logo\":{\"@type\":\"ImageObject\",\"inLanguage\":\"it-IT\",\"@id\":\"https:\/\/hoferhof.eu\/en\/#\/schema\/logo\/image\/\",\"url\":\"https:\/\/hoferhof.eu\/wp-content\/uploads\/2026\/01\/mss_renderimg.jpg\",\"contentUrl\":\"https:\/\/hoferhof.eu\/wp-content\/uploads\/2026\/01\/mss_renderimg.jpg\",\"width\":1280,\"height\":719,\"caption\":\"Hofer Hof\"},\"image\":{\"@id\":\"https:\/\/hoferhof.eu\/en\/#\/schema\/logo\/image\/\"}}]}<\/script>\n<!-- \/ Yoast SEO plugin. -->","yoast_head_json":{"title":"Prodotti del nostro maso - Hofer Hof","robots":{"index":"index","follow":"follow","max-snippet":"max-snippet:-1","max-image-preview":"max-image-preview:large","max-video-preview":"max-video-preview:-1"},"canonical":"https:\/\/hoferhof.eu\/beispiel-seite\/hofeigene-produkt\/","og_locale":"it_IT","og_type":"article","og_title":"Prodotti del nostro maso - Hofer Hof","og_description":"[vc_row][vc_column][vc_column_text] I prodotti del nostro maso Il nostro maso produce frutta e vino. Le colline circostanti sono coltivate a vigneti per la produzione di vini bianchi come il Silvaner, il Traminer aromatico (Gew\u00fcrztraminer), il M\u00fcller Thurgau, il Kerner, il Riesling, il Pinot grigio (Rul\u00e4nder), ma anche vini rossi come il Portugieser e lo Zweigelt. Nelle [&hellip;]","og_url":"https:\/\/hoferhof.eu\/beispiel-seite\/hofeigene-produkt\/","og_site_name":"Hofer Hof","article_modified_time":"2016-03-01T21:01:58+00:00","og_image":[{"width":1500,"height":700,"url":"https:\/\/hoferhof.eu\/wp-content\/uploads\/2014\/12\/img_00491.jpg","type":"image\/jpeg"}],"twitter_misc":{"Tempo di lettura stimato":"1 minuto"},"schema":{"@context":"https:\/\/schema.org","@graph":[{"@type":"WebPage","@id":"https:\/\/hoferhof.eu\/beispiel-seite\/hofeigene-produkt\/","url":"https:\/\/hoferhof.eu\/beispiel-seite\/hofeigene-produkt\/","name":"Prodotti del nostro maso - Hofer Hof","isPartOf":{"@id":"https:\/\/hoferhof.eu\/en\/#website"},"primaryImageOfPage":{"@id":"https:\/\/hoferhof.eu\/beispiel-seite\/hofeigene-produkt\/#primaryimage"},"image":{"@id":"https:\/\/hoferhof.eu\/beispiel-seite\/hofeigene-produkt\/#primaryimage"},"thumbnailUrl":"https:\/\/hoferhof.eu\/wp-content\/uploads\/2014\/12\/img_00491.jpg","datePublished":"2014-12-15T17:41:40+00:00","dateModified":"2016-03-01T21:01:58+00:00","breadcrumb":{"@id":"https:\/\/hoferhof.eu\/beispiel-seite\/hofeigene-produkt\/#breadcrumb"},"inLanguage":"it-IT","potentialAction":[{"@type":"ReadAction","target":["https:\/\/hoferhof.eu\/beispiel-seite\/hofeigene-produkt\/"]}]},{"@type":"ImageObject","inLanguage":"it-IT","@id":"https:\/\/hoferhof.eu\/beispiel-seite\/hofeigene-produkt\/#primaryimage","url":"https:\/\/hoferhof.eu\/wp-content\/uploads\/2014\/12\/img_00491.jpg","contentUrl":"https:\/\/hoferhof.eu\/wp-content\/uploads\/2014\/12\/img_00491.jpg","width":1500,"height":700},{"@type":"BreadcrumbList","@id":"https:\/\/hoferhof.eu\/beispiel-seite\/hofeigene-produkt\/#breadcrumb","itemListElement":[{"@type":"ListItem","position":1,"name":"Home","item":"https:\/\/hoferhof.eu\/it\/"},{"@type":"ListItem","position":2,"name":"Il Hoferhof","item":"https:\/\/hoferhof.eu\/it\/"},{"@type":"ListItem","position":3,"name":"Prodotti del nostro maso"}]},{"@type":"WebSite","@id":"https:\/\/hoferhof.eu\/en\/#website","url":"https:\/\/hoferhof.eu\/en\/","name":"Hofer Hof","description":"","publisher":{"@id":"https:\/\/hoferhof.eu\/en\/#organization"},"potentialAction":[{"@type":"SearchAction","target":{"@type":"EntryPoint","urlTemplate":"https:\/\/hoferhof.eu\/en\/?s={search_term_string}"},"query-input":{"@type":"PropertyValueSpecification","valueRequired":true,"valueName":"search_term_string"}}],"inLanguage":"it-IT"},{"@type":"Organization","@id":"https:\/\/hoferhof.eu\/en\/#organization","name":"Hofer Hof","url":"https:\/\/hoferhof.eu\/en\/","logo":{"@type":"ImageObject","inLanguage":"it-IT","@id":"https:\/\/hoferhof.eu\/en\/#\/schema\/logo\/image\/","url":"https:\/\/hoferhof.eu\/wp-content\/uploads\/2026\/01\/mss_renderimg.jpg","contentUrl":"https:\/\/hoferhof.eu\/wp-content\/uploads\/2026\/01\/mss_renderimg.jpg","width":1280,"height":719,"caption":"Hofer Hof"},"image":{"@id":"https:\/\/hoferhof.eu\/en\/#\/schema\/logo\/image\/"}}]}},"_links":{"self":[{"href":"https:\/\/hoferhof.eu\/it\/wp-json\/wp\/v2\/pages\/1361","targetHints":{"allow":["GET"]}}],"collection":[{"href":"https:\/\/hoferhof.eu\/it\/wp-json\/wp\/v2\/pages"}],"about":[{"href":"https:\/\/hoferhof.eu\/it\/wp-json\/wp\/v2\/types\/page"}],"author":[{"embeddable":true,"href":"https:\/\/hoferhof.eu\/it\/wp-json\/wp\/v2\/users\/1"}],"replies":[{"embeddable":true,"href":"https:\/\/hoferhof.eu\/it\/wp-json\/wp\/v2\/comments?post=1361"}],"version-history":[{"count":4,"href":"https:\/\/hoferhof.eu\/it\/wp-json\/wp\/v2\/pages\/1361\/revisions"}],"predecessor-version":[{"id":119636,"href":"https:\/\/hoferhof.eu\/it\/wp-json\/wp\/v2\/pages\/1361\/revisions\/119636"}],"up":[{"embeddable":true,"href":"https:\/\/hoferhof.eu\/it\/wp-json\/wp\/v2\/pages\/1320"}],"wp:featuredmedia":[{"embeddable":true,"href":"https:\/\/hoferhof.eu\/it\/wp-json\/wp\/v2\/media\/458"}],"wp:attachment":[{"href":"https:\/\/hoferhof.eu\/it\/wp-json\/wp\/v2\/media?parent=1361"}],"curies":[{"name":"wp","href":"https:\/\/api.w.org\/{rel}","templated":true}]}}