{"id":1340,"date":"2014-12-18T11:35:48","date_gmt":"2014-12-18T11:35:48","guid":{"rendered":"http:\/\/hoferhof.eu\/beispiel-seite\/lage-und-anfahrt-2\/"},"modified":"2024-08-27T13:11:19","modified_gmt":"2024-08-27T13:11:19","slug":"lage-und-anfahrt-2","status":"publish","type":"page","link":"https:\/\/hoferhof.eu\/it\/beispiel-seite\/lage-und-anfahrt-2\/","title":{"rendered":"Dove siamo"},"content":{"rendered":"<div class=\"wpb-content-wrapper\"><p>[vc_row][vc_column][vc_gmaps link=&#8221;#E-8_JTNDaWZyYW1lJTIwc3JjJTNEJTIyaHR0cHMlM0ElMkYlMkZ3d3cuZ29vZ2xlLmNvbSUyRm1hcHMlMkZlbWJlZCUzRnBiJTNEJTIxMW0xNCUyMTFtOCUyMTFtMyUyMTFkMjczNy44NTQxMjg5MzM2MTY3JTIxMmQxMS42MDg1MzU5OTk5OTk5OTclMjEzZDQ2LjY2OTE0MDk5OTk5OTk5NiUyMTNtMiUyMTFpMTAyNCUyMTJpNzY4JTIxNGYxMy4xJTIxM20zJTIxMW0yJTIxMXMweDQ3NzgwZjA0M2IzOTE5OGIlMjUzQTB4ZTEwMGI2ZGRjNWNhOGI0NiUyMTJzSG9mZXIlMkJIb2YlMjE1ZTAlMjEzbTIlMjExc2RlJTIxMnNpdCUyMTR2MTQxOTI2MTAyNjAwOCUyMiUyMHdpZHRoJTNEJTIyNjAwJTIyJTIwaGVpZ2h0JTNEJTIyNDUwJTIyJTIwZnJhbWVib3JkZXIlM0QlMjIwJTIyJTIwc3R5bGUlM0QlMjJib3JkZXIlM0EwJTIyJTNFJTNDJTJGaWZyYW1lJTNF&#8221; size=&#8221;300&#8243;][\/vc_column][\/vc_row][vc_row][vc_column][vc_column_text]<strong>La Posizione<\/strong><\/p>\n<p>&nbsp;<\/p>\n<p>Una delle particolarit\u00e0 della nostra fattoria \u00e8 senza dubbio la sua posizione eccezionalmente bella nel piccolo villaggio di Schrambach. Schrambach \u00e8 una frazione di Velturno e conta appena 300 abitanti. La fattoria, isolata, \u00e8 immersa nei soleggiati vigneti tra Bressanone e la cittadina artistica di Chiusa. Nel centro del paese troverete un salone di parrucchiere, un grande supermercato e un vivaio. In 10 minuti di auto si possono raggiungere Velturno, Bressanone e Chiusa. La vicinanza all&#8217;autostrada del Brennero ci rende facilmente raggiungibili.<\/p>\n<p>&nbsp;<\/p>\n<p><strong>Punto di Partenza Ideale:<\/strong> Per escursioni, visite culturali, localit\u00e0 sciistiche e altre attivit\u00e0 sportive.[\/vc_column_text][\/vc_column][\/vc_row][vc_row][vc_column width=&#8221;1\/2&#8243;][vc_column_text el_class=&#8221;topnews&#8221;]<\/p>\n<h3>Per chi arriva in aereo<\/h3>\n<p>[\/vc_column_text][vc_column_text el_class=&#8221;textnews&#8221;]<strong><span>Aeroporti vicini<\/span>:<\/strong><\/p>\n<p>Bolzano &#8211; 30 km<br \/>\nInnsbruck (A) &#8211; 90 km<br \/>\nMonaco (D) &#8211; 290 km<br \/>\nVerona\/ V. Catullo &#8211; 180 km<br \/>\nTreviso &#8211; 310 km<br \/>\nVenezia\/M.Polo &#8211; 305 km<br \/>\nBergamo\/Orio al Serio -285 km<\/p>\n<p>Per i circostanti aeroporti di Innsbruck, Verona, Treviso, Bergamo e Venezia esiste&nbsp;un servizio di trasferimento low cost per l&#8217;Alto Adige. Maggiori informazioni: <a href=\"http:\/\/www.suedtirol.info\/it\/News-e-info\/Come-arrivare\/In-aereo.html\">www.suedtirol.info<\/a><\/p>\n<p>L&#8217;azienda di pullman Silbernagl offre collegamenti bus dall&#8217;aeroporto di Monaco.&nbsp;<span>Tel.: +39 0471 707400<\/span>[\/vc_column_text][\/vc_column][vc_column width=&#8221;1\/2&#8243;][vc_column_text el_class=&#8221;topnews&#8221;]<\/p>\n<h3>Per chi arriva in auto<\/h3>\n<p>[\/vc_column_text][vc_column_text el_class=&#8221;textnews&#8221;]Se si arriva da nord, si lascia l&#8217;autostrada all&#8217;uscita Bressanone sud. Di qui si prosegue verso Chiusa e dopo 1 km si gira a destra in direzione di San Pietro Mezzomonte.<\/p>\n<p>Se si arriva da sud, si lascia l&#8217;autostrada all&#8217;uscita Chiusa \/ Val Gardena. Alla rotatoria si prende la direzione Bolzano. All&#8217;incrocio seguente si gira a destra in direzione Bressanone. Dopo circa 2 km si svolta a sinistra per San Pietro Mezzomonte.[\/vc_column_text][\/vc_column][\/vc_row]<\/p>\n<\/div>","protected":false},"excerpt":{"rendered":"<p>[vc_row][vc_column][vc_gmaps link=&#8221;#E-8_JTNDaWZyYW1lJTIwc3JjJTNEJTIyaHR0cHMlM0ElMkYlMkZ3d3cuZ29vZ2xlLmNvbSUyRm1hcHMlMkZlbWJlZCUzRnBiJTNEJTIxMW0xNCUyMTFtOCUyMTFtMyUyMTFkMjczNy44NTQxMjg5MzM2MTY3JTIxMmQxMS42MDg1MzU5OTk5OTk5OTclMjEzZDQ2LjY2OTE0MDk5OTk5OTk5NiUyMTNtMiUyMTFpMTAyNCUyMTJpNzY4JTIxNGYxMy4xJTIxM20zJTIxMW0yJTIxMXMweDQ3NzgwZjA0M2IzOTE5OGIlMjUzQTB4ZTEwMGI2ZGRjNWNhOGI0NiUyMTJzSG9mZXIlMkJIb2YlMjE1ZTAlMjEzbTIlMjExc2RlJTIxMnNpdCUyMTR2MTQxOTI2MTAyNjAwOCUyMiUyMHdpZHRoJTNEJTIyNjAwJTIyJTIwaGVpZ2h0JTNEJTIyNDUwJTIyJTIwZnJhbWVib3JkZXIlM0QlMjIwJTIyJTIwc3R5bGUlM0QlMjJib3JkZXIlM0EwJTIyJTNFJTNDJTJGaWZyYW1lJTNF&#8221; size=&#8221;300&#8243;][\/vc_column][\/vc_row][vc_row][vc_column][vc_column_text]La Posizione &nbsp; Una delle particolarit\u00e0 della nostra fattoria \u00e8 senza dubbio la sua posizione eccezionalmente bella nel piccolo villaggio di Schrambach. Schrambach \u00e8 una frazione di Velturno e conta appena 300 abitanti. La fattoria, isolata, \u00e8 immersa nei soleggiati vigneti tra Bressanone e la cittadina artistica di Chiusa. Nel centro del paese [&hellip;]<\/p>\n","protected":false},"author":1,"featured_media":0,"parent":1320,"menu_order":0,"comment_status":"open","ping_status":"closed","template":"","meta":{"footnotes":""},"class_list":["post-1340","page","type-page","status-publish","hentry"],"yoast_head":"<!-- This site is optimized with the Yoast SEO plugin v25.1 - https:\/\/yoast.com\/wordpress\/plugins\/seo\/ -->\n<title>Dove siamo - Hofer Hof<\/title>\n<meta name=\"robots\" content=\"index, follow, max-snippet:-1, max-image-preview:large, max-video-preview:-1\" \/>\n<link rel=\"canonical\" href=\"https:\/\/hoferhof.eu\/beispiel-seite\/lage-und-anfahrt-2\/\" \/>\n<meta property=\"og:locale\" content=\"it_IT\" \/>\n<meta property=\"og:type\" content=\"article\" \/>\n<meta property=\"og:title\" content=\"Dove siamo - Hofer Hof\" \/>\n<meta property=\"og:description\" content=\"[vc_row][vc_column][vc_gmaps link=&#8221;#E-8_JTNDaWZyYW1lJTIwc3JjJTNEJTIyaHR0cHMlM0ElMkYlMkZ3d3cuZ29vZ2xlLmNvbSUyRm1hcHMlMkZlbWJlZCUzRnBiJTNEJTIxMW0xNCUyMTFtOCUyMTFtMyUyMTFkMjczNy44NTQxMjg5MzM2MTY3JTIxMmQxMS42MDg1MzU5OTk5OTk5OTclMjEzZDQ2LjY2OTE0MDk5OTk5OTk5NiUyMTNtMiUyMTFpMTAyNCUyMTJpNzY4JTIxNGYxMy4xJTIxM20zJTIxMW0yJTIxMXMweDQ3NzgwZjA0M2IzOTE5OGIlMjUzQTB4ZTEwMGI2ZGRjNWNhOGI0NiUyMTJzSG9mZXIlMkJIb2YlMjE1ZTAlMjEzbTIlMjExc2RlJTIxMnNpdCUyMTR2MTQxOTI2MTAyNjAwOCUyMiUyMHdpZHRoJTNEJTIyNjAwJTIyJTIwaGVpZ2h0JTNEJTIyNDUwJTIyJTIwZnJhbWVib3JkZXIlM0QlMjIwJTIyJTIwc3R5bGUlM0QlMjJib3JkZXIlM0EwJTIyJTNFJTNDJTJGaWZyYW1lJTNF&#8221; size=&#8221;300&#8243;][\/vc_column][\/vc_row][vc_row][vc_column][vc_column_text]La Posizione &nbsp; Una delle particolarit\u00e0 della nostra fattoria \u00e8 senza dubbio la sua posizione eccezionalmente bella nel piccolo villaggio di Schrambach. Schrambach \u00e8 una frazione di Velturno e conta appena 300 abitanti. La fattoria, isolata, \u00e8 immersa nei soleggiati vigneti tra Bressanone e la cittadina artistica di Chiusa. Nel centro del paese [&hellip;]\" \/>\n<meta property=\"og:url\" content=\"https:\/\/hoferhof.eu\/beispiel-seite\/lage-und-anfahrt-2\/\" \/>\n<meta property=\"og:site_name\" content=\"Hofer Hof\" \/>\n<meta property=\"article:modified_time\" content=\"2024-08-27T13:11:19+00:00\" \/>\n<meta name=\"twitter:label1\" content=\"Tempo di lettura stimato\" \/>\n\t<meta name=\"twitter:data1\" content=\"2 minuti\" \/>\n<script type=\"application\/ld+json\" class=\"yoast-schema-graph\">{\"@context\":\"https:\/\/schema.org\",\"@graph\":[{\"@type\":\"WebPage\",\"@id\":\"https:\/\/hoferhof.eu\/beispiel-seite\/lage-und-anfahrt-2\/\",\"url\":\"https:\/\/hoferhof.eu\/beispiel-seite\/lage-und-anfahrt-2\/\",\"name\":\"Dove siamo - Hofer Hof\",\"isPartOf\":{\"@id\":\"https:\/\/hoferhof.eu\/en\/#website\"},\"datePublished\":\"2014-12-18T11:35:48+00:00\",\"dateModified\":\"2024-08-27T13:11:19+00:00\",\"breadcrumb\":{\"@id\":\"https:\/\/hoferhof.eu\/beispiel-seite\/lage-und-anfahrt-2\/#breadcrumb\"},\"inLanguage\":\"it-IT\",\"potentialAction\":[{\"@type\":\"ReadAction\",\"target\":[\"https:\/\/hoferhof.eu\/beispiel-seite\/lage-und-anfahrt-2\/\"]}]},{\"@type\":\"BreadcrumbList\",\"@id\":\"https:\/\/hoferhof.eu\/beispiel-seite\/lage-und-anfahrt-2\/#breadcrumb\",\"itemListElement\":[{\"@type\":\"ListItem\",\"position\":1,\"name\":\"Home\",\"item\":\"https:\/\/hoferhof.eu\/it\/\"},{\"@type\":\"ListItem\",\"position\":2,\"name\":\"Il Hoferhof\",\"item\":\"https:\/\/hoferhof.eu\/it\/\"},{\"@type\":\"ListItem\",\"position\":3,\"name\":\"Dove siamo\"}]},{\"@type\":\"WebSite\",\"@id\":\"https:\/\/hoferhof.eu\/en\/#website\",\"url\":\"https:\/\/hoferhof.eu\/en\/\",\"name\":\"Hofer Hof\",\"description\":\"\",\"publisher\":{\"@id\":\"https:\/\/hoferhof.eu\/en\/#organization\"},\"potentialAction\":[{\"@type\":\"SearchAction\",\"target\":{\"@type\":\"EntryPoint\",\"urlTemplate\":\"https:\/\/hoferhof.eu\/en\/?s={search_term_string}\"},\"query-input\":{\"@type\":\"PropertyValueSpecification\",\"valueRequired\":true,\"valueName\":\"search_term_string\"}}],\"inLanguage\":\"it-IT\"},{\"@type\":\"Organization\",\"@id\":\"https:\/\/hoferhof.eu\/en\/#organization\",\"name\":\"Hofer Hof\",\"url\":\"https:\/\/hoferhof.eu\/en\/\",\"logo\":{\"@type\":\"ImageObject\",\"inLanguage\":\"it-IT\",\"@id\":\"https:\/\/hoferhof.eu\/en\/#\/schema\/logo\/image\/\",\"url\":\"https:\/\/hoferhof.eu\/wp-content\/uploads\/2026\/01\/mss_renderimg.jpg\",\"contentUrl\":\"https:\/\/hoferhof.eu\/wp-content\/uploads\/2026\/01\/mss_renderimg.jpg\",\"width\":1280,\"height\":719,\"caption\":\"Hofer Hof\"},\"image\":{\"@id\":\"https:\/\/hoferhof.eu\/en\/#\/schema\/logo\/image\/\"}}]}<\/script>\n<!-- \/ Yoast SEO plugin. -->","yoast_head_json":{"title":"Dove siamo - Hofer Hof","robots":{"index":"index","follow":"follow","max-snippet":"max-snippet:-1","max-image-preview":"max-image-preview:large","max-video-preview":"max-video-preview:-1"},"canonical":"https:\/\/hoferhof.eu\/beispiel-seite\/lage-und-anfahrt-2\/","og_locale":"it_IT","og_type":"article","og_title":"Dove siamo - Hofer Hof","og_description":"[vc_row][vc_column][vc_gmaps link=&#8221;#E-8_JTNDaWZyYW1lJTIwc3JjJTNEJTIyaHR0cHMlM0ElMkYlMkZ3d3cuZ29vZ2xlLmNvbSUyRm1hcHMlMkZlbWJlZCUzRnBiJTNEJTIxMW0xNCUyMTFtOCUyMTFtMyUyMTFkMjczNy44NTQxMjg5MzM2MTY3JTIxMmQxMS42MDg1MzU5OTk5OTk5OTclMjEzZDQ2LjY2OTE0MDk5OTk5OTk5NiUyMTNtMiUyMTFpMTAyNCUyMTJpNzY4JTIxNGYxMy4xJTIxM20zJTIxMW0yJTIxMXMweDQ3NzgwZjA0M2IzOTE5OGIlMjUzQTB4ZTEwMGI2ZGRjNWNhOGI0NiUyMTJzSG9mZXIlMkJIb2YlMjE1ZTAlMjEzbTIlMjExc2RlJTIxMnNpdCUyMTR2MTQxOTI2MTAyNjAwOCUyMiUyMHdpZHRoJTNEJTIyNjAwJTIyJTIwaGVpZ2h0JTNEJTIyNDUwJTIyJTIwZnJhbWVib3JkZXIlM0QlMjIwJTIyJTIwc3R5bGUlM0QlMjJib3JkZXIlM0EwJTIyJTNFJTNDJTJGaWZyYW1lJTNF&#8221; size=&#8221;300&#8243;][\/vc_column][\/vc_row][vc_row][vc_column][vc_column_text]La Posizione &nbsp; Una delle particolarit\u00e0 della nostra fattoria \u00e8 senza dubbio la sua posizione eccezionalmente bella nel piccolo villaggio di Schrambach. Schrambach \u00e8 una frazione di Velturno e conta appena 300 abitanti. La fattoria, isolata, \u00e8 immersa nei soleggiati vigneti tra Bressanone e la cittadina artistica di Chiusa. Nel centro del paese [&hellip;]","og_url":"https:\/\/hoferhof.eu\/beispiel-seite\/lage-und-anfahrt-2\/","og_site_name":"Hofer Hof","article_modified_time":"2024-08-27T13:11:19+00:00","twitter_misc":{"Tempo di lettura stimato":"2 minuti"},"schema":{"@context":"https:\/\/schema.org","@graph":[{"@type":"WebPage","@id":"https:\/\/hoferhof.eu\/beispiel-seite\/lage-und-anfahrt-2\/","url":"https:\/\/hoferhof.eu\/beispiel-seite\/lage-und-anfahrt-2\/","name":"Dove siamo - Hofer Hof","isPartOf":{"@id":"https:\/\/hoferhof.eu\/en\/#website"},"datePublished":"2014-12-18T11:35:48+00:00","dateModified":"2024-08-27T13:11:19+00:00","breadcrumb":{"@id":"https:\/\/hoferhof.eu\/beispiel-seite\/lage-und-anfahrt-2\/#breadcrumb"},"inLanguage":"it-IT","potentialAction":[{"@type":"ReadAction","target":["https:\/\/hoferhof.eu\/beispiel-seite\/lage-und-anfahrt-2\/"]}]},{"@type":"BreadcrumbList","@id":"https:\/\/hoferhof.eu\/beispiel-seite\/lage-und-anfahrt-2\/#breadcrumb","itemListElement":[{"@type":"ListItem","position":1,"name":"Home","item":"https:\/\/hoferhof.eu\/it\/"},{"@type":"ListItem","position":2,"name":"Il Hoferhof","item":"https:\/\/hoferhof.eu\/it\/"},{"@type":"ListItem","position":3,"name":"Dove siamo"}]},{"@type":"WebSite","@id":"https:\/\/hoferhof.eu\/en\/#website","url":"https:\/\/hoferhof.eu\/en\/","name":"Hofer Hof","description":"","publisher":{"@id":"https:\/\/hoferhof.eu\/en\/#organization"},"potentialAction":[{"@type":"SearchAction","target":{"@type":"EntryPoint","urlTemplate":"https:\/\/hoferhof.eu\/en\/?s={search_term_string}"},"query-input":{"@type":"PropertyValueSpecification","valueRequired":true,"valueName":"search_term_string"}}],"inLanguage":"it-IT"},{"@type":"Organization","@id":"https:\/\/hoferhof.eu\/en\/#organization","name":"Hofer Hof","url":"https:\/\/hoferhof.eu\/en\/","logo":{"@type":"ImageObject","inLanguage":"it-IT","@id":"https:\/\/hoferhof.eu\/en\/#\/schema\/logo\/image\/","url":"https:\/\/hoferhof.eu\/wp-content\/uploads\/2026\/01\/mss_renderimg.jpg","contentUrl":"https:\/\/hoferhof.eu\/wp-content\/uploads\/2026\/01\/mss_renderimg.jpg","width":1280,"height":719,"caption":"Hofer Hof"},"image":{"@id":"https:\/\/hoferhof.eu\/en\/#\/schema\/logo\/image\/"}}]}},"_links":{"self":[{"href":"https:\/\/hoferhof.eu\/it\/wp-json\/wp\/v2\/pages\/1340","targetHints":{"allow":["GET"]}}],"collection":[{"href":"https:\/\/hoferhof.eu\/it\/wp-json\/wp\/v2\/pages"}],"about":[{"href":"https:\/\/hoferhof.eu\/it\/wp-json\/wp\/v2\/types\/page"}],"author":[{"embeddable":true,"href":"https:\/\/hoferhof.eu\/it\/wp-json\/wp\/v2\/users\/1"}],"replies":[{"embeddable":true,"href":"https:\/\/hoferhof.eu\/it\/wp-json\/wp\/v2\/comments?post=1340"}],"version-history":[{"count":7,"href":"https:\/\/hoferhof.eu\/it\/wp-json\/wp\/v2\/pages\/1340\/revisions"}],"predecessor-version":[{"id":652858,"href":"https:\/\/hoferhof.eu\/it\/wp-json\/wp\/v2\/pages\/1340\/revisions\/652858"}],"up":[{"embeddable":true,"href":"https:\/\/hoferhof.eu\/it\/wp-json\/wp\/v2\/pages\/1320"}],"wp:attachment":[{"href":"https:\/\/hoferhof.eu\/it\/wp-json\/wp\/v2\/media?parent=1340"}],"curies":[{"name":"wp","href":"https:\/\/api.w.org\/{rel}","templated":true}]}}