{"id":1334,"date":"2015-02-01T07:42:37","date_gmt":"2015-02-01T07:42:37","guid":{"rendered":"http:\/\/hoferhof.eu\/beispiel-seite\/unser-hof\/"},"modified":"2024-08-27T13:16:30","modified_gmt":"2024-08-27T13:16:30","slug":"unser-hof","status":"publish","type":"page","link":"https:\/\/hoferhof.eu\/it\/beispiel-seite\/unser-hof\/","title":{"rendered":"Agriturismo"},"content":{"rendered":"<div class=\"wpb-content-wrapper\"><p>[vc_row][vc_column][vc_column_text]<\/p>\n<h1><strong>Il Nostro Stile di Vita in Fattoria in Alto Adige<\/strong><\/h1>\n<h2>La coltivazione di frutta, la viticoltura e il nostro piccolo allevamento di animali\u2014molto lavoro e volti felici caratterizzano la nostra vita quotidiana.<\/h2>\n<p>L&#8217;Hofer Hof si trova a 650 metri sul livello del mare a Schrambach, una frazione di Velturno. L&#8217;Hofer Hof, come tenuta vinicola, \u00e8 stato menzionato per la prima volta in un documento scritto gi\u00e0 nel XII secolo. Nel 1999 l&#8217;edificio \u00e8 stato ristrutturato, e nel 2004 sono stati costruiti i primi tre accoglienti appartamenti per vacanze, Kerner, Sylvaner e Traminer, che sono stati adattati con molta cura alle strutture storiche esistenti della fattoria. Nel 2010 si \u00e8 aggiunto l&#8217;ampio appartamento Riesling con tre camere da letto separate. A partire da luglio 2015, offriamo ai nostri ospiti un altro ampio appartamento, che grazie agli arredi in legno di cirmolo offre un benessere davvero speciale. Novit\u00e0 del 2024 \u00e8 la nostra sauna a botte, disponibile per tutti gli ospiti, che offre un&#8217;esperienza di relax unica immersa nella natura altoatesina.<\/p>\n<p>Le cantine secolari con i loro pavimenti in pietra, i numerosi barili e l&#8217;antica stanza della pressa (Torggel) invitano a degustare il nostro vino fatto in casa e a visitare il nostro museo aziendale.[\/vc_column_text][\/vc_column][\/vc_row][vc_row][vc_column][vc_column_text]<span><p>[vc_row][vc_column][vc_gallery type=\"image_grid\" images=\"404,1316,380,157,1774,1519,652767,1177,1513,652818,652782,652776,652773,652812,160,8103,507,483,486,236520,498,510,437,431\" img_size=\"190x160\"][\/vc_column][\/vc_row]<\/p>\n<\/span>[\/vc_column_text][\/vc_column][\/vc_row]<\/p>\n<\/div>","protected":false},"excerpt":{"rendered":"<p>[vc_row][vc_column][vc_column_text] Il Nostro Stile di Vita in Fattoria in Alto Adige La coltivazione di frutta, la viticoltura e il nostro piccolo allevamento di animali\u2014molto lavoro e volti felici caratterizzano la nostra vita quotidiana. L&#8217;Hofer Hof si trova a 650 metri sul livello del mare a Schrambach, una frazione di Velturno. L&#8217;Hofer Hof, come tenuta vinicola, [&hellip;]<\/p>\n","protected":false},"author":1,"featured_media":398,"parent":1320,"menu_order":0,"comment_status":"open","ping_status":"open","template":"","meta":{"footnotes":""},"class_list":["post-1334","page","type-page","status-publish","has-post-thumbnail","hentry"],"yoast_head":"<!-- This site is optimized with the Yoast SEO plugin v25.1 - https:\/\/yoast.com\/wordpress\/plugins\/seo\/ -->\n<title>Agriturismo - Hofer Hof<\/title>\n<meta name=\"robots\" content=\"index, follow, max-snippet:-1, max-image-preview:large, max-video-preview:-1\" \/>\n<link rel=\"canonical\" href=\"https:\/\/hoferhof.eu\/beispiel-seite\/unser-hof\/\" \/>\n<meta property=\"og:locale\" content=\"it_IT\" \/>\n<meta property=\"og:type\" content=\"article\" \/>\n<meta property=\"og:title\" content=\"Agriturismo - Hofer Hof\" \/>\n<meta property=\"og:description\" content=\"[vc_row][vc_column][vc_column_text] Il Nostro Stile di Vita in Fattoria in Alto Adige La coltivazione di frutta, la viticoltura e il nostro piccolo allevamento di animali\u2014molto lavoro e volti felici caratterizzano la nostra vita quotidiana. L&#8217;Hofer Hof si trova a 650 metri sul livello del mare a Schrambach, una frazione di Velturno. L&#8217;Hofer Hof, come tenuta vinicola, [&hellip;]\" \/>\n<meta property=\"og:url\" content=\"https:\/\/hoferhof.eu\/beispiel-seite\/unser-hof\/\" \/>\n<meta property=\"og:site_name\" content=\"Hofer Hof\" \/>\n<meta property=\"article:modified_time\" content=\"2024-08-27T13:16:30+00:00\" \/>\n<meta property=\"og:image\" content=\"https:\/\/hoferhof.eu\/wp-content\/uploads\/2014\/12\/63sbb_loc10h_E7T4102_8.jpg\" \/>\n\t<meta property=\"og:image:width\" content=\"1000\" \/>\n\t<meta property=\"og:image:height\" content=\"667\" \/>\n\t<meta property=\"og:image:type\" content=\"image\/jpeg\" \/>\n<meta name=\"twitter:label1\" content=\"Tempo di lettura stimato\" \/>\n\t<meta name=\"twitter:data1\" content=\"1 minuto\" \/>\n<script type=\"application\/ld+json\" class=\"yoast-schema-graph\">{\"@context\":\"https:\/\/schema.org\",\"@graph\":[{\"@type\":\"WebPage\",\"@id\":\"https:\/\/hoferhof.eu\/beispiel-seite\/unser-hof\/\",\"url\":\"https:\/\/hoferhof.eu\/beispiel-seite\/unser-hof\/\",\"name\":\"Agriturismo - Hofer Hof\",\"isPartOf\":{\"@id\":\"https:\/\/hoferhof.eu\/en\/#website\"},\"primaryImageOfPage\":{\"@id\":\"https:\/\/hoferhof.eu\/beispiel-seite\/unser-hof\/#primaryimage\"},\"image\":{\"@id\":\"https:\/\/hoferhof.eu\/beispiel-seite\/unser-hof\/#primaryimage\"},\"thumbnailUrl\":\"https:\/\/hoferhof.eu\/wp-content\/uploads\/2014\/12\/63sbb_loc10h_E7T4102_8.jpg\",\"datePublished\":\"2015-02-01T07:42:37+00:00\",\"dateModified\":\"2024-08-27T13:16:30+00:00\",\"breadcrumb\":{\"@id\":\"https:\/\/hoferhof.eu\/beispiel-seite\/unser-hof\/#breadcrumb\"},\"inLanguage\":\"it-IT\",\"potentialAction\":[{\"@type\":\"ReadAction\",\"target\":[\"https:\/\/hoferhof.eu\/beispiel-seite\/unser-hof\/\"]}]},{\"@type\":\"ImageObject\",\"inLanguage\":\"it-IT\",\"@id\":\"https:\/\/hoferhof.eu\/beispiel-seite\/unser-hof\/#primaryimage\",\"url\":\"https:\/\/hoferhof.eu\/wp-content\/uploads\/2014\/12\/63sbb_loc10h_E7T4102_8.jpg\",\"contentUrl\":\"https:\/\/hoferhof.eu\/wp-content\/uploads\/2014\/12\/63sbb_loc10h_E7T4102_8.jpg\",\"width\":1000,\"height\":667},{\"@type\":\"BreadcrumbList\",\"@id\":\"https:\/\/hoferhof.eu\/beispiel-seite\/unser-hof\/#breadcrumb\",\"itemListElement\":[{\"@type\":\"ListItem\",\"position\":1,\"name\":\"Home\",\"item\":\"https:\/\/hoferhof.eu\/it\/\"},{\"@type\":\"ListItem\",\"position\":2,\"name\":\"Il Hoferhof\",\"item\":\"https:\/\/hoferhof.eu\/it\/\"},{\"@type\":\"ListItem\",\"position\":3,\"name\":\"Agriturismo\"}]},{\"@type\":\"WebSite\",\"@id\":\"https:\/\/hoferhof.eu\/en\/#website\",\"url\":\"https:\/\/hoferhof.eu\/en\/\",\"name\":\"Hofer Hof\",\"description\":\"\",\"publisher\":{\"@id\":\"https:\/\/hoferhof.eu\/en\/#organization\"},\"potentialAction\":[{\"@type\":\"SearchAction\",\"target\":{\"@type\":\"EntryPoint\",\"urlTemplate\":\"https:\/\/hoferhof.eu\/en\/?s={search_term_string}\"},\"query-input\":{\"@type\":\"PropertyValueSpecification\",\"valueRequired\":true,\"valueName\":\"search_term_string\"}}],\"inLanguage\":\"it-IT\"},{\"@type\":\"Organization\",\"@id\":\"https:\/\/hoferhof.eu\/en\/#organization\",\"name\":\"Hofer Hof\",\"url\":\"https:\/\/hoferhof.eu\/en\/\",\"logo\":{\"@type\":\"ImageObject\",\"inLanguage\":\"it-IT\",\"@id\":\"https:\/\/hoferhof.eu\/en\/#\/schema\/logo\/image\/\",\"url\":\"https:\/\/hoferhof.eu\/wp-content\/uploads\/2026\/01\/mss_renderimg.jpg\",\"contentUrl\":\"https:\/\/hoferhof.eu\/wp-content\/uploads\/2026\/01\/mss_renderimg.jpg\",\"width\":1280,\"height\":719,\"caption\":\"Hofer Hof\"},\"image\":{\"@id\":\"https:\/\/hoferhof.eu\/en\/#\/schema\/logo\/image\/\"}}]}<\/script>\n<!-- \/ Yoast SEO plugin. -->","yoast_head_json":{"title":"Agriturismo - Hofer Hof","robots":{"index":"index","follow":"follow","max-snippet":"max-snippet:-1","max-image-preview":"max-image-preview:large","max-video-preview":"max-video-preview:-1"},"canonical":"https:\/\/hoferhof.eu\/beispiel-seite\/unser-hof\/","og_locale":"it_IT","og_type":"article","og_title":"Agriturismo - Hofer Hof","og_description":"[vc_row][vc_column][vc_column_text] Il Nostro Stile di Vita in Fattoria in Alto Adige La coltivazione di frutta, la viticoltura e il nostro piccolo allevamento di animali\u2014molto lavoro e volti felici caratterizzano la nostra vita quotidiana. L&#8217;Hofer Hof si trova a 650 metri sul livello del mare a Schrambach, una frazione di Velturno. L&#8217;Hofer Hof, come tenuta vinicola, [&hellip;]","og_url":"https:\/\/hoferhof.eu\/beispiel-seite\/unser-hof\/","og_site_name":"Hofer Hof","article_modified_time":"2024-08-27T13:16:30+00:00","og_image":[{"width":1000,"height":667,"url":"https:\/\/hoferhof.eu\/wp-content\/uploads\/2014\/12\/63sbb_loc10h_E7T4102_8.jpg","type":"image\/jpeg"}],"twitter_misc":{"Tempo di lettura stimato":"1 minuto"},"schema":{"@context":"https:\/\/schema.org","@graph":[{"@type":"WebPage","@id":"https:\/\/hoferhof.eu\/beispiel-seite\/unser-hof\/","url":"https:\/\/hoferhof.eu\/beispiel-seite\/unser-hof\/","name":"Agriturismo - Hofer Hof","isPartOf":{"@id":"https:\/\/hoferhof.eu\/en\/#website"},"primaryImageOfPage":{"@id":"https:\/\/hoferhof.eu\/beispiel-seite\/unser-hof\/#primaryimage"},"image":{"@id":"https:\/\/hoferhof.eu\/beispiel-seite\/unser-hof\/#primaryimage"},"thumbnailUrl":"https:\/\/hoferhof.eu\/wp-content\/uploads\/2014\/12\/63sbb_loc10h_E7T4102_8.jpg","datePublished":"2015-02-01T07:42:37+00:00","dateModified":"2024-08-27T13:16:30+00:00","breadcrumb":{"@id":"https:\/\/hoferhof.eu\/beispiel-seite\/unser-hof\/#breadcrumb"},"inLanguage":"it-IT","potentialAction":[{"@type":"ReadAction","target":["https:\/\/hoferhof.eu\/beispiel-seite\/unser-hof\/"]}]},{"@type":"ImageObject","inLanguage":"it-IT","@id":"https:\/\/hoferhof.eu\/beispiel-seite\/unser-hof\/#primaryimage","url":"https:\/\/hoferhof.eu\/wp-content\/uploads\/2014\/12\/63sbb_loc10h_E7T4102_8.jpg","contentUrl":"https:\/\/hoferhof.eu\/wp-content\/uploads\/2014\/12\/63sbb_loc10h_E7T4102_8.jpg","width":1000,"height":667},{"@type":"BreadcrumbList","@id":"https:\/\/hoferhof.eu\/beispiel-seite\/unser-hof\/#breadcrumb","itemListElement":[{"@type":"ListItem","position":1,"name":"Home","item":"https:\/\/hoferhof.eu\/it\/"},{"@type":"ListItem","position":2,"name":"Il Hoferhof","item":"https:\/\/hoferhof.eu\/it\/"},{"@type":"ListItem","position":3,"name":"Agriturismo"}]},{"@type":"WebSite","@id":"https:\/\/hoferhof.eu\/en\/#website","url":"https:\/\/hoferhof.eu\/en\/","name":"Hofer Hof","description":"","publisher":{"@id":"https:\/\/hoferhof.eu\/en\/#organization"},"potentialAction":[{"@type":"SearchAction","target":{"@type":"EntryPoint","urlTemplate":"https:\/\/hoferhof.eu\/en\/?s={search_term_string}"},"query-input":{"@type":"PropertyValueSpecification","valueRequired":true,"valueName":"search_term_string"}}],"inLanguage":"it-IT"},{"@type":"Organization","@id":"https:\/\/hoferhof.eu\/en\/#organization","name":"Hofer Hof","url":"https:\/\/hoferhof.eu\/en\/","logo":{"@type":"ImageObject","inLanguage":"it-IT","@id":"https:\/\/hoferhof.eu\/en\/#\/schema\/logo\/image\/","url":"https:\/\/hoferhof.eu\/wp-content\/uploads\/2026\/01\/mss_renderimg.jpg","contentUrl":"https:\/\/hoferhof.eu\/wp-content\/uploads\/2026\/01\/mss_renderimg.jpg","width":1280,"height":719,"caption":"Hofer Hof"},"image":{"@id":"https:\/\/hoferhof.eu\/en\/#\/schema\/logo\/image\/"}}]}},"_links":{"self":[{"href":"https:\/\/hoferhof.eu\/it\/wp-json\/wp\/v2\/pages\/1334","targetHints":{"allow":["GET"]}}],"collection":[{"href":"https:\/\/hoferhof.eu\/it\/wp-json\/wp\/v2\/pages"}],"about":[{"href":"https:\/\/hoferhof.eu\/it\/wp-json\/wp\/v2\/types\/page"}],"author":[{"embeddable":true,"href":"https:\/\/hoferhof.eu\/it\/wp-json\/wp\/v2\/users\/1"}],"replies":[{"embeddable":true,"href":"https:\/\/hoferhof.eu\/it\/wp-json\/wp\/v2\/comments?post=1334"}],"version-history":[{"count":6,"href":"https:\/\/hoferhof.eu\/it\/wp-json\/wp\/v2\/pages\/1334\/revisions"}],"predecessor-version":[{"id":652866,"href":"https:\/\/hoferhof.eu\/it\/wp-json\/wp\/v2\/pages\/1334\/revisions\/652866"}],"up":[{"embeddable":true,"href":"https:\/\/hoferhof.eu\/it\/wp-json\/wp\/v2\/pages\/1320"}],"wp:featuredmedia":[{"embeddable":true,"href":"https:\/\/hoferhof.eu\/it\/wp-json\/wp\/v2\/media\/398"}],"wp:attachment":[{"href":"https:\/\/hoferhof.eu\/it\/wp-json\/wp\/v2\/media?parent=1334"}],"curies":[{"name":"wp","href":"https:\/\/api.w.org\/{rel}","templated":true}]}}