{"id":521981,"date":"2014-12-15T17:34:01","date_gmt":"2014-12-15T17:34:01","guid":{"rendered":"https:\/\/hoferhof.eu\/impressum-2\/"},"modified":"2024-09-06T07:42:46","modified_gmt":"2024-09-06T07:42:46","slug":"impressum","status":"publish","type":"page","link":"https:\/\/hoferhof.eu\/en\/impressum\/","title":{"rendered":"Impressum"},"content":{"rendered":"<div class=\"wpb-content-wrapper\"><p>[vc_row][vc_column width=&#8221;1\/3&#8243;][vc_column_text]<strong>Verantwortlich f\u00fcr den Inhalt:<\/strong><\/p>\n<p><strong>Pliger Anton &amp; Gabi<\/strong><\/p>\n<p>&nbsp;Weinbergweg 10, Schrambach<br \/>\nI-39040 Feldthurns<br \/>\nTel. +39 0472 855 329<\/p>\n<p>CIN: IT021116B5S45VNDZG<\/p>\n<p><a href=\"mailto:info@hoferhof.eu\">info@hoferhof.eu<\/a><br \/>\nP.Iva 01166200210[\/vc_column_text][\/vc_column][vc_column width=&#8221;1\/3&#8243;][vc_column_text]<strong>Programmierung<br \/>\n<\/strong><\/p>\n<p>fritzmedia<br \/>\nDomenikus Gruber<br \/>\nJosef Bacherstrasse 11<br \/>\n39040 Feldthurns<\/p>\n<p><a href=\"mailto:info@fritzmedia.it\">info@fritzmedia.it<\/a><br \/>\nwww.fritzmedia.it<\/p>\n<p>Tel.: +39 349 804 1131<br \/>\nP.IVA 02456790217[\/vc_column_text][\/vc_column][vc_column width=&#8221;1\/3&#8243;][vc_column_text]<strong>Konzept, Re-Design:<\/strong><\/p>\n<p>Leitner Graphics der Leitner Annelies<br \/>\nJosef-Telser-Strasse 2<br \/>\n39040 Feldthurns<\/p>\n<p><a href=\"mailto:info@grafik.it\">info@grafik.it<\/a><br \/>\n<a href=\"http:\/\/www.grafik.it\">www.grafik.it<\/a><br \/>\n[\/vc_column_text][\/vc_column][\/vc_row][vc_row][vc_column][vc_column_text]Haftungsausschluss:Haftung f\u00fcr Inhalte<\/p>\n<p>Die Inhalte unserer Seiten wurden mit gr\u00f6\u00dfter Sorgfalt erstellt, bearbeitet und \u00fcberpr\u00fcft. F\u00fcr die Richtigkeit, Qualit\u00e4t, Vollst\u00e4ndigkeit und Aktualit\u00e4t der Inhalte k\u00f6nnen wir jedoch keine Gew\u00e4hr \u00fcbernehmen, auch da m\u00f6glicherweise in der Zwischenzeit \u00c4nderungen eingetreten sein k\u00f6nnten. Als Dienstanbieter sind wir f\u00fcr eigene Inhalte auf diesen Seiten auf Grundlage des geltenden Rechts verantwortlich. Wir sind in unserer Eigenschaft als Dienstanbieter jedoch nicht dazu verpflichtet, \u00fcbermittelte oder gespeicherte fremde Informationen auf deren Richtigkeit und Inhalt zu \u00fcberpr\u00fcfen oder nach Umst\u00e4nden zu suchen, die auf eine rechtswidrige T\u00e4tigkeit hinweisen k\u00f6nnten. Verpflichtungen zur Entfernung oder Sperrung der Nutzung von Informationen nach den allgemeinen Gesetzen bleiben hiervon unber\u00fchrt. Eine diesbez\u00fcgliche Haftung ist jedoch erst ab dem Zeitpunkt der tats\u00e4chlichen Kenntnisnahme unsererseits einer konkreten Rechtsverletzung m\u00f6glich. Bei Kenntnisnahme von entsprechenden Rechtsverletzungen werden wir diese Inhalte nat\u00fcrlich umgehend entfernen. Haftungsanspr\u00fcche jeglicher Natur, welche durch die Nutzung der bereitgestellten Informationen oder durch fehlende und\/oder unvollst\u00e4ndige Informationen verursacht wurden, sind grunds\u00e4tzlich ausgeschlossen.<\/p>\n<p>Haftung f\u00fcr Links<\/p>\n<p>Unser Angebot enth\u00e4lt Links zu externen Webseiten Dritter, auf deren Inhalte wir keinen Einfluss nehmen k\u00f6nnen. Aus diesem Grund k\u00f6nnen wir in Bezug auf die Inhalte der verlinkten Webseiten auch keine Gew\u00e4hr, welcher Natur auch immer, \u00fcbernehmen. F\u00fcr die Inhalte der verlinkten Seiten ist ausschlie\u00dflich der jeweilige Anbieter oder Betreiber dieser Seiten verantwortlich. Eine permanente inhaltliche Kontrolle der verlinkten Seiten ist ohne konkrete Anhaltspunkte einer Rechtsverletzung nicht durchf\u00fchrbar. Bei Kenntnisnahme von Rechtsverletzungen durch die verlinkten Webseiten werden wir die entsprechenden Links jedoch umgehend entfernen.<\/p>\n<p>Urheberrecht<\/p>\n<p>S\u00e4mtliche durch die Webdesigner und die Seitenbetreiber erstellten Inhalte und Werke auf dieser Webseite sind urheberrechtlich gesch\u00fctzt. Die Vervielf\u00e4ltigung, Bearbeitung, Verbreitung und jegliche Art der Verwertung, insbesondere kommerzieller Natur, au\u00dferhalb der Grenzen des Urheberrechtes sind strikt untersagt und bed\u00fcrfen jedenfalls der vorherigen schriftlichen Zustimmung des jeweiligen Autors bzw. Erstellers. Soweit die Inhalte auf dieser Seite nicht vom Betreiber erstellt wurden, werden die Urheberrechte Dritter beachtet. Insbesondere werden Inhalte Dritter als solche gekennzeichnet. Sollten Sie trotzdem auf eine Urheberrechtsverletzung aufmerksam werden, bitten wir um einen entsprechenden Hinweis. Bei Bekanntwerden von Rechtsverletzungen solcher Natur werden wir derartige Inhalte nat\u00fcrlich umgehend entfernen, \u00fcbernehmen diesbez\u00fcglich jedoch keinerlei Haftung.[\/vc_column_text][\/vc_column][\/vc_row]<\/p>\n<\/div>","protected":false},"excerpt":{"rendered":"<p>[vc_row][vc_column width=&#8221;1\/3&#8243;][vc_column_text]Verantwortlich f\u00fcr den Inhalt: Pliger Anton &amp; Gabi &nbsp;Weinbergweg 10, Schrambach I-39040 Feldthurns Tel. +39 0472 855 329 CIN: IT021116B5S45VNDZG info@hoferhof.eu P.Iva 01166200210[\/vc_column_text][\/vc_column][vc_column width=&#8221;1\/3&#8243;][vc_column_text]Programmierung fritzmedia Domenikus Gruber Josef Bacherstrasse 11 39040 Feldthurns info@fritzmedia.it www.fritzmedia.it Tel.: +39 349 804 1131 P.IVA 02456790217[\/vc_column_text][\/vc_column][vc_column width=&#8221;1\/3&#8243;][vc_column_text]Konzept, Re-Design: Leitner Graphics der Leitner Annelies Josef-Telser-Strasse 2 39040 Feldthurns info@grafik.it www.grafik.it [&hellip;]<\/p>\n","protected":false},"author":1,"featured_media":0,"parent":0,"menu_order":0,"comment_status":"open","ping_status":"open","template":"","meta":{"footnotes":""},"class_list":["post-521981","page","type-page","status-publish","hentry"],"yoast_head":"<!-- This site is optimized with the Yoast SEO plugin v25.1 - https:\/\/yoast.com\/wordpress\/plugins\/seo\/ -->\n<title>Impressum - Hofer Hof<\/title>\n<meta name=\"robots\" content=\"index, follow, max-snippet:-1, max-image-preview:large, max-video-preview:-1\" \/>\n<link rel=\"canonical\" href=\"https:\/\/hoferhof.eu\/en\/impressum\/\" \/>\n<meta property=\"og:locale\" content=\"en_US\" \/>\n<meta property=\"og:type\" content=\"article\" \/>\n<meta property=\"og:title\" content=\"Impressum - Hofer Hof\" \/>\n<meta property=\"og:description\" content=\"[vc_row][vc_column width=&#8221;1\/3&#8243;][vc_column_text]Verantwortlich f\u00fcr den Inhalt: Pliger Anton &amp; Gabi &nbsp;Weinbergweg 10, Schrambach I-39040 Feldthurns Tel. +39 0472 855 329 CIN: IT021116B5S45VNDZG info@hoferhof.eu P.Iva 01166200210[\/vc_column_text][\/vc_column][vc_column width=&#8221;1\/3&#8243;][vc_column_text]Programmierung fritzmedia Domenikus Gruber Josef Bacherstrasse 11 39040 Feldthurns info@fritzmedia.it www.fritzmedia.it Tel.: +39 349 804 1131 P.IVA 02456790217[\/vc_column_text][\/vc_column][vc_column width=&#8221;1\/3&#8243;][vc_column_text]Konzept, Re-Design: Leitner Graphics der Leitner Annelies Josef-Telser-Strasse 2 39040 Feldthurns info@grafik.it www.grafik.it [&hellip;]\" \/>\n<meta property=\"og:url\" content=\"https:\/\/hoferhof.eu\/en\/impressum\/\" \/>\n<meta property=\"og:site_name\" content=\"Hofer Hof\" \/>\n<meta property=\"article:modified_time\" content=\"2024-09-06T07:42:46+00:00\" \/>\n<meta name=\"twitter:label1\" content=\"Est. reading time\" \/>\n\t<meta name=\"twitter:data1\" content=\"2 minutes\" \/>\n<script type=\"application\/ld+json\" class=\"yoast-schema-graph\">{\"@context\":\"https:\/\/schema.org\",\"@graph\":[{\"@type\":\"WebPage\",\"@id\":\"https:\/\/hoferhof.eu\/en\/impressum\/\",\"url\":\"https:\/\/hoferhof.eu\/en\/impressum\/\",\"name\":\"Impressum - Hofer Hof\",\"isPartOf\":{\"@id\":\"https:\/\/hoferhof.eu\/en\/#website\"},\"datePublished\":\"2014-12-15T17:34:01+00:00\",\"dateModified\":\"2024-09-06T07:42:46+00:00\",\"breadcrumb\":{\"@id\":\"https:\/\/hoferhof.eu\/en\/impressum\/#breadcrumb\"},\"inLanguage\":\"en-US\",\"potentialAction\":[{\"@type\":\"ReadAction\",\"target\":[\"https:\/\/hoferhof.eu\/en\/impressum\/\"]}]},{\"@type\":\"BreadcrumbList\",\"@id\":\"https:\/\/hoferhof.eu\/en\/impressum\/#breadcrumb\",\"itemListElement\":[{\"@type\":\"ListItem\",\"position\":1,\"name\":\"Home\",\"item\":\"https:\/\/hoferhof.eu\/en\/\"},{\"@type\":\"ListItem\",\"position\":2,\"name\":\"Impressum\"}]},{\"@type\":\"WebSite\",\"@id\":\"https:\/\/hoferhof.eu\/en\/#website\",\"url\":\"https:\/\/hoferhof.eu\/en\/\",\"name\":\"Hofer Hof\",\"description\":\"\",\"publisher\":{\"@id\":\"https:\/\/hoferhof.eu\/en\/#organization\"},\"potentialAction\":[{\"@type\":\"SearchAction\",\"target\":{\"@type\":\"EntryPoint\",\"urlTemplate\":\"https:\/\/hoferhof.eu\/en\/?s={search_term_string}\"},\"query-input\":{\"@type\":\"PropertyValueSpecification\",\"valueRequired\":true,\"valueName\":\"search_term_string\"}}],\"inLanguage\":\"en-US\"},{\"@type\":\"Organization\",\"@id\":\"https:\/\/hoferhof.eu\/en\/#organization\",\"name\":\"Hofer Hof\",\"url\":\"https:\/\/hoferhof.eu\/en\/\",\"logo\":{\"@type\":\"ImageObject\",\"inLanguage\":\"en-US\",\"@id\":\"https:\/\/hoferhof.eu\/en\/#\/schema\/logo\/image\/\",\"url\":\"https:\/\/hoferhof.eu\/wp-content\/uploads\/2026\/01\/mss_renderimg.jpg\",\"contentUrl\":\"https:\/\/hoferhof.eu\/wp-content\/uploads\/2026\/01\/mss_renderimg.jpg\",\"width\":1280,\"height\":719,\"caption\":\"Hofer Hof\"},\"image\":{\"@id\":\"https:\/\/hoferhof.eu\/en\/#\/schema\/logo\/image\/\"}}]}<\/script>\n<!-- \/ Yoast SEO plugin. -->","yoast_head_json":{"title":"Impressum - Hofer Hof","robots":{"index":"index","follow":"follow","max-snippet":"max-snippet:-1","max-image-preview":"max-image-preview:large","max-video-preview":"max-video-preview:-1"},"canonical":"https:\/\/hoferhof.eu\/en\/impressum\/","og_locale":"en_US","og_type":"article","og_title":"Impressum - Hofer Hof","og_description":"[vc_row][vc_column width=&#8221;1\/3&#8243;][vc_column_text]Verantwortlich f\u00fcr den Inhalt: Pliger Anton &amp; Gabi &nbsp;Weinbergweg 10, Schrambach I-39040 Feldthurns Tel. +39 0472 855 329 CIN: IT021116B5S45VNDZG info@hoferhof.eu P.Iva 01166200210[\/vc_column_text][\/vc_column][vc_column width=&#8221;1\/3&#8243;][vc_column_text]Programmierung fritzmedia Domenikus Gruber Josef Bacherstrasse 11 39040 Feldthurns info@fritzmedia.it www.fritzmedia.it Tel.: +39 349 804 1131 P.IVA 02456790217[\/vc_column_text][\/vc_column][vc_column width=&#8221;1\/3&#8243;][vc_column_text]Konzept, Re-Design: Leitner Graphics der Leitner Annelies Josef-Telser-Strasse 2 39040 Feldthurns info@grafik.it www.grafik.it [&hellip;]","og_url":"https:\/\/hoferhof.eu\/en\/impressum\/","og_site_name":"Hofer Hof","article_modified_time":"2024-09-06T07:42:46+00:00","twitter_misc":{"Est. reading time":"2 minutes"},"schema":{"@context":"https:\/\/schema.org","@graph":[{"@type":"WebPage","@id":"https:\/\/hoferhof.eu\/en\/impressum\/","url":"https:\/\/hoferhof.eu\/en\/impressum\/","name":"Impressum - Hofer Hof","isPartOf":{"@id":"https:\/\/hoferhof.eu\/en\/#website"},"datePublished":"2014-12-15T17:34:01+00:00","dateModified":"2024-09-06T07:42:46+00:00","breadcrumb":{"@id":"https:\/\/hoferhof.eu\/en\/impressum\/#breadcrumb"},"inLanguage":"en-US","potentialAction":[{"@type":"ReadAction","target":["https:\/\/hoferhof.eu\/en\/impressum\/"]}]},{"@type":"BreadcrumbList","@id":"https:\/\/hoferhof.eu\/en\/impressum\/#breadcrumb","itemListElement":[{"@type":"ListItem","position":1,"name":"Home","item":"https:\/\/hoferhof.eu\/en\/"},{"@type":"ListItem","position":2,"name":"Impressum"}]},{"@type":"WebSite","@id":"https:\/\/hoferhof.eu\/en\/#website","url":"https:\/\/hoferhof.eu\/en\/","name":"Hofer Hof","description":"","publisher":{"@id":"https:\/\/hoferhof.eu\/en\/#organization"},"potentialAction":[{"@type":"SearchAction","target":{"@type":"EntryPoint","urlTemplate":"https:\/\/hoferhof.eu\/en\/?s={search_term_string}"},"query-input":{"@type":"PropertyValueSpecification","valueRequired":true,"valueName":"search_term_string"}}],"inLanguage":"en-US"},{"@type":"Organization","@id":"https:\/\/hoferhof.eu\/en\/#organization","name":"Hofer Hof","url":"https:\/\/hoferhof.eu\/en\/","logo":{"@type":"ImageObject","inLanguage":"en-US","@id":"https:\/\/hoferhof.eu\/en\/#\/schema\/logo\/image\/","url":"https:\/\/hoferhof.eu\/wp-content\/uploads\/2026\/01\/mss_renderimg.jpg","contentUrl":"https:\/\/hoferhof.eu\/wp-content\/uploads\/2026\/01\/mss_renderimg.jpg","width":1280,"height":719,"caption":"Hofer Hof"},"image":{"@id":"https:\/\/hoferhof.eu\/en\/#\/schema\/logo\/image\/"}}]}},"_links":{"self":[{"href":"https:\/\/hoferhof.eu\/en\/wp-json\/wp\/v2\/pages\/521981","targetHints":{"allow":["GET"]}}],"collection":[{"href":"https:\/\/hoferhof.eu\/en\/wp-json\/wp\/v2\/pages"}],"about":[{"href":"https:\/\/hoferhof.eu\/en\/wp-json\/wp\/v2\/types\/page"}],"author":[{"embeddable":true,"href":"https:\/\/hoferhof.eu\/en\/wp-json\/wp\/v2\/users\/1"}],"replies":[{"embeddable":true,"href":"https:\/\/hoferhof.eu\/en\/wp-json\/wp\/v2\/comments?post=521981"}],"version-history":[{"count":3,"href":"https:\/\/hoferhof.eu\/en\/wp-json\/wp\/v2\/pages\/521981\/revisions"}],"predecessor-version":[{"id":652883,"href":"https:\/\/hoferhof.eu\/en\/wp-json\/wp\/v2\/pages\/521981\/revisions\/652883"}],"wp:attachment":[{"href":"https:\/\/hoferhof.eu\/en\/wp-json\/wp\/v2\/media?parent=521981"}],"curies":[{"name":"wp","href":"https:\/\/api.w.org\/{rel}","templated":true}]}}