{"id":1360,"date":"2014-12-15T17:41:40","date_gmt":"2014-12-15T17:41:40","guid":{"rendered":"http:\/\/hoferhof.eu\/beispiel-seite\/hofeigene-produkte\/"},"modified":"2015-02-05T09:47:08","modified_gmt":"2015-02-05T09:47:08","slug":"hofeigene-produkte","status":"publish","type":"page","link":"https:\/\/hoferhof.eu\/en\/beispiel-seite\/hofeigene-produkte\/","title":{"rendered":"Our products"},"content":{"rendered":"<div class=\"wpb-content-wrapper\"><p>[vc_row][vc_column width=&#8221;1\/1&#8243;][vc_column_text]<\/p>\n<h1>Our products<\/h1>\n<p>Our farm has orchards and vineyards. On the slopes, we grow grapes for various white wines, such as Sylvaner, Gew\u00fcrztraminer, M\u00fcller Thurgau, Kerner, Riesling, Rul\u00e4nder, but also red wines, such as Portugieser and Zweigelt.<br \/>\nAt lower elevations on our meadows and fields, you will find apple trees. We also cultivate various kinds: Golden Delicious, Gala, Granny, Fuji, Braeburn and Fiorina.<br \/>\nIn addition to our own wine you can also buy fresh seasonal fruit, vegetables, herbs and our own home-made juices.[\/vc_column_text][\/vc_column][\/vc_row][vc_row][vc_column width=&#8221;1\/1&#8243;][vc_column_text]<span><p>[vc_row][vc_column][vc_gallery type=\"image_grid\" images=\"437,413,419,434,422,428,431,440,1525,1510,498,119887\" img_size=\"190x160\"][\/vc_column][\/vc_row]<\/p>\n<\/span>[\/vc_column_text][\/vc_column][\/vc_row]<\/p>\n<\/div>","protected":false},"excerpt":{"rendered":"<p>[vc_row][vc_column width=&#8221;1\/1&#8243;][vc_column_text] Our products Our farm has orchards and vineyards. On the slopes, we grow grapes for various white wines, such as Sylvaner, Gew\u00fcrztraminer, M\u00fcller Thurgau, Kerner, Riesling, Rul\u00e4nder, but also red wines, such as Portugieser and Zweigelt. At lower elevations on our meadows and fields, you will find apple trees. We also cultivate various [&hellip;]<\/p>\n","protected":false},"author":1,"featured_media":458,"parent":1319,"menu_order":0,"comment_status":"open","ping_status":"open","template":"","meta":{"footnotes":""},"class_list":["post-1360","page","type-page","status-publish","has-post-thumbnail","hentry"],"yoast_head":"<!-- This site is optimized with the Yoast SEO plugin v25.1 - https:\/\/yoast.com\/wordpress\/plugins\/seo\/ -->\n<title>Our products - Hofer Hof<\/title>\n<meta name=\"robots\" content=\"index, follow, max-snippet:-1, max-image-preview:large, max-video-preview:-1\" \/>\n<link rel=\"canonical\" href=\"https:\/\/hoferhof.eu\/en\/beispiel-seite\/hofeigene-produkte\/\" \/>\n<meta property=\"og:locale\" content=\"en_US\" \/>\n<meta property=\"og:type\" content=\"article\" \/>\n<meta property=\"og:title\" content=\"Our products - Hofer Hof\" \/>\n<meta property=\"og:description\" content=\"[vc_row][vc_column width=&#8221;1\/1&#8243;][vc_column_text] Our products Our farm has orchards and vineyards. On the slopes, we grow grapes for various white wines, such as Sylvaner, Gew\u00fcrztraminer, M\u00fcller Thurgau, Kerner, Riesling, Rul\u00e4nder, but also red wines, such as Portugieser and Zweigelt. At lower elevations on our meadows and fields, you will find apple trees. We also cultivate various [&hellip;]\" \/>\n<meta property=\"og:url\" content=\"https:\/\/hoferhof.eu\/en\/beispiel-seite\/hofeigene-produkte\/\" \/>\n<meta property=\"og:site_name\" content=\"Hofer Hof\" \/>\n<meta property=\"article:modified_time\" content=\"2015-02-05T09:47:08+00:00\" \/>\n<meta property=\"og:image\" content=\"https:\/\/hoferhof.eu\/wp-content\/uploads\/2014\/12\/img_00491.jpg\" \/>\n\t<meta property=\"og:image:width\" content=\"1500\" \/>\n\t<meta property=\"og:image:height\" content=\"700\" \/>\n\t<meta property=\"og:image:type\" content=\"image\/jpeg\" \/>\n<meta name=\"twitter:label1\" content=\"Est. reading time\" \/>\n\t<meta name=\"twitter:data1\" content=\"1 minute\" \/>\n<script type=\"application\/ld+json\" class=\"yoast-schema-graph\">{\"@context\":\"https:\/\/schema.org\",\"@graph\":[{\"@type\":\"WebPage\",\"@id\":\"https:\/\/hoferhof.eu\/en\/beispiel-seite\/hofeigene-produkte\/\",\"url\":\"https:\/\/hoferhof.eu\/en\/beispiel-seite\/hofeigene-produkte\/\",\"name\":\"Our products - Hofer Hof\",\"isPartOf\":{\"@id\":\"https:\/\/hoferhof.eu\/en\/#website\"},\"primaryImageOfPage\":{\"@id\":\"https:\/\/hoferhof.eu\/en\/beispiel-seite\/hofeigene-produkte\/#primaryimage\"},\"image\":{\"@id\":\"https:\/\/hoferhof.eu\/en\/beispiel-seite\/hofeigene-produkte\/#primaryimage\"},\"thumbnailUrl\":\"https:\/\/hoferhof.eu\/wp-content\/uploads\/2014\/12\/img_00491.jpg\",\"datePublished\":\"2014-12-15T17:41:40+00:00\",\"dateModified\":\"2015-02-05T09:47:08+00:00\",\"breadcrumb\":{\"@id\":\"https:\/\/hoferhof.eu\/en\/beispiel-seite\/hofeigene-produkte\/#breadcrumb\"},\"inLanguage\":\"en-US\",\"potentialAction\":[{\"@type\":\"ReadAction\",\"target\":[\"https:\/\/hoferhof.eu\/en\/beispiel-seite\/hofeigene-produkte\/\"]}]},{\"@type\":\"ImageObject\",\"inLanguage\":\"en-US\",\"@id\":\"https:\/\/hoferhof.eu\/en\/beispiel-seite\/hofeigene-produkte\/#primaryimage\",\"url\":\"https:\/\/hoferhof.eu\/wp-content\/uploads\/2014\/12\/img_00491.jpg\",\"contentUrl\":\"https:\/\/hoferhof.eu\/wp-content\/uploads\/2014\/12\/img_00491.jpg\",\"width\":1500,\"height\":700},{\"@type\":\"BreadcrumbList\",\"@id\":\"https:\/\/hoferhof.eu\/en\/beispiel-seite\/hofeigene-produkte\/#breadcrumb\",\"itemListElement\":[{\"@type\":\"ListItem\",\"position\":1,\"name\":\"Home\",\"item\":\"https:\/\/hoferhof.eu\/en\/\"},{\"@type\":\"ListItem\",\"position\":2,\"name\":\"The Hofer Hof\",\"item\":\"https:\/\/hoferhof.eu\/en\/\"},{\"@type\":\"ListItem\",\"position\":3,\"name\":\"Our products\"}]},{\"@type\":\"WebSite\",\"@id\":\"https:\/\/hoferhof.eu\/en\/#website\",\"url\":\"https:\/\/hoferhof.eu\/en\/\",\"name\":\"Hofer Hof\",\"description\":\"\",\"publisher\":{\"@id\":\"https:\/\/hoferhof.eu\/en\/#organization\"},\"potentialAction\":[{\"@type\":\"SearchAction\",\"target\":{\"@type\":\"EntryPoint\",\"urlTemplate\":\"https:\/\/hoferhof.eu\/en\/?s={search_term_string}\"},\"query-input\":{\"@type\":\"PropertyValueSpecification\",\"valueRequired\":true,\"valueName\":\"search_term_string\"}}],\"inLanguage\":\"en-US\"},{\"@type\":\"Organization\",\"@id\":\"https:\/\/hoferhof.eu\/en\/#organization\",\"name\":\"Hofer Hof\",\"url\":\"https:\/\/hoferhof.eu\/en\/\",\"logo\":{\"@type\":\"ImageObject\",\"inLanguage\":\"en-US\",\"@id\":\"https:\/\/hoferhof.eu\/en\/#\/schema\/logo\/image\/\",\"url\":\"https:\/\/hoferhof.eu\/wp-content\/uploads\/2026\/01\/mss_renderimg.jpg\",\"contentUrl\":\"https:\/\/hoferhof.eu\/wp-content\/uploads\/2026\/01\/mss_renderimg.jpg\",\"width\":1280,\"height\":719,\"caption\":\"Hofer Hof\"},\"image\":{\"@id\":\"https:\/\/hoferhof.eu\/en\/#\/schema\/logo\/image\/\"}}]}<\/script>\n<!-- \/ Yoast SEO plugin. -->","yoast_head_json":{"title":"Our products - Hofer Hof","robots":{"index":"index","follow":"follow","max-snippet":"max-snippet:-1","max-image-preview":"max-image-preview:large","max-video-preview":"max-video-preview:-1"},"canonical":"https:\/\/hoferhof.eu\/en\/beispiel-seite\/hofeigene-produkte\/","og_locale":"en_US","og_type":"article","og_title":"Our products - Hofer Hof","og_description":"[vc_row][vc_column width=&#8221;1\/1&#8243;][vc_column_text] Our products Our farm has orchards and vineyards. On the slopes, we grow grapes for various white wines, such as Sylvaner, Gew\u00fcrztraminer, M\u00fcller Thurgau, Kerner, Riesling, Rul\u00e4nder, but also red wines, such as Portugieser and Zweigelt. At lower elevations on our meadows and fields, you will find apple trees. We also cultivate various [&hellip;]","og_url":"https:\/\/hoferhof.eu\/en\/beispiel-seite\/hofeigene-produkte\/","og_site_name":"Hofer Hof","article_modified_time":"2015-02-05T09:47:08+00:00","og_image":[{"width":1500,"height":700,"url":"https:\/\/hoferhof.eu\/wp-content\/uploads\/2014\/12\/img_00491.jpg","type":"image\/jpeg"}],"twitter_misc":{"Est. reading time":"1 minute"},"schema":{"@context":"https:\/\/schema.org","@graph":[{"@type":"WebPage","@id":"https:\/\/hoferhof.eu\/en\/beispiel-seite\/hofeigene-produkte\/","url":"https:\/\/hoferhof.eu\/en\/beispiel-seite\/hofeigene-produkte\/","name":"Our products - Hofer Hof","isPartOf":{"@id":"https:\/\/hoferhof.eu\/en\/#website"},"primaryImageOfPage":{"@id":"https:\/\/hoferhof.eu\/en\/beispiel-seite\/hofeigene-produkte\/#primaryimage"},"image":{"@id":"https:\/\/hoferhof.eu\/en\/beispiel-seite\/hofeigene-produkte\/#primaryimage"},"thumbnailUrl":"https:\/\/hoferhof.eu\/wp-content\/uploads\/2014\/12\/img_00491.jpg","datePublished":"2014-12-15T17:41:40+00:00","dateModified":"2015-02-05T09:47:08+00:00","breadcrumb":{"@id":"https:\/\/hoferhof.eu\/en\/beispiel-seite\/hofeigene-produkte\/#breadcrumb"},"inLanguage":"en-US","potentialAction":[{"@type":"ReadAction","target":["https:\/\/hoferhof.eu\/en\/beispiel-seite\/hofeigene-produkte\/"]}]},{"@type":"ImageObject","inLanguage":"en-US","@id":"https:\/\/hoferhof.eu\/en\/beispiel-seite\/hofeigene-produkte\/#primaryimage","url":"https:\/\/hoferhof.eu\/wp-content\/uploads\/2014\/12\/img_00491.jpg","contentUrl":"https:\/\/hoferhof.eu\/wp-content\/uploads\/2014\/12\/img_00491.jpg","width":1500,"height":700},{"@type":"BreadcrumbList","@id":"https:\/\/hoferhof.eu\/en\/beispiel-seite\/hofeigene-produkte\/#breadcrumb","itemListElement":[{"@type":"ListItem","position":1,"name":"Home","item":"https:\/\/hoferhof.eu\/en\/"},{"@type":"ListItem","position":2,"name":"The Hofer Hof","item":"https:\/\/hoferhof.eu\/en\/"},{"@type":"ListItem","position":3,"name":"Our products"}]},{"@type":"WebSite","@id":"https:\/\/hoferhof.eu\/en\/#website","url":"https:\/\/hoferhof.eu\/en\/","name":"Hofer Hof","description":"","publisher":{"@id":"https:\/\/hoferhof.eu\/en\/#organization"},"potentialAction":[{"@type":"SearchAction","target":{"@type":"EntryPoint","urlTemplate":"https:\/\/hoferhof.eu\/en\/?s={search_term_string}"},"query-input":{"@type":"PropertyValueSpecification","valueRequired":true,"valueName":"search_term_string"}}],"inLanguage":"en-US"},{"@type":"Organization","@id":"https:\/\/hoferhof.eu\/en\/#organization","name":"Hofer Hof","url":"https:\/\/hoferhof.eu\/en\/","logo":{"@type":"ImageObject","inLanguage":"en-US","@id":"https:\/\/hoferhof.eu\/en\/#\/schema\/logo\/image\/","url":"https:\/\/hoferhof.eu\/wp-content\/uploads\/2026\/01\/mss_renderimg.jpg","contentUrl":"https:\/\/hoferhof.eu\/wp-content\/uploads\/2026\/01\/mss_renderimg.jpg","width":1280,"height":719,"caption":"Hofer Hof"},"image":{"@id":"https:\/\/hoferhof.eu\/en\/#\/schema\/logo\/image\/"}}]}},"_links":{"self":[{"href":"https:\/\/hoferhof.eu\/en\/wp-json\/wp\/v2\/pages\/1360","targetHints":{"allow":["GET"]}}],"collection":[{"href":"https:\/\/hoferhof.eu\/en\/wp-json\/wp\/v2\/pages"}],"about":[{"href":"https:\/\/hoferhof.eu\/en\/wp-json\/wp\/v2\/types\/page"}],"author":[{"embeddable":true,"href":"https:\/\/hoferhof.eu\/en\/wp-json\/wp\/v2\/users\/1"}],"replies":[{"embeddable":true,"href":"https:\/\/hoferhof.eu\/en\/wp-json\/wp\/v2\/comments?post=1360"}],"version-history":[{"count":2,"href":"https:\/\/hoferhof.eu\/en\/wp-json\/wp\/v2\/pages\/1360\/revisions"}],"predecessor-version":[{"id":1369,"href":"https:\/\/hoferhof.eu\/en\/wp-json\/wp\/v2\/pages\/1360\/revisions\/1369"}],"up":[{"embeddable":true,"href":"https:\/\/hoferhof.eu\/en\/wp-json\/wp\/v2\/pages\/1319"}],"wp:featuredmedia":[{"embeddable":true,"href":"https:\/\/hoferhof.eu\/en\/wp-json\/wp\/v2\/media\/458"}],"wp:attachment":[{"href":"https:\/\/hoferhof.eu\/en\/wp-json\/wp\/v2\/media?parent=1360"}],"curies":[{"name":"wp","href":"https:\/\/api.w.org\/{rel}","templated":true}]}}